{"id":3907,"date":"2018-08-01T15:21:44","date_gmt":"2018-08-01T15:21:44","guid":{"rendered":"http:\/\/trenaferragens1.hospedagemdesites.ws\/produto\/import-placeholder-for-5088\/"},"modified":"2018-08-01T15:22:05","modified_gmt":"2018-08-01T15:22:05","slug":"bucha-de-reducao-roscavel","status":"publish","type":"product","link":"https:\/\/trenaferragens.com.br\/?product=bucha-de-reducao-roscavel","title":{"rendered":"Bucha de Redu\u00e7\u00e3o Rosc\u00e1vel"},"content":{"rendered":"<p>Bucha de Redu\u00e7\u00e3o Rosc\u00e1vel<\/p>\n<p>A Tigre Tubos e Conex\u00f5es oferta solu\u00e7\u00f5es recheadas de inova\u00e7\u00e3o e qualidade. A empresa possui linhas para os segmentos Predial, Industrial, Infraestrutura e Irriga\u00e7\u00e3o. S\u00e3o linhas completas, com produtos de excelente durabilidade, que garantem total tranquilidade na hora de construir ou reformar.<\/p>\n","protected":false},"excerpt":{"rendered":"<p>Bucha de Redu\u00e7\u00e3o Rosc\u00e1vel<\/p>\n<p>DISPON\u00cdVEL NOS TAMANHOS:<\/p>\n<p>Bucha de Redu\u00e7\u00e3o Rosc\u00e1vel &#8211; 3\/4X1\/2<\/p>\n<p>Bucha de Redu\u00e7\u00e3o Rosc\u00e1vel &#8211; 1X1\/2<\/p>\n<p>Bucha de Redu\u00e7\u00e3o Rosc\u00e1vel &#8211; 1X3\/4<\/p>\n<p>Bucha de Redu\u00e7\u00e3o Rosc\u00e1vel &#8211; 11\/4X1<\/p>\n<p>Bucha de Redu\u00e7\u00e3o Rosc\u00e1vel &#8211; 11\/4X3\/4<\/p>\n<p>Bucha de Redu\u00e7\u00e3o Rosc\u00e1vel &#8211; 11\/2X1<\/p>\n<p>Bucha de Redu\u00e7\u00e3o Rosc\u00e1vel &#8211; 11\/2X11\/4<\/p>\n<p>Bucha de Redu\u00e7\u00e3o Rosc\u00e1vel &#8211; 11\/2X3\/4<\/p>\n<p>Bucha de Redu\u00e7\u00e3o Rosc\u00e1vel &#8211; 2X11\/2<\/p>\n<p>Bucha de Redu\u00e7\u00e3o Rosc\u00e1vel &#8211; 2X11\/4<\/p>\n<p>Bucha de Redu\u00e7\u00e3o Rosc\u00e1vel &#8211; 21\/2X11\/2<\/p>\n<p>Bucha de Redu\u00e7\u00e3o Rosc\u00e1vel &#8211; 21\/2X2<\/p>\n","protected":false},"featured_media":792,"comment_status":"open","ping_status":"closed","template":"","meta":[],"product_cat":[168,300],"product_tag":[472],"_links":{"self":[{"href":"https:\/\/trenaferragens.com.br\/index.php?rest_route=\/wp\/v2\/product\/3907"}],"collection":[{"href":"https:\/\/trenaferragens.com.br\/index.php?rest_route=\/wp\/v2\/product"}],"about":[{"href":"https:\/\/trenaferragens.com.br\/index.php?rest_route=\/wp\/v2\/types\/product"}],"replies":[{"embeddable":true,"href":"https:\/\/trenaferragens.com.br\/index.php?rest_route=%2Fwp%2Fv2%2Fcomments&post=3907"}],"wp:featuredmedia":[{"embeddable":true,"href":"https:\/\/trenaferragens.com.br\/index.php?rest_route=\/wp\/v2\/media\/792"}],"wp:attachment":[{"href":"https:\/\/trenaferragens.com.br\/index.php?rest_route=%2Fwp%2Fv2%2Fmedia&parent=3907"}],"wp:term":[{"taxonomy":"product_cat","embeddable":true,"href":"https:\/\/trenaferragens.com.br\/index.php?rest_route=%2Fwp%2Fv2%2Fproduct_cat&post=3907"},{"taxonomy":"product_tag","embeddable":true,"href":"https:\/\/trenaferragens.com.br\/index.php?rest_route=%2Fwp%2Fv2%2Fproduct_tag&post=3907"}],"curies":[{"name":"wp","href":"https:\/\/api.w.org\/{rel}","templated":true}]}}