{"id":3908,"date":"2018-08-01T15:21:45","date_gmt":"2018-08-01T15:21:45","guid":{"rendered":"http:\/\/trenaferragens1.hospedagemdesites.ws\/produto\/import-placeholder-for-5090\/"},"modified":"2022-08-02T15:06:07","modified_gmt":"2022-08-02T15:06:07","slug":"cap-roscavel","status":"publish","type":"product","link":"https:\/\/trenaferragens.com.br\/?product=cap-roscavel","title":{"rendered":"CAP &#8211; Rosc\u00e1vel"},"content":{"rendered":"<p>CAP &#8211; Rosc\u00e1vel<\/p>\n<p>A Tigre Tubos e Conex\u00f5es oferta solu\u00e7\u00f5es recheadas de inova\u00e7\u00e3o e qualidade. A empresa possui linhas para os segmentos Predial, Industrial, Infraestrutura e Irriga\u00e7\u00e3o. S\u00e3o linhas completas, com produtos de excelente durabilidade, que garantem total tranquilidade na hora de construir ou reformar.<\/p>\n","protected":false},"excerpt":{"rendered":"<p>CAP &#8211; Rosc\u00e1vel<\/p>\n<p>DISPON\u00cdVEL NOS TAMANHOS:<\/p>\n<p>CAP &#8211; Rosc\u00e1vel &#8211; 1\/2<\/p>\n<p>CAP &#8211; Rosc\u00e1vel &#8211; 3\/4<\/p>\n<p>CAP &#8211; Rosc\u00e1vel &#8211; 1<\/p>\n<p>CAP &#8211; Rosc\u00e1vel &#8211; 11\/4<\/p>\n<p>CAP &#8211; Rosc\u00e1vel &#8211; 11\/2<\/p>\n<p>CAP &#8211; Rosc\u00e1vel &#8211; 2<\/p>\n<p>CAP &#8211; Rosc\u00e1vel &#8211; 21\/2<\/p>\n<p>CAP &#8211; Rosc\u00e1vel &#8211; 3<\/p>\n<p>&nbsp;<\/p>\n<p>&nbsp;<\/p>\n","protected":false},"featured_media":793,"comment_status":"open","ping_status":"closed","template":"","meta":[],"product_cat":[168,300],"product_tag":[473],"_links":{"self":[{"href":"https:\/\/trenaferragens.com.br\/index.php?rest_route=\/wp\/v2\/product\/3908"}],"collection":[{"href":"https:\/\/trenaferragens.com.br\/index.php?rest_route=\/wp\/v2\/product"}],"about":[{"href":"https:\/\/trenaferragens.com.br\/index.php?rest_route=\/wp\/v2\/types\/product"}],"replies":[{"embeddable":true,"href":"https:\/\/trenaferragens.com.br\/index.php?rest_route=%2Fwp%2Fv2%2Fcomments&post=3908"}],"wp:featuredmedia":[{"embeddable":true,"href":"https:\/\/trenaferragens.com.br\/index.php?rest_route=\/wp\/v2\/media\/793"}],"wp:attachment":[{"href":"https:\/\/trenaferragens.com.br\/index.php?rest_route=%2Fwp%2Fv2%2Fmedia&parent=3908"}],"wp:term":[{"taxonomy":"product_cat","embeddable":true,"href":"https:\/\/trenaferragens.com.br\/index.php?rest_route=%2Fwp%2Fv2%2Fproduct_cat&post=3908"},{"taxonomy":"product_tag","embeddable":true,"href":"https:\/\/trenaferragens.com.br\/index.php?rest_route=%2Fwp%2Fv2%2Fproduct_tag&post=3908"}],"curies":[{"name":"wp","href":"https:\/\/api.w.org\/{rel}","templated":true}]}}