{"id":3927,"date":"2018-08-01T15:21:57","date_gmt":"2018-08-01T15:21:57","guid":{"rendered":"http:\/\/trenaferragens1.hospedagemdesites.ws\/produto\/import-placeholder-for-5130\/"},"modified":"2018-08-01T15:22:43","modified_gmt":"2018-08-01T15:22:43","slug":"uniao-roscavel","status":"publish","type":"product","link":"https:\/\/trenaferragens.com.br\/?product=uniao-roscavel","title":{"rendered":"Uni\u00e3o Rosc\u00e1vel"},"content":{"rendered":"<p>Uni\u00e3o Rosc\u00e1vel<\/p>\n<p>A Tigre Tubos e Conex\u00f5es oferta solu\u00e7\u00f5es recheadas de inova\u00e7\u00e3o e qualidade. A empresa possui linhas para os segmentos Predial, Industrial, Infraestrutura e Irriga\u00e7\u00e3o. S\u00e3o linhas completas, com produtos de excelente durabilidade, que garantem total tranquilidade na hora de construir ou reformar.<\/p>\n","protected":false},"excerpt":{"rendered":"<p>Uni\u00e3o Rosc\u00e1vel<\/p>\n<p>DISPON\u00cdVEL NOS TAMANHOS:<\/p>\n<p>Uni\u00e3o Rosc\u00e1vel &#8211; 1\/2<\/p>\n<p>Uni\u00e3o Rosc\u00e1vel &#8211; 3\/4<\/p>\n<p>Uni\u00e3o Rosc\u00e1vel &#8211; 1<\/p>\n<p>Uni\u00e3o Rosc\u00e1vel &#8211; 1.1\/4<\/p>\n<p>Uni\u00e3o Rosc\u00e1vel &#8211; 1.1\/2<\/p>\n<p>Uni\u00e3o Rosc\u00e1vel \u00a0&#8211; 2<\/p>\n<p>Uni\u00e3o Rosc\u00e1vel &#8211; 3<\/p>\n","protected":false},"featured_media":830,"comment_status":"open","ping_status":"closed","template":"","meta":[],"product_cat":[300,186],"product_tag":[492],"_links":{"self":[{"href":"https:\/\/trenaferragens.com.br\/index.php?rest_route=\/wp\/v2\/product\/3927"}],"collection":[{"href":"https:\/\/trenaferragens.com.br\/index.php?rest_route=\/wp\/v2\/product"}],"about":[{"href":"https:\/\/trenaferragens.com.br\/index.php?rest_route=\/wp\/v2\/types\/product"}],"replies":[{"embeddable":true,"href":"https:\/\/trenaferragens.com.br\/index.php?rest_route=%2Fwp%2Fv2%2Fcomments&post=3927"}],"wp:featuredmedia":[{"embeddable":true,"href":"https:\/\/trenaferragens.com.br\/index.php?rest_route=\/wp\/v2\/media\/830"}],"wp:attachment":[{"href":"https:\/\/trenaferragens.com.br\/index.php?rest_route=%2Fwp%2Fv2%2Fmedia&parent=3927"}],"wp:term":[{"taxonomy":"product_cat","embeddable":true,"href":"https:\/\/trenaferragens.com.br\/index.php?rest_route=%2Fwp%2Fv2%2Fproduct_cat&post=3927"},{"taxonomy":"product_tag","embeddable":true,"href":"https:\/\/trenaferragens.com.br\/index.php?rest_route=%2Fwp%2Fv2%2Fproduct_tag&post=3927"}],"curies":[{"name":"wp","href":"https:\/\/api.w.org\/{rel}","templated":true}]}}