{"id":3929,"date":"2018-08-01T15:21:59","date_gmt":"2018-08-01T15:21:59","guid":{"rendered":"http:\/\/trenaferragens1.hospedagemdesites.ws\/produto\/import-placeholder-for-5134\/"},"modified":"2018-08-01T15:22:45","modified_gmt":"2018-08-01T15:22:45","slug":"registro-gaveta-bruto-deca-1510","status":"publish","type":"product","link":"https:\/\/trenaferragens.com.br\/?product=registro-gaveta-bruto-deca-1510","title":{"rendered":"Registro Gaveta Bruto Deca &#8211; 1510"},"content":{"rendered":"<p>Registro Gaveta Bruto Deca &#8211; 1510<\/p>\n<h3>DECA<\/h3>\n<p>Design, qualidade e inova\u00e7\u00e3o sempre foram conceitos que diferenciaram a Deca ao longo de sua hist\u00f3ria. S\u00e3o eles que fazem da empresa a maior fabricante de lou\u00e7as e metais sanit\u00e1rios do Hemisf\u00e9rio Sul e l\u00edder no mercado brasileiro, al\u00e9m de exportadora para os quatro continentes. Investindo constantemente em pesquisa e desenvolvimento tecnol\u00f3gico, a Deca se preocupa em oferecer produtos e solu\u00e7\u00f5es para clientes e consumidores, sempre buscando a excel\u00eancia em servi\u00e7os e uma gest\u00e3o sustent\u00e1vel.<\/p>\n","protected":false},"excerpt":{"rendered":"<p>Registro Gaveta Bruto Deca &#8211; 1510<\/p>\n<p>DISPON\u00cdVEL NOS TAMANHOS:<\/p>\n<p>Registro Gaveta Bruto Deca &#8211; 1510 1\/2<\/p>\n<p>Registro Gaveta Bruto Deca &#8211; 1510 3\/4<\/p>\n<p>Registro Gaveta Bruto Deca &#8211; 1510 1<\/p>\n<p>Registro Gaveta Bruto Deca &#8211; 1510 11\/4<\/p>\n<p>Registro Gaveta Bruto Deca &#8211; 1510 11\/2<\/p>\n<p>Registro Gaveta Bruto Deca &#8211; 1510 2<\/p>\n<p>Registro Gaveta Bruto Deca &#8211; 1510 21\/2<\/p>\n<p>Registro Gaveta Bruto Deca &#8211; 1510 3<\/p>\n<p>Registro Gaveta Bruto Deca &#8211; 1510 4<\/p>\n","protected":false},"featured_media":832,"comment_status":"open","ping_status":"closed","template":"","meta":[],"product_cat":[312,168],"product_tag":[494],"_links":{"self":[{"href":"https:\/\/trenaferragens.com.br\/index.php?rest_route=\/wp\/v2\/product\/3929"}],"collection":[{"href":"https:\/\/trenaferragens.com.br\/index.php?rest_route=\/wp\/v2\/product"}],"about":[{"href":"https:\/\/trenaferragens.com.br\/index.php?rest_route=\/wp\/v2\/types\/product"}],"replies":[{"embeddable":true,"href":"https:\/\/trenaferragens.com.br\/index.php?rest_route=%2Fwp%2Fv2%2Fcomments&post=3929"}],"wp:featuredmedia":[{"embeddable":true,"href":"https:\/\/trenaferragens.com.br\/index.php?rest_route=\/wp\/v2\/media\/832"}],"wp:attachment":[{"href":"https:\/\/trenaferragens.com.br\/index.php?rest_route=%2Fwp%2Fv2%2Fmedia&parent=3929"}],"wp:term":[{"taxonomy":"product_cat","embeddable":true,"href":"https:\/\/trenaferragens.com.br\/index.php?rest_route=%2Fwp%2Fv2%2Fproduct_cat&post=3929"},{"taxonomy":"product_tag","embeddable":true,"href":"https:\/\/trenaferragens.com.br\/index.php?rest_route=%2Fwp%2Fv2%2Fproduct_tag&post=3929"}],"curies":[{"name":"wp","href":"https:\/\/api.w.org\/{rel}","templated":true}]}}