{"id":3947,"date":"2018-08-01T15:22:30","date_gmt":"2018-08-01T15:22:30","guid":{"rendered":"http:\/\/trenaferragens1.hospedagemdesites.ws\/produto\/import-placeholder-for-5155\/"},"modified":"2018-08-01T15:22:54","modified_gmt":"2018-08-01T15:22:54","slug":"valvula-retencao-horizontal","status":"publish","type":"product","link":"https:\/\/trenaferragens.com.br\/?product=valvula-retencao-horizontal","title":{"rendered":"V\u00e1lvula Reten\u00e7\u00e3o Horizontal"},"content":{"rendered":"<p>V\u00e1lvula Reten\u00e7\u00e3o Horizontal<\/p>\n<p>A V\u00e1lvula de Reten\u00e7\u00e3o Horizontal foi desenvolvida para reten\u00e7\u00e3o de fluido em refluxo de tubula\u00e7\u00f5es horizontais. Possui resist\u00eancia mec\u00e2nica para rigidez, desgaste e fadiga ocasionados durante o uso. Passagem plena da \u00e1gua, ocasionando m\u00ednima perda de carga.<\/p>\n<p>Pode ser utilizada em redes de distribui\u00e7\u00e3o de \u00e1gua e sistemas de capta\u00e7\u00e3o de \u00e1gua (recalque).<\/p>\n<p>Rosca de acordo com a NBR 6414 (ISO R7\/1).<\/p>\n","protected":false},"excerpt":{"rendered":"<p>V\u00e1lvula Reten\u00e7\u00e3o Horizontal<\/p>\n<p>DISPON\u00cdVEL NOS TAMANHOS:<\/p>\n<p>V\u00e1lvula Reten\u00e7\u00e3o Horizontal &#8211; 3\/4<\/p>\n<p>V\u00e1lvula Reten\u00e7\u00e3o Horizontal &#8211; 1<\/p>\n<p>V\u00e1lvula Reten\u00e7\u00e3o Horizontal &#8211; 1.1\/2<\/p>\n<p>V\u00e1lvula Reten\u00e7\u00e3o Horizontal &#8211; 1.1\/4<\/p>\n<p>V\u00e1lvula Reten\u00e7\u00e3o Horizontal &#8211; 2<\/p>\n<p>V\u00e1lvula Reten\u00e7\u00e3o Horizontal &#8211; 2.1\/2<\/p>\n<p>V\u00e1lvula Reten\u00e7\u00e3o Horizontal &#8211; 3<\/p>\n<p>&nbsp;<\/p>\n<ul>\n<li>Aplica\u00e7\u00e3o: rede de distribui\u00e7\u00e3o de \u00e1gua e sistema de capta\u00e7\u00e3o de \u00e1gua (recalque).<\/li>\n<li>Rosca NBR 6414 (ISO R7\/1).<\/li>\n<li>Passagem plena, ocasionando m\u00ednima perda de carga.<\/li>\n<li>Resist\u00eancia mec\u00e2nica para rigidez, desgaste e fadiga ocasionados durante o uso.<\/li>\n<li>Desenvolvida para reten\u00e7\u00e3o de fluido em refluxo de tubula\u00e7\u00f5es horizontais.<\/li>\n<li>Bitola de: 3\/4, 1, 1.1\/2, 1.1\/4, 2, 2.1\/2, 3&#8243;<\/li>\n<li>Press\u00e3o m\u00e1xima de uso recomendada:<br \/>\n\u2013 vapor saturado: 9 kgf\/cm\u00b2 (125 psi)<br \/>\n\u2013 \u00f3leos, l\u00edquidos n\u00e3o corrosivos e \u00e1gua: 14 kgf\/cm\u00b2 (199 psi).<\/li>\n<li>Temperatura m\u00e1xima da \u00e1gua: 200\u00b0C<\/li>\n<li>Garantia Toda Vida: qualidade e seguran\u00e7a por tempo indeterminado. Para mais informa\u00e7\u00f5es, acesse\u00a0<a href=\"http:\/\/www.docol.com.br\/pt\/garantia\">http:\/\/www.docol.com.br\/pt\/garantia<\/a><\/li>\n<\/ul>\n","protected":false},"featured_media":862,"comment_status":"open","ping_status":"closed","template":"","meta":[],"product_cat":[304,168],"product_tag":[503],"_links":{"self":[{"href":"https:\/\/trenaferragens.com.br\/index.php?rest_route=\/wp\/v2\/product\/3947"}],"collection":[{"href":"https:\/\/trenaferragens.com.br\/index.php?rest_route=\/wp\/v2\/product"}],"about":[{"href":"https:\/\/trenaferragens.com.br\/index.php?rest_route=\/wp\/v2\/types\/product"}],"replies":[{"embeddable":true,"href":"https:\/\/trenaferragens.com.br\/index.php?rest_route=%2Fwp%2Fv2%2Fcomments&post=3947"}],"wp:featuredmedia":[{"embeddable":true,"href":"https:\/\/trenaferragens.com.br\/index.php?rest_route=\/wp\/v2\/media\/862"}],"wp:attachment":[{"href":"https:\/\/trenaferragens.com.br\/index.php?rest_route=%2Fwp%2Fv2%2Fmedia&parent=3947"}],"wp:term":[{"taxonomy":"product_cat","embeddable":true,"href":"https:\/\/trenaferragens.com.br\/index.php?rest_route=%2Fwp%2Fv2%2Fproduct_cat&post=3947"},{"taxonomy":"product_tag","embeddable":true,"href":"https:\/\/trenaferragens.com.br\/index.php?rest_route=%2Fwp%2Fv2%2Fproduct_tag&post=3947"}],"curies":[{"name":"wp","href":"https:\/\/api.w.org\/{rel}","templated":true}]}}