{"id":3948,"date":"2018-08-01T15:22:31","date_gmt":"2018-08-01T15:22:31","guid":{"rendered":"http:\/\/trenaferragens1.hospedagemdesites.ws\/produto\/import-placeholder-for-5157\/"},"modified":"2018-08-01T15:22:55","modified_gmt":"2018-08-01T15:22:55","slug":"valvula-retencao-vertical","status":"publish","type":"product","link":"https:\/\/trenaferragens.com.br\/?product=valvula-retencao-vertical","title":{"rendered":"V\u00e1lvula Reten\u00e7\u00e3o Vertical"},"content":{"rendered":"<p>V\u00e1lvula Reten\u00e7\u00e3o Vertical<\/p>\n<p>A V\u00e1lvula de Reten\u00e7\u00e3o Vertical possui sistema de veda\u00e7\u00e3o em borracha nitr\u00edlica que proporciona veda\u00e7\u00e3o perfeita com durabilidade m\u00e9dia de abertura e fechamento superior a 30 mil vezes. Apresenta esist\u00eancia mec\u00e2nica para rigidez, desgaste e fadiga.<br \/>\nPode ser usado em po\u00e7os artesianos, redes de distribui\u00e7\u00e3o de \u00e1gua e sistema de capta\u00e7\u00e3o de \u00e1gua (recalque). Rosca de acordo com a NBR 6414 (ISO R7\/1).<\/p>\n","protected":false},"excerpt":{"rendered":"<p>V\u00e1lvula Reten\u00e7\u00e3o Vertical<\/p>\n<p>DISPON\u00cdVEL NOS TAMANHOS:<\/p>\n<p>V\u00e1lvula Reten\u00e7\u00e3o Vertical &#8211; 3\/4<\/p>\n<p>V\u00e1lvula Reten\u00e7\u00e3o Vertical &#8211; 1<\/p>\n<p>V\u00e1lvula Reten\u00e7\u00e3o Vertical &#8211; 1.1\/2<\/p>\n<p>V\u00e1lvula Reten\u00e7\u00e3o Vertical &#8211; 1.1\/4<\/p>\n<p>V\u00e1lvula Reten\u00e7\u00e3o Vertical &#8211; 2<\/p>\n<p>V\u00e1lvula Reten\u00e7\u00e3o Vertical &#8211; 2.1\/2<\/p>\n<p>V\u00e1lvula Reten\u00e7\u00e3o Vertical &#8211; 3<\/p>\n<p>V\u00e1lvula Reten\u00e7\u00e3o Vertical &#8211; 4<\/p>\n<p>&nbsp;<\/p>\n<p>Desenvolvida para reten\u00e7\u00e3o de fluido em refluxo de tubula\u00e7\u00f5es verticais.<\/p>\n<p>Sistema de veda\u00e7\u00e3o em borracha nitr\u00edlica: proporciona veda\u00e7\u00e3o perfeita com durabilidade m\u00e9dia de abertura e fechamento superior a 30 mil vezes.<\/p>\n<p>Resist\u00eancia mec\u00e2nica para rigidez, desgaste e fadiga.<\/p>\n<p>Aplica\u00e7\u00e3o: po\u00e7o artesiano, rede de distribui\u00e7\u00e3o de \u00e1gua e sistema de capta\u00e7\u00e3o de \u00e1gua (recalque).<\/p>\n<p>Rosca NBR 6414 (ISO R7\/1).<\/p>\n<p>Bitola de: 3\/4, 1, 1.1\/2, 1.1\/4, 2, 2.1\/2, 3, 4&#8243;<\/p>\n<p>Press\u00e3o m\u00e1xima de uso recomendada: 4 kgf\/cm\u00b2 (57 psi).<\/p>\n<p>Temperatura m\u00e1xima da \u00e1gua: 70\u00b0C<\/p>\n<p>Garantia Toda Vida: qualidade e seguran\u00e7a por tempo indeterminado. Para mais informa\u00e7\u00f5es, acesse <a href=\"http:\/\/www.docol.com.br\/pt\/garantia\">http:\/\/www.docol.com.br\/pt\/garantia<\/a><\/p>\n","protected":false},"featured_media":863,"comment_status":"open","ping_status":"closed","template":"","meta":[],"product_cat":[304,168],"product_tag":[504],"_links":{"self":[{"href":"https:\/\/trenaferragens.com.br\/index.php?rest_route=\/wp\/v2\/product\/3948"}],"collection":[{"href":"https:\/\/trenaferragens.com.br\/index.php?rest_route=\/wp\/v2\/product"}],"about":[{"href":"https:\/\/trenaferragens.com.br\/index.php?rest_route=\/wp\/v2\/types\/product"}],"replies":[{"embeddable":true,"href":"https:\/\/trenaferragens.com.br\/index.php?rest_route=%2Fwp%2Fv2%2Fcomments&post=3948"}],"wp:featuredmedia":[{"embeddable":true,"href":"https:\/\/trenaferragens.com.br\/index.php?rest_route=\/wp\/v2\/media\/863"}],"wp:attachment":[{"href":"https:\/\/trenaferragens.com.br\/index.php?rest_route=%2Fwp%2Fv2%2Fmedia&parent=3948"}],"wp:term":[{"taxonomy":"product_cat","embeddable":true,"href":"https:\/\/trenaferragens.com.br\/index.php?rest_route=%2Fwp%2Fv2%2Fproduct_cat&post=3948"},{"taxonomy":"product_tag","embeddable":true,"href":"https:\/\/trenaferragens.com.br\/index.php?rest_route=%2Fwp%2Fv2%2Fproduct_tag&post=3948"}],"curies":[{"name":"wp","href":"https:\/\/api.w.org\/{rel}","templated":true}]}}