{"id":3951,"date":"2018-08-01T15:22:34","date_gmt":"2018-08-01T15:22:34","guid":{"rendered":"http:\/\/trenaferragens1.hospedagemdesites.ws\/produto\/import-placeholder-for-5165\/"},"modified":"2018-08-01T15:22:57","modified_gmt":"2018-08-01T15:22:57","slug":"dispensador-sabonete-liquido-de-mesa-p-lavatorio-cozinha-chrome","status":"publish","type":"product","link":"https:\/\/trenaferragens.com.br\/?product=dispensador-sabonete-liquido-de-mesa-p-lavatorio-cozinha-chrome","title":{"rendered":"Dispensador Sabonete L\u00edquido de Mesa P\/Lavat\u00f3rio-Cozinha &#8211; CHROME"},"content":{"rendered":"<p>Dispensador Sabonete L\u00edquido de Mesa P\/Lavat\u00f3rio-Cozinha &#8211; CHROME<\/p>\n<p>O Dispensador para Sabonete\/Detergente Pressmatic \u00e9 ideal para uso de detergente ou sabonete l\u00edquido, em cozinhas ou banheiros, proporcionando maior higiene. Quando pressionado, fornece a quantidade ideal (aproximadamente 1 ml) de detergente ou sabonete l\u00edquido para a lavagem das m\u00e3os.<\/p>\n<p>Possui f\u00e1cil abastecimento por cima, retirando o cartucho; ou por baixo, retirando o reservat\u00f3rio. Seu reservat\u00f3rio tem capacidade para um litro de detergente ou sabonete l\u00edquido. \u00c9 fabricado com acabamento cromado bin\u00edquel de alta durabilidade e maior resist\u00eancia \u00e0 corros\u00e3o, conservando a beleza do produto por muito mais tempo.<\/p>\n","protected":false},"excerpt":{"rendered":"<p>Dispensador Sabonete L\u00edquido de Mesa P\/Lavat\u00f3rio-Cozinha &#8211; CHROME<\/p>\n<p>Acabamento cromado bin\u00edquel de alta resist\u00eancia \u00e0 corros\u00e3o, conservando a beleza do produto por muito mais tempo.<\/p>\n<p>Acionamento hidromec\u00e2nico com leve press\u00e3o manual.<\/p>\n<p>Aproximadamente 1ml por ciclo.<\/p>\n","protected":false},"featured_media":866,"comment_status":"open","ping_status":"closed","template":"","meta":[],"product_cat":[304,1188],"product_tag":[507],"_links":{"self":[{"href":"https:\/\/trenaferragens.com.br\/index.php?rest_route=\/wp\/v2\/product\/3951"}],"collection":[{"href":"https:\/\/trenaferragens.com.br\/index.php?rest_route=\/wp\/v2\/product"}],"about":[{"href":"https:\/\/trenaferragens.com.br\/index.php?rest_route=\/wp\/v2\/types\/product"}],"replies":[{"embeddable":true,"href":"https:\/\/trenaferragens.com.br\/index.php?rest_route=%2Fwp%2Fv2%2Fcomments&post=3951"}],"wp:featuredmedia":[{"embeddable":true,"href":"https:\/\/trenaferragens.com.br\/index.php?rest_route=\/wp\/v2\/media\/866"}],"wp:attachment":[{"href":"https:\/\/trenaferragens.com.br\/index.php?rest_route=%2Fwp%2Fv2%2Fmedia&parent=3951"}],"wp:term":[{"taxonomy":"product_cat","embeddable":true,"href":"https:\/\/trenaferragens.com.br\/index.php?rest_route=%2Fwp%2Fv2%2Fproduct_cat&post=3951"},{"taxonomy":"product_tag","embeddable":true,"href":"https:\/\/trenaferragens.com.br\/index.php?rest_route=%2Fwp%2Fv2%2Fproduct_tag&post=3951"}],"curies":[{"name":"wp","href":"https:\/\/api.w.org\/{rel}","templated":true}]}}