{"id":3954,"date":"2018-08-01T15:22:36","date_gmt":"2018-08-01T15:22:36","guid":{"rendered":"http:\/\/trenaferragens1.hospedagemdesites.ws\/produto\/import-placeholder-for-5172\/"},"modified":"2018-08-01T15:23:00","modified_gmt":"2018-08-01T15:23:00","slug":"inox-chrome-papel-toalha-bastao","status":"publish","type":"product","link":"https:\/\/trenaferragens.com.br\/?product=inox-chrome-papel-toalha-bastao","title":{"rendered":"Inox CHROME Papel Toalha Bast\u00e3o"},"content":{"rendered":"<p>Inox CHROME Papel Toalha Bast\u00e3o<\/p>\n<p>Os acess\u00f3rios Single combinam perfeitamente com as linhas <strong>O\u00e1sis Flex<\/strong> e <strong>Comfort Flex<\/strong><\/p>\n<p>Garantia Toda Vida: qualidade e seguran\u00e7a por tempo indeterminado. Para mais informa\u00e7\u00f5es, acesse <a href=\"http:\/\/www.docol.com.br\/pt\/garantia\">http:\/\/www.docol.com.br\/pt\/garantia<\/a><\/p>\n","protected":false},"excerpt":{"rendered":"<p>Inox CHROME Papel Toalha Bast\u00e3o<\/p>\n<p>A linha de acess\u00f3rios Single possui design contempor\u00e2neo e minimalista. Vers\u00e1til, os acess\u00f3rios podem ser combinados harmoniosamente com os mais variados ambientes, proporcionando composi\u00e7\u00f5es modernas, clean e funcionais.<\/p>\n<p>Al\u00e9m disso, a linha Single \u00e9 composta por um mix completo de produtos que proporcionam conforto, bem-estar, higiene e praticidade. S\u00e3o porta-toalhas, saboneteira, papeleira, cabide e prateleira f\u00e1ceis de instalar, e que n\u00e3o deixam parafusos \u00e0 mostra, o que facilita a limpeza e torna os produtos mais clean.<\/p>\n<p>Produzidos com os mais altos padr\u00f5es de qualidade, os acess\u00f3rios recebem acabamento que proporciona alta durabilidade e maior resist\u00eancia \u00e0 corros\u00e3o, conservando a beleza e o brilho dos produtos por muito mais tempo.<\/p>\n","protected":false},"featured_media":869,"comment_status":"open","ping_status":"closed","template":"","meta":[],"product_cat":[304,1188],"product_tag":[510],"_links":{"self":[{"href":"https:\/\/trenaferragens.com.br\/index.php?rest_route=\/wp\/v2\/product\/3954"}],"collection":[{"href":"https:\/\/trenaferragens.com.br\/index.php?rest_route=\/wp\/v2\/product"}],"about":[{"href":"https:\/\/trenaferragens.com.br\/index.php?rest_route=\/wp\/v2\/types\/product"}],"replies":[{"embeddable":true,"href":"https:\/\/trenaferragens.com.br\/index.php?rest_route=%2Fwp%2Fv2%2Fcomments&post=3954"}],"wp:featuredmedia":[{"embeddable":true,"href":"https:\/\/trenaferragens.com.br\/index.php?rest_route=\/wp\/v2\/media\/869"}],"wp:attachment":[{"href":"https:\/\/trenaferragens.com.br\/index.php?rest_route=%2Fwp%2Fv2%2Fmedia&parent=3954"}],"wp:term":[{"taxonomy":"product_cat","embeddable":true,"href":"https:\/\/trenaferragens.com.br\/index.php?rest_route=%2Fwp%2Fv2%2Fproduct_cat&post=3954"},{"taxonomy":"product_tag","embeddable":true,"href":"https:\/\/trenaferragens.com.br\/index.php?rest_route=%2Fwp%2Fv2%2Fproduct_tag&post=3954"}],"curies":[{"name":"wp","href":"https:\/\/api.w.org\/{rel}","templated":true}]}}