{"id":3958,"date":"2018-08-01T15:22:39","date_gmt":"2018-08-01T15:22:39","guid":{"rendered":"http:\/\/trenaferragens1.hospedagemdesites.ws\/produto\/import-placeholder-for-5180\/"},"modified":"2018-08-01T15:23:20","modified_gmt":"2018-08-01T15:23:20","slug":"acabamento-valvula-luxus-chrome","status":"publish","type":"product","link":"https:\/\/trenaferragens.com.br\/?product=acabamento-valvula-luxus-chrome","title":{"rendered":"Acabamento V\u00e1lvula LUXUS CHROME"},"content":{"rendered":"<p>Acabamento V\u00e1lvula LUXUS CHROME<\/p>\n<p>Os acabamentos para V\u00e1lvula de Descarga Luxus possuem formas suaves e design clean. Sua canopla e tecla de acionamento integradas garantem um visual harmonioso ao ambiente. Vers\u00e1teis, combinam com variados espa\u00e7os, pois possuem acabamento em duas cores: cromado e dourado. Al\u00e9m disso, podem ser usados em todas as V\u00e1lvulas de Descarga Docol.<\/p>\n","protected":false},"excerpt":{"rendered":"<p>Acabamento V\u00e1lvula LUXUS CHROME<\/p>\n<p>DISPON\u00cdVEL NAS OP\u00c7\u00d5ES:<\/p>\n<p>Acabamento V\u00e1lvula LUXUS CHROME<\/p>\n<p>Acabamento V\u00e1lvula LUXUS CHROME &#8211; Dourado<\/p>\n<p>Acabamento cromado bin\u00edquel, que proporciona alta durabilidade e maior resist\u00eancia \u00e0 corros\u00e3o, conservando a beleza e o brilho dos produtos por muito mais tempo.<\/p>\n<p>Flex\u00edveis, os acabamentos podem ser usados em todas as V\u00e1lvulas de Descarga Docol.<\/p>\n<p>Garantia Toda Vida: qualidade e seguran\u00e7a por tempo indeterminado. Para mais informa\u00e7\u00f5es, acesse <a href=\"http:\/\/www.docol.com.br\/pt\/garantia\">http:\/\/www.docol.com.br\/pt\/garantia<\/a>.<\/p>\n","protected":false},"featured_media":873,"comment_status":"open","ping_status":"closed","template":"","meta":[],"product_cat":[304,1188],"product_tag":[514],"_links":{"self":[{"href":"https:\/\/trenaferragens.com.br\/index.php?rest_route=\/wp\/v2\/product\/3958"}],"collection":[{"href":"https:\/\/trenaferragens.com.br\/index.php?rest_route=\/wp\/v2\/product"}],"about":[{"href":"https:\/\/trenaferragens.com.br\/index.php?rest_route=\/wp\/v2\/types\/product"}],"replies":[{"embeddable":true,"href":"https:\/\/trenaferragens.com.br\/index.php?rest_route=%2Fwp%2Fv2%2Fcomments&post=3958"}],"wp:featuredmedia":[{"embeddable":true,"href":"https:\/\/trenaferragens.com.br\/index.php?rest_route=\/wp\/v2\/media\/873"}],"wp:attachment":[{"href":"https:\/\/trenaferragens.com.br\/index.php?rest_route=%2Fwp%2Fv2%2Fmedia&parent=3958"}],"wp:term":[{"taxonomy":"product_cat","embeddable":true,"href":"https:\/\/trenaferragens.com.br\/index.php?rest_route=%2Fwp%2Fv2%2Fproduct_cat&post=3958"},{"taxonomy":"product_tag","embeddable":true,"href":"https:\/\/trenaferragens.com.br\/index.php?rest_route=%2Fwp%2Fv2%2Fproduct_tag&post=3958"}],"curies":[{"name":"wp","href":"https:\/\/api.w.org\/{rel}","templated":true}]}}