{"id":3959,"date":"2018-08-01T15:22:40","date_gmt":"2018-08-01T15:22:40","guid":{"rendered":"http:\/\/trenaferragens1.hospedagemdesites.ws\/produto\/import-placeholder-for-5183\/"},"modified":"2018-08-01T15:23:20","modified_gmt":"2018-08-01T15:23:20","slug":"acabamento-valvula-descarga-square-salvagua-chrome","status":"publish","type":"product","link":"https:\/\/trenaferragens.com.br\/?product=acabamento-valvula-descarga-square-salvagua-chrome","title":{"rendered":"Acabamento V\u00e1lvula Descarga SQUARE SALV\u00c1GUA CHROME"},"content":{"rendered":"<p>Acabamento V\u00e1lvula Descarga SQUARE SALV\u00c1GUA CHROME<\/p>\n<p>Design contempor\u00e2neo que combina perfeitamente com as linhas de metais Docol. Estimula o consumo consciente, com aproximadamente 60% de economia de \u00e1gua.<\/p>\n<p>Reduz o volume de \u00e1gua utilizado por meio do acionamento de duas teclas. Acionamento parcial: ideal para limpeza de l\u00edquidos, com uma descarga econ\u00f4mica e menor volume de \u00e1gua. Acionamento total: ideal para limpeza de s\u00f3lidos, com uma descarga completa.<\/p>\n<p>Possui acabamento cromado bin\u00edquel de alta durabilidade e maior resist\u00eancia \u00e0 corros\u00e3o, conservando a beleza do produto por muito mais tempo. Flex\u00edvel, pode ser usado em todas as V\u00e1lvulas de Descarga Docol.<\/p>\n","protected":false},"excerpt":{"rendered":"<p>Acabamento V\u00e1lvula Descarga SQUARE SALV\u00c1GUA CHROME<\/p>\n<p>Acabamento cromado bin\u00edquel, que proporciona alta durabilidade e maior resist\u00eancia \u00e0 corros\u00e3o, conservando a beleza e o brilho dos produtos por muito mais tempo.<\/p>\n<p>Estimula o consumo consciente, com aproximadamente 60% de economia de \u00e1gua.<\/p>\n<p>Flex\u00edveis, os acabamentos podem ser usados em todas as V\u00e1lvulas de Descarga Docol.<\/p>\n<p>Design contempor\u00e2neo que combina perfeitamente com as linhas de metais Docol.<\/p>\n<p>Garantia Toda Vida: qualidade e seguran\u00e7a por tempo indeterminado. Para mais informa\u00e7\u00f5es, acesse <a href=\"http:\/\/www.docol.com.br\/pt\/garantia\">http:\/\/www.docol.com.br\/pt\/garantia<\/a>.<\/p>\n","protected":false},"featured_media":874,"comment_status":"open","ping_status":"closed","template":"","meta":[],"product_cat":[304,1188],"product_tag":[515],"_links":{"self":[{"href":"https:\/\/trenaferragens.com.br\/index.php?rest_route=\/wp\/v2\/product\/3959"}],"collection":[{"href":"https:\/\/trenaferragens.com.br\/index.php?rest_route=\/wp\/v2\/product"}],"about":[{"href":"https:\/\/trenaferragens.com.br\/index.php?rest_route=\/wp\/v2\/types\/product"}],"replies":[{"embeddable":true,"href":"https:\/\/trenaferragens.com.br\/index.php?rest_route=%2Fwp%2Fv2%2Fcomments&post=3959"}],"wp:featuredmedia":[{"embeddable":true,"href":"https:\/\/trenaferragens.com.br\/index.php?rest_route=\/wp\/v2\/media\/874"}],"wp:attachment":[{"href":"https:\/\/trenaferragens.com.br\/index.php?rest_route=%2Fwp%2Fv2%2Fmedia&parent=3959"}],"wp:term":[{"taxonomy":"product_cat","embeddable":true,"href":"https:\/\/trenaferragens.com.br\/index.php?rest_route=%2Fwp%2Fv2%2Fproduct_cat&post=3959"},{"taxonomy":"product_tag","embeddable":true,"href":"https:\/\/trenaferragens.com.br\/index.php?rest_route=%2Fwp%2Fv2%2Fproduct_tag&post=3959"}],"curies":[{"name":"wp","href":"https:\/\/api.w.org\/{rel}","templated":true}]}}