{"id":3960,"date":"2018-08-01T15:22:40","date_gmt":"2018-08-01T15:22:40","guid":{"rendered":"http:\/\/trenaferragens1.hospedagemdesites.ws\/produto\/import-placeholder-for-5185\/"},"modified":"2018-08-01T15:23:22","modified_gmt":"2018-08-01T15:23:22","slug":"acabamento-valvula-salvagua-box","status":"publish","type":"product","link":"https:\/\/trenaferragens.com.br\/?product=acabamento-valvula-salvagua-box","title":{"rendered":"Acabamento V\u00e1lvula SALV\u00c1GUA BOX"},"content":{"rendered":"<p>Acabamento V\u00e1lvula SALV\u00c1GUA BOX<\/p>\n<p>Os acabamentos para V\u00e1lvula de Descarga Salv\u00e1gua Box s\u00e3o alinhado \u00e0s mais modernas tend\u00eancias de design.<\/p>\n<p>Estimulam o consumo consciente, com aproximadamente 60% de economia de \u00e1gua. Reduzem o volume de \u00e1gua utilizado por meio do acionamento de duas teclas. Acionamento parcial: ideal para limpeza de l\u00edquidos, com uma descarga econ\u00f4mica e menor volume de \u00e1gua. Acionamento total: ideal para limpeza de s\u00f3lidos, com uma descarga completa.<\/p>\n<p>Flex\u00edveis, podem ser usados em todas as V\u00e1lvulas de Descarga Docol e est\u00e3o dispon\u00edveis nas cores Chrome, Bege, Gelo Polar e Cinza-p\u00e9rola.<\/p>\n","protected":false},"excerpt":{"rendered":"<p>Acabamento V\u00e1lvula SALV\u00c1GUA BOX<\/p>\n<p>DISPON\u00cdVEL NAS CORES:<\/p>\n<p>BEGE, CINZA, CHORME (CROMADO) E GELO POLAR.<\/p>\n<p>Garantia Toda Vida: qualidade e seguran\u00e7a por tempo indeterminado. Para mais informa\u00e7\u00f5es, acesse <a href=\"http:\/\/www.docol.com.br\/pt\/garantia\">http:\/\/www.docol.com.br\/pt\/garantia<\/a>.<\/p>\n<p>Flex\u00edveis, os acabamentos podem ser usados em todas as V\u00e1lvulas de Descarga Docol.<\/p>\n<p>Estimula o consumo consciente, com aproximadamente 60% de economia de \u00e1gua.<\/p>\n","protected":false},"featured_media":875,"comment_status":"open","ping_status":"closed","template":"","meta":[],"product_cat":[304,1188],"product_tag":[516],"_links":{"self":[{"href":"https:\/\/trenaferragens.com.br\/index.php?rest_route=\/wp\/v2\/product\/3960"}],"collection":[{"href":"https:\/\/trenaferragens.com.br\/index.php?rest_route=\/wp\/v2\/product"}],"about":[{"href":"https:\/\/trenaferragens.com.br\/index.php?rest_route=\/wp\/v2\/types\/product"}],"replies":[{"embeddable":true,"href":"https:\/\/trenaferragens.com.br\/index.php?rest_route=%2Fwp%2Fv2%2Fcomments&post=3960"}],"wp:featuredmedia":[{"embeddable":true,"href":"https:\/\/trenaferragens.com.br\/index.php?rest_route=\/wp\/v2\/media\/875"}],"wp:attachment":[{"href":"https:\/\/trenaferragens.com.br\/index.php?rest_route=%2Fwp%2Fv2%2Fmedia&parent=3960"}],"wp:term":[{"taxonomy":"product_cat","embeddable":true,"href":"https:\/\/trenaferragens.com.br\/index.php?rest_route=%2Fwp%2Fv2%2Fproduct_cat&post=3960"},{"taxonomy":"product_tag","embeddable":true,"href":"https:\/\/trenaferragens.com.br\/index.php?rest_route=%2Fwp%2Fv2%2Fproduct_tag&post=3960"}],"curies":[{"name":"wp","href":"https:\/\/api.w.org\/{rel}","templated":true}]}}