{"id":3961,"date":"2018-08-01T15:22:41","date_gmt":"2018-08-01T15:22:41","guid":{"rendered":"http:\/\/trenaferragens1.hospedagemdesites.ws\/produto\/import-placeholder-for-5190\/"},"modified":"2018-08-01T15:23:23","modified_gmt":"2018-08-01T15:23:23","slug":"acabamento-valvula-salvagua","status":"publish","type":"product","link":"https:\/\/trenaferragens.com.br\/?product=acabamento-valvula-salvagua","title":{"rendered":"Acabamento V\u00e1lvula SALV\u00c1GUA\u00a0"},"content":{"rendered":"<p>Acabamento V\u00e1lvula SALV\u00c1GUA<\/p>\n<p>Design cl\u00e1ssico que combina perfeitamente com as linhas de metais Docol.<\/p>\n<p>Os acabamentos da linha Cl\u00e1ssica Salv\u00e1gua estimulam o consumo consciente, com aproximadamente 60% de economia de \u00e1gua.<\/p>\n<p>Reduzem o volume de \u00e1gua utilizado por meio do acionamento de duas teclas. Acionamento parcial: ideal para limpeza de l\u00edquidos, com uma descarga econ\u00f4mica e menor volume de \u00e1gua. Acionamento total: ideal para limpeza de s\u00f3lidos, com uma descarga completa.<\/p>\n<p>Flex\u00edveis, podem ser usados em todas as V\u00e1lvulas de Descarga Docol.<\/p>\n","protected":false},"excerpt":{"rendered":"<p>Acabamento V\u00e1lvula SALV\u00c1GUA<\/p>\n<p>DISPON\u00cdVEL NAS OP\u00c7\u00d5ES:<\/p>\n<p>Acabamento V\u00e1lvula SALV\u00c1GUA CHROME<\/p>\n<p>Acabamento V\u00e1lvula SALV\u00c1GUA CHROME AV<\/p>\n<p>Acabamento V\u00e1lvula SALV\u00c1GUA CHROME CR\/PRETO<\/p>\n<p>Acabamento V\u00e1lvula SALV\u00c1GUA \u00a0CHROME CINZA POLAR<\/p>\n<p>Acabamento V\u00e1lvula SALV\u00c1GUA GELO POLAR<\/p>\n<p>Acabamento V\u00e1lvula SALV\u00c1GUA MARFIM\/BEGE<\/p>\n<p>Acabamento cromado bin\u00edquel, que proporciona alta durabilidade e maior resist\u00eancia \u00e0 corros\u00e3o, conservando a beleza e o brilho dos produtos por muito mais tempo.<\/p>\n<p>Estimula o consumo consciente, com aproximadamente 60% de economia de \u00e1gua.<\/p>\n<p>Flex\u00edveis, os acabamentos podem ser usados em todas as V\u00e1lvulas de Descarga Docol.<\/p>\n<p>Design cl\u00e1ssico que combina perfeitamente com as linhas de metais Docol.<\/p>\n<p>Garantia Toda Vida: qualidade e seguran\u00e7a por tempo indeterminado. Para mais informa\u00e7\u00f5es, acesse <a href=\"http:\/\/www.docol.com.br\/pt\/garantia\">http:\/\/www.docol.com.br\/pt\/garantia<\/a>.<\/p>\n","protected":false},"featured_media":879,"comment_status":"open","ping_status":"closed","template":"","meta":[],"product_cat":[304,1188],"product_tag":[517],"_links":{"self":[{"href":"https:\/\/trenaferragens.com.br\/index.php?rest_route=\/wp\/v2\/product\/3961"}],"collection":[{"href":"https:\/\/trenaferragens.com.br\/index.php?rest_route=\/wp\/v2\/product"}],"about":[{"href":"https:\/\/trenaferragens.com.br\/index.php?rest_route=\/wp\/v2\/types\/product"}],"replies":[{"embeddable":true,"href":"https:\/\/trenaferragens.com.br\/index.php?rest_route=%2Fwp%2Fv2%2Fcomments&post=3961"}],"wp:featuredmedia":[{"embeddable":true,"href":"https:\/\/trenaferragens.com.br\/index.php?rest_route=\/wp\/v2\/media\/879"}],"wp:attachment":[{"href":"https:\/\/trenaferragens.com.br\/index.php?rest_route=%2Fwp%2Fv2%2Fmedia&parent=3961"}],"wp:term":[{"taxonomy":"product_cat","embeddable":true,"href":"https:\/\/trenaferragens.com.br\/index.php?rest_route=%2Fwp%2Fv2%2Fproduct_cat&post=3961"},{"taxonomy":"product_tag","embeddable":true,"href":"https:\/\/trenaferragens.com.br\/index.php?rest_route=%2Fwp%2Fv2%2Fproduct_tag&post=3961"}],"curies":[{"name":"wp","href":"https:\/\/api.w.org\/{rel}","templated":true}]}}