{"id":3964,"date":"2018-08-01T15:23:04","date_gmt":"2018-08-01T15:23:04","guid":{"rendered":"http:\/\/trenaferragens1.hospedagemdesites.ws\/produto\/import-placeholder-for-5203\/"},"modified":"2018-08-01T15:23:26","modified_gmt":"2018-08-01T15:23:26","slug":"acabamento-registro-trio-chrome","status":"publish","type":"product","link":"https:\/\/trenaferragens.com.br\/?product=acabamento-registro-trio-chrome","title":{"rendered":"Acabamento Registro Trio CHROME"},"content":{"rendered":"<p>Acabamento Registro Trio CHROME<\/p>\n<h3>TRIO<\/h3>\n<p>Pr\u00e1tica e com design funcional, a linha Trio combina com os mais variados ambientes. Possui f\u00e1cil instala\u00e7\u00e3o e alta durabilidade. Presente em todos os produtos da linha Trio, o volante em cruzeta proporciona maior precis\u00e3o e firmeza na abertura e no fechamento.<\/p>\n<p>Produzidos com os mais altos padr\u00f5es de qualidade, os metais recebem acabamento cromado bin\u00edquel que proporciona alta durabilidade e maior resist\u00eancia \u00e0 corros\u00e3o, conservando a beleza e o brilho dos produtos por muito mais tempo.<\/p>\n<p>Al\u00e9m de resistentes, as torneiras e misturadores garantem tamb\u00e9m economia de \u00e1gua. Esses produtos s\u00e3o desenvolvidos com arejadores que introduzem bolhas de ar ao fluxo e criam um jato mais volumoso que, al\u00e9m de proporcionar maior conforto, reduz o consumo de \u00e1gua.<\/p>\n","protected":false},"excerpt":{"rendered":"<p>Acabamento Registro Trio CHROME<\/p>\n<p>DISPON\u00cdVEL NOS TAMANHOS<\/p>\n<p>Acabamento Registro Trio CHROME &#8211; 1\/2, 3\/4 e 1<\/p>\n<p>Acabamento Registro Trio CHROME &#8211; 11\/4 e 11\/2<\/p>\n<p>Bitola: 1\/2&#8243;, 3\/4&#8243; e 1&#8243;.<\/p>\n<p>Garantia Toda Vida: qualidade e seguran\u00e7a por tempo indeterminado. Para mais informa\u00e7\u00f5es, acesse <a href=\"http:\/\/www.docol.com.br\/pt\/garantia\">http:\/\/www.docol.com.br\/pt\/garantia<\/a>.<\/p>\n<p>Acabamento cromado bin\u00edquel, que proporciona alta durabilidade e maior resist\u00eancia \u00e0 corros\u00e3o, conservando a beleza e o brilho dos produtos por muito mais tempo.<\/p>\n<p>Volante em formato de cruzeta garante maior firmeza e precis\u00e3o na abertura e no fechamento.<\/p>\n","protected":false},"featured_media":902,"comment_status":"open","ping_status":"closed","template":"","meta":[],"product_cat":[304,1188],"product_tag":[520],"_links":{"self":[{"href":"https:\/\/trenaferragens.com.br\/index.php?rest_route=\/wp\/v2\/product\/3964"}],"collection":[{"href":"https:\/\/trenaferragens.com.br\/index.php?rest_route=\/wp\/v2\/product"}],"about":[{"href":"https:\/\/trenaferragens.com.br\/index.php?rest_route=\/wp\/v2\/types\/product"}],"replies":[{"embeddable":true,"href":"https:\/\/trenaferragens.com.br\/index.php?rest_route=%2Fwp%2Fv2%2Fcomments&post=3964"}],"wp:featuredmedia":[{"embeddable":true,"href":"https:\/\/trenaferragens.com.br\/index.php?rest_route=\/wp\/v2\/media\/902"}],"wp:attachment":[{"href":"https:\/\/trenaferragens.com.br\/index.php?rest_route=%2Fwp%2Fv2%2Fmedia&parent=3964"}],"wp:term":[{"taxonomy":"product_cat","embeddable":true,"href":"https:\/\/trenaferragens.com.br\/index.php?rest_route=%2Fwp%2Fv2%2Fproduct_cat&post=3964"},{"taxonomy":"product_tag","embeddable":true,"href":"https:\/\/trenaferragens.com.br\/index.php?rest_route=%2Fwp%2Fv2%2Fproduct_tag&post=3964"}],"curies":[{"name":"wp","href":"https:\/\/api.w.org\/{rel}","templated":true}]}}