{"id":3965,"date":"2018-08-01T15:23:05","date_gmt":"2018-08-01T15:23:05","guid":{"rendered":"http:\/\/trenaferragens1.hospedagemdesites.ws\/produto\/import-placeholder-for-5205\/"},"modified":"2018-08-01T15:23:27","modified_gmt":"2018-08-01T15:23:27","slug":"acabamento-valvula-de-descarga-benefit","status":"publish","type":"product","link":"https:\/\/trenaferragens.com.br\/?product=acabamento-valvula-de-descarga-benefit","title":{"rendered":"Acabamento V\u00e1lvula de \u00a0Descarga BENEFIT\u00a0"},"content":{"rendered":"<p>Acabamento V\u00e1lvula de \u00a0Descarga BENEFIT<\/p>\n<p>A linha de produtos Benefit foi desenvolvida para facilitar o dia a dia de pessoas com dificuldades motoras e f\u00edsicas, idosos e crian\u00e7as, com base na norma brasileira de regulamenta\u00e7\u00e3o de acessibilidade (NBR 9050).<\/p>\n<p>Vers\u00e1til, o acabamento para V\u00e1lvula de Descarga PressMatic Benefit serve em qualquer V\u00e1lvula de Descarga Docol.<\/p>\n<p>A v\u00e1lvula \u00e9 acionada com leve press\u00e3o na alavanca, que proporciona praticidade ao usu\u00e1rio por aumentar a \u00e1rea de contato, al\u00e9m de reduzir a for\u00e7a de acionamento do produto em mais de 50%, baixando de 50 N (Newtons) para apenas 17 N (Newtons).<\/p>\n<p>\u00c9 produzida com acabamento cromado bin\u00edquel de alta durabilidade e maior resist\u00eancia \u00e0 corros\u00e3o que conserva a beleza do produto por muito mais tempo.<\/p>\n","protected":false},"excerpt":{"rendered":"<p>Acabamento V\u00e1lvula de \u00a0Descarga BENEFIT<\/p>\n<p>Acabamento cromado bin\u00edquel, que proporciona alta durabilidade e maior resist\u00eancia \u00e0 corros\u00e3o, conservando a beleza e o brilho dos produtos por muito mais tempo.<\/p>\n<p>Flex\u00edveis, os acabamentos podem ser usados em todas as V\u00e1lvulas de Descarga Docol.<\/p>\n<p>Facilidade e praticidade para atender necessidades especiais.<\/p>\n<p>Garantia Toda Vida: qualidade e seguran\u00e7a por tempo indeterminado. Para mais informa\u00e7\u00f5es, acesse <a href=\"http:\/\/www.docol.com.br\/pt\/garantia\">http:\/\/www.docol.com.br\/pt\/garantia<\/a>.<\/p>\n","protected":false},"featured_media":903,"comment_status":"open","ping_status":"closed","template":"","meta":[],"product_cat":[304,1188],"product_tag":[521],"_links":{"self":[{"href":"https:\/\/trenaferragens.com.br\/index.php?rest_route=\/wp\/v2\/product\/3965"}],"collection":[{"href":"https:\/\/trenaferragens.com.br\/index.php?rest_route=\/wp\/v2\/product"}],"about":[{"href":"https:\/\/trenaferragens.com.br\/index.php?rest_route=\/wp\/v2\/types\/product"}],"replies":[{"embeddable":true,"href":"https:\/\/trenaferragens.com.br\/index.php?rest_route=%2Fwp%2Fv2%2Fcomments&post=3965"}],"wp:featuredmedia":[{"embeddable":true,"href":"https:\/\/trenaferragens.com.br\/index.php?rest_route=\/wp\/v2\/media\/903"}],"wp:attachment":[{"href":"https:\/\/trenaferragens.com.br\/index.php?rest_route=%2Fwp%2Fv2%2Fmedia&parent=3965"}],"wp:term":[{"taxonomy":"product_cat","embeddable":true,"href":"https:\/\/trenaferragens.com.br\/index.php?rest_route=%2Fwp%2Fv2%2Fproduct_cat&post=3965"},{"taxonomy":"product_tag","embeddable":true,"href":"https:\/\/trenaferragens.com.br\/index.php?rest_route=%2Fwp%2Fv2%2Fproduct_tag&post=3965"}],"curies":[{"name":"wp","href":"https:\/\/api.w.org\/{rel}","templated":true}]}}