{"id":3970,"date":"2018-08-01T15:23:09","date_gmt":"2018-08-01T15:23:09","guid":{"rendered":"http:\/\/trenaferragens1.hospedagemdesites.ws\/produto\/import-placeholder-for-5215\/"},"modified":"2018-08-01T15:23:31","modified_gmt":"2018-08-01T15:23:31","slug":"bica-luxo-de-mesa","status":"publish","type":"product","link":"https:\/\/trenaferragens.com.br\/?product=bica-luxo-de-mesa","title":{"rendered":"Bica Luxo de Mesa"},"content":{"rendered":"<p>Bica Luxo de Mesa<\/p>\n<p>A linha de Bicas DocolMatic conta com cinco op\u00e7\u00f5es com design diferenciado que se adaptam a todos os ambientes. Podem ser utilizadas com os produtos PeMatic, PedalMatic e PressMatic Misturadores.<\/p>\n<p>Al\u00e9m de vers\u00e1teis, s\u00e3o resistentes, pois s\u00e3o produzidas com acabamento cromado bin\u00edquel de alta durabilidade e maior resist\u00eancia \u00e0 corros\u00e3o que conversam a beleza do produto por muito mais tempo.<\/p>\n","protected":false},"excerpt":{"rendered":"<p>Bica Luxo de Mesa<\/p>\n<p>Bitola: 1\/2&#8243;<\/p>\n<p>Funcionamento perfeito em baixa e alta press\u00e3o, de 0,2 a 4 kgf\/cm\u00b2 ou 3 a 57 psi.<\/p>\n<p>Temperatura m\u00e1xima da \u00e1gua: 70\u00b0C<\/p>\n<p>O arejador, al\u00e9m de garantir economia de \u00e1gua, proporciona maior resist\u00eancia ao vandalismo.<\/p>\n<p>Garantia Toda Vida: qualidade e seguran\u00e7a por tempo indeterminado. Para mais informa\u00e7\u00f5es, acesse <a href=\"http:\/\/www.docol.com.br\/pt\/garantia\">http:\/\/www.docol.com.br\/pt\/garantia<\/a><\/p>\n","protected":false},"featured_media":916,"comment_status":"open","ping_status":"closed","template":"","meta":[],"product_cat":[304,1188],"product_tag":[524],"_links":{"self":[{"href":"https:\/\/trenaferragens.com.br\/index.php?rest_route=\/wp\/v2\/product\/3970"}],"collection":[{"href":"https:\/\/trenaferragens.com.br\/index.php?rest_route=\/wp\/v2\/product"}],"about":[{"href":"https:\/\/trenaferragens.com.br\/index.php?rest_route=\/wp\/v2\/types\/product"}],"replies":[{"embeddable":true,"href":"https:\/\/trenaferragens.com.br\/index.php?rest_route=%2Fwp%2Fv2%2Fcomments&post=3970"}],"wp:featuredmedia":[{"embeddable":true,"href":"https:\/\/trenaferragens.com.br\/index.php?rest_route=\/wp\/v2\/media\/916"}],"wp:attachment":[{"href":"https:\/\/trenaferragens.com.br\/index.php?rest_route=%2Fwp%2Fv2%2Fmedia&parent=3970"}],"wp:term":[{"taxonomy":"product_cat","embeddable":true,"href":"https:\/\/trenaferragens.com.br\/index.php?rest_route=%2Fwp%2Fv2%2Fproduct_cat&post=3970"},{"taxonomy":"product_tag","embeddable":true,"href":"https:\/\/trenaferragens.com.br\/index.php?rest_route=%2Fwp%2Fv2%2Fproduct_tag&post=3970"}],"curies":[{"name":"wp","href":"https:\/\/api.w.org\/{rel}","templated":true}]}}