{"id":3971,"date":"2018-08-01T15:23:09","date_gmt":"2018-08-01T15:23:09","guid":{"rendered":"http:\/\/trenaferragens1.hospedagemdesites.ws\/produto\/import-placeholder-for-5217\/"},"modified":"2018-08-01T15:23:32","modified_gmt":"2018-08-01T15:23:32","slug":"chuveiro-bonnaducha-cr-c-desviador","status":"publish","type":"product","link":"https:\/\/trenaferragens.com.br\/?product=chuveiro-bonnaducha-cr-c-desviador","title":{"rendered":"Chuveiro BONNADUCHA CR C\/Desviador"},"content":{"rendered":"<p>Chuveiro BONNADUCHA CR C\/Desviador<\/p>\n<p>O chuveiro Bonnaducha proporciona funcionalidade e conforto para todos os tipos de ambiente.<\/p>\n<p>Possui uma \u00f3tima vaz\u00e3o de \u00e1gua que garante bem-estar num banho relaxante e agrad\u00e1vel. Al\u00e9m do conforto, o chuveiro Bonnaducha proporciona praticidade e durabilidade. Seu crivo em borracha proporciona maior facilidade na limpeza. O acabamento cromado de alta durabilidade e maior resist\u00eancia \u00e0 corros\u00e3o, conserva a beleza e o brilho do produto por muito mais tempo. O chuveiro com desviador apresenta maior mobilidade de uso: a mangueira flex\u00edvel de 1,80m possibilita longo alcance.<\/p>\n<p>O desviador traz praticidade \u00e0 hora do banho, desviando a \u00e1gua para a ducha manual, permitindo que o usu\u00e1rio direcione o jato para onde deseja.<\/p>\n","protected":false},"excerpt":{"rendered":"<p>Chuveiro BONNADUCHA CR C\/Desviador<\/p>\n<p>Bitola: 1\/2&#8243;<\/p>\n<p>Funcionamento perfeito em baixa e alta press\u00e3o, de 0,2 a 4 kgf\/cm\u00b2 ou 3 a 57 psi.<\/p>\n<p>Temperatura m\u00e1xima da \u00e1gua: 70\u00b0C<\/p>\n<p>Garantia Toda Vida: qualidade e seguran\u00e7a por tempo indeterminado. Para mais informa\u00e7\u00f5es, acesse <a href=\"http:\/\/www.docol.com.br\/pt\/garantia\">http:\/\/www.docol.com.br\/pt\/garantia<\/a><\/p>\n","protected":false},"featured_media":917,"comment_status":"open","ping_status":"closed","template":"","meta":[],"product_cat":[304,1188],"product_tag":[525],"_links":{"self":[{"href":"https:\/\/trenaferragens.com.br\/index.php?rest_route=\/wp\/v2\/product\/3971"}],"collection":[{"href":"https:\/\/trenaferragens.com.br\/index.php?rest_route=\/wp\/v2\/product"}],"about":[{"href":"https:\/\/trenaferragens.com.br\/index.php?rest_route=\/wp\/v2\/types\/product"}],"replies":[{"embeddable":true,"href":"https:\/\/trenaferragens.com.br\/index.php?rest_route=%2Fwp%2Fv2%2Fcomments&post=3971"}],"wp:featuredmedia":[{"embeddable":true,"href":"https:\/\/trenaferragens.com.br\/index.php?rest_route=\/wp\/v2\/media\/917"}],"wp:attachment":[{"href":"https:\/\/trenaferragens.com.br\/index.php?rest_route=%2Fwp%2Fv2%2Fmedia&parent=3971"}],"wp:term":[{"taxonomy":"product_cat","embeddable":true,"href":"https:\/\/trenaferragens.com.br\/index.php?rest_route=%2Fwp%2Fv2%2Fproduct_cat&post=3971"},{"taxonomy":"product_tag","embeddable":true,"href":"https:\/\/trenaferragens.com.br\/index.php?rest_route=%2Fwp%2Fv2%2Fproduct_tag&post=3971"}],"curies":[{"name":"wp","href":"https:\/\/api.w.org\/{rel}","templated":true}]}}