{"id":3973,"date":"2018-08-01T15:23:10","date_gmt":"2018-08-01T15:23:10","guid":{"rendered":"http:\/\/trenaferragens1.hospedagemdesites.ws\/produto\/import-placeholder-for-5221\/"},"modified":"2018-08-01T15:23:33","modified_gmt":"2018-08-01T15:23:33","slug":"chuveiro-eden-1-2","status":"publish","type":"product","link":"https:\/\/trenaferragens.com.br\/?product=chuveiro-eden-1-2","title":{"rendered":"Chuveiro \u00c9DEN 1\/2"},"content":{"rendered":"<p>Chuveiro \u00c9DEN 1\/2<\/p>\n<p>O chuveiro \u00c9den garante conforto e economia para o uso consciente de \u00e1gua, com vaz\u00e3o constante de 12 litros\/minuto.<\/p>\n<p>Sua cabe\u00e7a articul\u00e1vel permite o direcionamento do jato d\u2019\u00e1gua, proporcionando maior mobilidade no uso.<\/p>\n<p>Al\u00e9m do conforto, o chuveiro \u00c9den proporciona praticidade e durabilidade. Seu crivo em borracha nitr\u00edlica apresenta \u00f3tima resist\u00eancia ao calor e maior facilidade na limpeza. O acabamento cromado de alta durabilidade e maior resist\u00eancia \u00e0 corros\u00e3o, conserva a beleza e o brilho do produto por muito mais tempo.<\/p>\n","protected":false},"excerpt":{"rendered":"<p>Chuveiro \u00c9DEN 1\/2<\/p>\n<p>Bitola: 1\/2&#8243;<\/p>\n<p>Funcionamento perfeito em baixa e alta press\u00e3o, de 0,2 a 4 kgf\/cm\u00b2 ou 3 a 57 psi.<\/p>\n<p>Temperatura m\u00e1xima da \u00e1gua: 70\u00b0C<\/p>\n<p>Garantia Toda Vida: qualidade e seguran\u00e7a por tempo indeterminado. Para mais informa\u00e7\u00f5es, acesse <a href=\"http:\/\/www.docol.com.br\/pt\/garantia\">http:\/\/www.docol.com.br\/pt\/garantia<\/a>.<\/p>\n","protected":false},"featured_media":919,"comment_status":"open","ping_status":"closed","template":"","meta":[],"product_cat":[304,1188],"product_tag":[527],"_links":{"self":[{"href":"https:\/\/trenaferragens.com.br\/index.php?rest_route=\/wp\/v2\/product\/3973"}],"collection":[{"href":"https:\/\/trenaferragens.com.br\/index.php?rest_route=\/wp\/v2\/product"}],"about":[{"href":"https:\/\/trenaferragens.com.br\/index.php?rest_route=\/wp\/v2\/types\/product"}],"replies":[{"embeddable":true,"href":"https:\/\/trenaferragens.com.br\/index.php?rest_route=%2Fwp%2Fv2%2Fcomments&post=3973"}],"wp:featuredmedia":[{"embeddable":true,"href":"https:\/\/trenaferragens.com.br\/index.php?rest_route=\/wp\/v2\/media\/919"}],"wp:attachment":[{"href":"https:\/\/trenaferragens.com.br\/index.php?rest_route=%2Fwp%2Fv2%2Fmedia&parent=3973"}],"wp:term":[{"taxonomy":"product_cat","embeddable":true,"href":"https:\/\/trenaferragens.com.br\/index.php?rest_route=%2Fwp%2Fv2%2Fproduct_cat&post=3973"},{"taxonomy":"product_tag","embeddable":true,"href":"https:\/\/trenaferragens.com.br\/index.php?rest_route=%2Fwp%2Fv2%2Fproduct_tag&post=3973"}],"curies":[{"name":"wp","href":"https:\/\/api.w.org\/{rel}","templated":true}]}}