{"id":3978,"date":"2018-08-01T15:23:14","date_gmt":"2018-08-01T15:23:14","guid":{"rendered":"http:\/\/trenaferragens1.hospedagemdesites.ws\/produto\/import-placeholder-for-5232\/"},"modified":"2018-08-01T15:23:36","modified_gmt":"2018-08-01T15:23:36","slug":"ducha-higienica-riva-chrome","status":"publish","type":"product","link":"https:\/\/trenaferragens.com.br\/?product=ducha-higienica-riva-chrome","title":{"rendered":"Ducha Higi\u00eanica Riva CHROME"},"content":{"rendered":"<p>Ducha Higi\u00eanica Riva CHROME<\/p>\n<p>RIVA<\/p>\n<p>A linha Riva traz beleza em formas inovadoras. Seu design tubular e contempor\u00e2neo \u00e9 ideal para ambientes modernos e clean. Al\u00e9m disso, a linha possui um mix completos de produtos com torneiras, misturadores, e acabamentos.<\/p>\n<p>Produzidos com os mais altos padr\u00f5es de qualidade, os metais recebem acabamento cromado bin\u00edquel que proporciona alta durabilidade e maior resist\u00eancia \u00e0 corros\u00e3o, conservando a beleza e o brilho dos produtos por muito mais tempo.<\/p>\n<p>Al\u00e9m de resistentes, as torneiras e misturadores garantem tamb\u00e9m economia de \u00e1gua. Esses produtos s\u00e3o desenvolvidos com arejadores que introduzem bolhas de ar ao fluxo e criam um jato mais volumoso que, al\u00e9m de proporcionar maior conforto, reduz o consumo de \u00e1gua.<\/p>\n","protected":false},"excerpt":{"rendered":"<p>Ducha Higi\u00eanica Riva CHROME<\/p>\n<p>Cartucho com pastilha cer\u00e2mica de alta performance com 1\/4 de volta: maior facilidade e precis\u00e3o na regulagem da vaz\u00e3o, com acionamento leve e veda\u00e7\u00e3o perfeita.<\/p>\n<p>Bitola de: 1\/2&#8243;<\/p>\n<p>Funcionamento perfeito em baixa e alta press\u00e3o, de 0,2 a 4 kgf\/cm\u00b2 ou 3 a 57 psi.<\/p>\n<p>Temperatura m\u00e1xima da \u00e1gua: 70\u00b0C<\/p>\n<p>Garantia Toda Vida: qualidade e seguran\u00e7a por tempo indeterminado. Para mais informa\u00e7\u00f5es, acesse <a href=\"http:\/\/www.docol.com.br\/pt\/garantia\">http:\/\/www.docol.com.br\/pt\/garantia<\/a><\/p>\n","protected":false},"featured_media":929,"comment_status":"open","ping_status":"closed","template":"","meta":[],"product_cat":[304,1188],"product_tag":[532],"_links":{"self":[{"href":"https:\/\/trenaferragens.com.br\/index.php?rest_route=\/wp\/v2\/product\/3978"}],"collection":[{"href":"https:\/\/trenaferragens.com.br\/index.php?rest_route=\/wp\/v2\/product"}],"about":[{"href":"https:\/\/trenaferragens.com.br\/index.php?rest_route=\/wp\/v2\/types\/product"}],"replies":[{"embeddable":true,"href":"https:\/\/trenaferragens.com.br\/index.php?rest_route=%2Fwp%2Fv2%2Fcomments&post=3978"}],"wp:featuredmedia":[{"embeddable":true,"href":"https:\/\/trenaferragens.com.br\/index.php?rest_route=\/wp\/v2\/media\/929"}],"wp:attachment":[{"href":"https:\/\/trenaferragens.com.br\/index.php?rest_route=%2Fwp%2Fv2%2Fmedia&parent=3978"}],"wp:term":[{"taxonomy":"product_cat","embeddable":true,"href":"https:\/\/trenaferragens.com.br\/index.php?rest_route=%2Fwp%2Fv2%2Fproduct_cat&post=3978"},{"taxonomy":"product_tag","embeddable":true,"href":"https:\/\/trenaferragens.com.br\/index.php?rest_route=%2Fwp%2Fv2%2Fproduct_tag&post=3978"}],"curies":[{"name":"wp","href":"https:\/\/api.w.org\/{rel}","templated":true}]}}