{"id":3979,"date":"2018-08-01T15:23:14","date_gmt":"2018-08-01T15:23:14","guid":{"rendered":"http:\/\/trenaferragens1.hospedagemdesites.ws\/produto\/import-placeholder-for-5234\/"},"modified":"2018-08-01T15:23:36","modified_gmt":"2018-08-01T15:23:36","slug":"misturador-monocomando-cozinha-movel-loggica-cr","status":"publish","type":"product","link":"https:\/\/trenaferragens.com.br\/?product=misturador-monocomando-cozinha-movel-loggica-cr","title":{"rendered":"Misturador Monocomando Cozinha M\u00f3vel LOGGICA CR"},"content":{"rendered":"<p>Misturador Monocomando Cozinha M\u00f3vel LOGGICA CR<\/p>\n<p>L\u00d3GGICA<\/p>\n<p>A linha L\u00f3ggica \u00e9 sin\u00f4nimo de versatilidade para todos os ambientes. Seu design flex\u00edvel e moderno viabiliza os mais variados projetos.<\/p>\n<p>O misturador monocomando permite o ajuste de temperatura e intensidade do jato com apenas uma m\u00e3o, de maneira simples, pr\u00e1tica e intuitiva, utilizando uma \u00fanica alavanca.<\/p>\n<p>Possui arejador articul\u00e1vel que permite o direcionamento do fluxo, tornando o produto mais flex\u00edvel e proporcionando maior conforto no uso. A bica girat\u00f3ria com rota\u00e7\u00e3o de 150\u00b0 possibilita que o produto seja utilizado em pia de duas cubas.<\/p>\n<p>Produzido com os mais altos padr\u00f5es de qualidade, o monocomando recebe acabamento cromado bin\u00edquel, que proporciona alta durabilidade e maior resist\u00eancia \u00e0 corros\u00e3o, conservando a beleza e o brilho do produto por muito mais tempo.<\/p>\n","protected":false},"excerpt":{"rendered":"<p>Misturador Monocomando Cozinha M\u00f3vel LOGGICA CR<\/p>\n<p>Com um \u00fanico comando, o usu\u00e1rio controla a vaz\u00e3o e mistura \u00e1gua quente e fria com conforto e facilidade.<\/p>\n<p>Coldstart: Tecnologia que promove economia de \u00e1gua e energia ao permitir que o produto inicie o funcionamento em temperatura fria e seja aquecido \u00e0 medida que o usu\u00e1rio gira o volante para esquerda. Desta forma, o sistema reduz o consumo de energia com aquecedores el\u00e9tricos e diminui a emiss\u00e3o de CO2 em instala\u00e7\u00f5es com aquecimento a g\u00e1s.<\/p>\n<p>Bitola de: 1\/2&#8243;<\/p>\n<p>Funcionamento perfeito em baixa e alta press\u00e3o, de 0,2 a 4 kgf\/cm\u00b2 ou 3 a 57 psi.<\/p>\n<p>Temperatura m\u00e1xima da \u00e1gua: 70\u00b0C<\/p>\n<p>O arejador articul\u00e1vel, al\u00e9m de garantir economia de \u00e1gua, conforto para as m\u00e3os e evitar respingos, permite o direcionamento do fluxo.<\/p>\n<p>Garantia Toda Vida: qualidade e seguran\u00e7a por tempo indeterminado. Para mais informa\u00e7\u00f5es, acesse <a href=\"http:\/\/www.docol.com.br\/pt\/garantia\">http:\/\/www.docol.com.br\/pt\/garantia<\/a><\/p>\n<p>Acompanha dois flex\u00edveis de liga\u00e7\u00e3o de 90 cm<\/p>\n","protected":false},"featured_media":930,"comment_status":"open","ping_status":"closed","template":"","meta":[],"product_cat":[304,1188],"product_tag":[533],"_links":{"self":[{"href":"https:\/\/trenaferragens.com.br\/index.php?rest_route=\/wp\/v2\/product\/3979"}],"collection":[{"href":"https:\/\/trenaferragens.com.br\/index.php?rest_route=\/wp\/v2\/product"}],"about":[{"href":"https:\/\/trenaferragens.com.br\/index.php?rest_route=\/wp\/v2\/types\/product"}],"replies":[{"embeddable":true,"href":"https:\/\/trenaferragens.com.br\/index.php?rest_route=%2Fwp%2Fv2%2Fcomments&post=3979"}],"wp:featuredmedia":[{"embeddable":true,"href":"https:\/\/trenaferragens.com.br\/index.php?rest_route=\/wp\/v2\/media\/930"}],"wp:attachment":[{"href":"https:\/\/trenaferragens.com.br\/index.php?rest_route=%2Fwp%2Fv2%2Fmedia&parent=3979"}],"wp:term":[{"taxonomy":"product_cat","embeddable":true,"href":"https:\/\/trenaferragens.com.br\/index.php?rest_route=%2Fwp%2Fv2%2Fproduct_cat&post=3979"},{"taxonomy":"product_tag","embeddable":true,"href":"https:\/\/trenaferragens.com.br\/index.php?rest_route=%2Fwp%2Fv2%2Fproduct_tag&post=3979"}],"curies":[{"name":"wp","href":"https:\/\/api.w.org\/{rel}","templated":true}]}}