{"id":3981,"date":"2018-08-01T15:23:15","date_gmt":"2018-08-01T15:23:15","guid":{"rendered":"http:\/\/trenaferragens1.hospedagemdesites.ws\/produto\/import-placeholder-for-5238\/"},"modified":"2018-08-01T15:23:37","modified_gmt":"2018-08-01T15:23:37","slug":"misturador-monocomando-lavatorio-mesa-loggica-cr","status":"publish","type":"product","link":"https:\/\/trenaferragens.com.br\/?product=misturador-monocomando-lavatorio-mesa-loggica-cr","title":{"rendered":"Misturador Monocomando Lavat\u00f3rio Mesa LOGGICA CR"},"content":{"rendered":"<p>Misturador Monocomando Lavat\u00f3rio Mesa LOGGICA CR<\/p>\n<p>L\u00d3GGICA<\/p>\n<p>A linha L\u00f3ggica \u00e9 sin\u00f4nimo de versatilidade para todos os ambientes. Seu design flex\u00edvel e moderno viabiliza os mais variados projetos.<\/p>\n<p>Pr\u00e1ticos, os monocomandos permitem o ajuste de temperatura e intensidade do jato com apenas uma m\u00e3o, de maneira simples e intuitiva, utilizando uma \u00fanica alavanca.<\/p>\n<p>Produzidos com os mais altos padr\u00f5es de qualidade, os produtos recebem acabamento cromado bin\u00edquel, que proporciona alta durabilidade e maior resist\u00eancia \u00e0 corros\u00e3o, conservando a beleza e o brilho dos produtos por muito mais tempo.<\/p>\n<p>Al\u00e9m de resistente, a linha L\u00f3ggica garante tamb\u00e9m economia de \u00e1gua. Os misturadores s\u00e3o desenvolvidos com arejadores que introduzem bolhas de ar ao fluxo e criam um jato mais volumoso que, al\u00e9m de proporcionar maior conforto, reduz o consumo de \u00e1gua.<\/p>\n","protected":false},"excerpt":{"rendered":"<p>Misturador Monocomando Lavat\u00f3rio Mesa LOGGICA CR<\/p>\n<p>Com um \u00fanico comando, o usu\u00e1rio controla a vaz\u00e3o e mistura \u00e1gua quente e fria com conforto e facilidade.<\/p>\n<p>Coldstart: Tecnologia que promove economia de \u00e1gua e energia ao permitir que o produto inicie o funcionamento em temperatura fria e seja aquecido \u00e0 medida que o usu\u00e1rio gira o volante para esquerda. Desta forma, o sistema reduz o consumo de energia com aquecedores el\u00e9tricos e diminui a emiss\u00e3o de CO2 em instala\u00e7\u00f5es com aquecimento a g\u00e1s.<\/p>\n<p>Bitola de: 1\/2&#8243;<\/p>\n<p>Funcionamento perfeito em baixa e alta press\u00e3o, de 0,2 a 4 kgf\/cm\u00b2 ou 3 a 57 psi.<\/p>\n<p>Temperatura m\u00e1xima da \u00e1gua: 70\u00b0C<\/p>\n<p>O arejador embutido, al\u00e9m de garantir economia de \u00e1gua, conforto para as m\u00e3os e evitar respingos, deixa o visual da bica mais clean.<\/p>\n<p>Garantia Toda Vida: qualidade e seguran\u00e7a por tempo indeterminado. Para mais informa\u00e7\u00f5es, acesse <a href=\"http:\/\/www.docol.com.br\/pt\/garantia\">http:\/\/www.docol.com.br\/pt\/garantia<\/a><\/p>\n<p>Acompanha V\u00e1lvula de Sa\u00edda de \u00c1gua<\/p>\n<p>Acompanha flex\u00edveis de liga\u00e7\u00e3o de 90 cm<\/p>\n","protected":false},"featured_media":937,"comment_status":"open","ping_status":"closed","template":"","meta":[],"product_cat":[304,1188],"product_tag":[535],"_links":{"self":[{"href":"https:\/\/trenaferragens.com.br\/index.php?rest_route=\/wp\/v2\/product\/3981"}],"collection":[{"href":"https:\/\/trenaferragens.com.br\/index.php?rest_route=\/wp\/v2\/product"}],"about":[{"href":"https:\/\/trenaferragens.com.br\/index.php?rest_route=\/wp\/v2\/types\/product"}],"replies":[{"embeddable":true,"href":"https:\/\/trenaferragens.com.br\/index.php?rest_route=%2Fwp%2Fv2%2Fcomments&post=3981"}],"wp:featuredmedia":[{"embeddable":true,"href":"https:\/\/trenaferragens.com.br\/index.php?rest_route=\/wp\/v2\/media\/937"}],"wp:attachment":[{"href":"https:\/\/trenaferragens.com.br\/index.php?rest_route=%2Fwp%2Fv2%2Fmedia&parent=3981"}],"wp:term":[{"taxonomy":"product_cat","embeddable":true,"href":"https:\/\/trenaferragens.com.br\/index.php?rest_route=%2Fwp%2Fv2%2Fproduct_cat&post=3981"},{"taxonomy":"product_tag","embeddable":true,"href":"https:\/\/trenaferragens.com.br\/index.php?rest_route=%2Fwp%2Fv2%2Fproduct_tag&post=3981"}],"curies":[{"name":"wp","href":"https:\/\/api.w.org\/{rel}","templated":true}]}}