{"id":3984,"date":"2018-08-01T15:23:17","date_gmt":"2018-08-01T15:23:17","guid":{"rendered":"http:\/\/trenaferragens1.hospedagemdesites.ws\/produto\/import-placeholder-for-5244\/"},"modified":"2018-08-01T15:23:58","modified_gmt":"2018-08-01T15:23:58","slug":"misturador-cozinha-mesa-street-cr","status":"publish","type":"product","link":"https:\/\/trenaferragens.com.br\/?product=misturador-cozinha-mesa-street-cr","title":{"rendered":"Misturador Cozinha Mesa STREET CR"},"content":{"rendered":"<p>Misturador Cozinha Mesa STREET CR<\/p>\n<p>STREET<\/p>\n<p>A linha Street \u00e9 resultado da combina\u00e7\u00e3o perfeita entre formas curvas e retas trazendo modernidade e eleg\u00e2ncia para sua cozinha. Com design pr\u00e1tico e formas minimalistas, os produtos combinam com os mais variados ambientes.<\/p>\n<p>A bica girat\u00f3ria com rota\u00e7\u00e3o de 360\u00b0 possibilita que as torneiras e misturadores da linha Street sejam utilizados em pia de duas cubas. O duplo anel de veda\u00e7\u00e3o presente no cartucho garante total estanqueidade, e o volante em formato de cruzeta garante maior firmeza e precis\u00e3o na abertura e no fechamento.<\/p>\n<p>Produzidos com os mais altos padr\u00f5es de qualidade, os produtos recebem acabamento cromado bin\u00edquel, que proporciona alta durabilidade e maior resist\u00eancia \u00e0 corros\u00e3o, conservando a beleza e o brilho do produto por muito mais tempo.<\/p>\n","protected":false},"excerpt":{"rendered":"<p>Misturador Cozinha Mesa STREET CR<\/p>\n<p>Cartucho com pastilha cer\u00e2mica de alta performance com 1\/4 de volta: maior facilidade e precis\u00e3o na regulagem da vaz\u00e3o, com acionamento leve e veda\u00e7\u00e3o perfeita.<\/p>\n<p>Bitola de: 1\/2&#8243;<\/p>\n<p>Funcionamento perfeito em baixa e alta press\u00e3o, de 0,2 a 4 kgf\/cm\u00b2 ou 3 a 57 psi.<\/p>\n<p>Temperatura m\u00e1xima da \u00e1gua: 70\u00b0C<\/p>\n<p>O arejador articul\u00e1vel, al\u00e9m de garantir economia de \u00e1gua, conforto para as m\u00e3os e evitar respingos, permite o direcionamento do fluxo.<\/p>\n<p>Garantia Toda Vida: qualidade e seguran\u00e7a por tempo indeterminado. Para mais informa\u00e7\u00f5es, acesse <a href=\"http:\/\/www.docol.com.br\/pt\/garantia\">http:\/\/www.docol.com.br\/pt\/garantia<\/a><\/p>\n","protected":false},"featured_media":940,"comment_status":"open","ping_status":"closed","template":"","meta":[],"product_cat":[304,1188],"product_tag":[537],"_links":{"self":[{"href":"https:\/\/trenaferragens.com.br\/index.php?rest_route=\/wp\/v2\/product\/3984"}],"collection":[{"href":"https:\/\/trenaferragens.com.br\/index.php?rest_route=\/wp\/v2\/product"}],"about":[{"href":"https:\/\/trenaferragens.com.br\/index.php?rest_route=\/wp\/v2\/types\/product"}],"replies":[{"embeddable":true,"href":"https:\/\/trenaferragens.com.br\/index.php?rest_route=%2Fwp%2Fv2%2Fcomments&post=3984"}],"wp:featuredmedia":[{"embeddable":true,"href":"https:\/\/trenaferragens.com.br\/index.php?rest_route=\/wp\/v2\/media\/940"}],"wp:attachment":[{"href":"https:\/\/trenaferragens.com.br\/index.php?rest_route=%2Fwp%2Fv2%2Fmedia&parent=3984"}],"wp:term":[{"taxonomy":"product_cat","embeddable":true,"href":"https:\/\/trenaferragens.com.br\/index.php?rest_route=%2Fwp%2Fv2%2Fproduct_cat&post=3984"},{"taxonomy":"product_tag","embeddable":true,"href":"https:\/\/trenaferragens.com.br\/index.php?rest_route=%2Fwp%2Fv2%2Fproduct_tag&post=3984"}],"curies":[{"name":"wp","href":"https:\/\/api.w.org\/{rel}","templated":true}]}}