{"id":3992,"date":"2018-08-01T15:23:43","date_gmt":"2018-08-01T15:23:43","guid":{"rendered":"http:\/\/trenaferragens1.hospedagemdesites.ws\/produto\/import-placeholder-for-5261\/"},"modified":"2018-08-01T15:24:03","modified_gmt":"2018-08-01T15:24:03","slug":"registro-basetec-pvc-ceramico-1-2-volta-25mm","status":"publish","type":"product","link":"https:\/\/trenaferragens.com.br\/?product=registro-basetec-pvc-ceramico-1-2-volta-25mm","title":{"rendered":"Registro BaseTec PVC Cer\u00e2mico 1\/2 Volta 25MM"},"content":{"rendered":"<p>Registro BaseTec PVC Cer\u00e2mico 1\/2 Volta 25MM<\/p>\n<p>REGISTRO DOCOLBASE BASETEC PVC<\/p>\n<p>Uma nova proposta em registro para chuveiro el\u00e9trico ou \u00e1gua fria com alta tecnologia aplicada. Mais qualidade e rentabilidade para sua obra, com a garantia Docol.<br \/>\nSeu acionamento em 1\/2 volta proporciona melhor alinhamento dos acabamentos em formatos de alavanca. E garantem longa vida \u00fatil com mais de 500 mil ciclos de abertura e fechamento.<br \/>\nPossui eixo met\u00e1lico que apresenta maior resist\u00eancia ao esfor\u00e7o no acionamento. Seu duplo anel de veda\u00e7\u00e3o proporciona maior durabilidade e seguran\u00e7a contra vazamentos. Corpo do produto em pe\u00e7a \u00fanica, sem emendas: n\u00e3o necessita conex\u00f5es e equipamentos para instala\u00e7\u00e3o.<\/p>\n","protected":false},"excerpt":{"rendered":"<p>Registro BaseTec PVC Cer\u00e2mico 1\/2 Volta 25MM<\/p>\n<p>Pastilha cer\u00e2mica. \u00danica linha deste segmento a utilizar pastilha cer\u00e2mica que proporciona veda\u00e7\u00e3o perfeita.<\/p>\n<p>Eixo met\u00e1lico: maior resist\u00eancia ao esfor\u00e7o no acionamento.<\/p>\n<p>Duplo anel de veda\u00e7\u00e3o: maior seguran\u00e7a contra vazamentos.<\/p>\n<p>Press\u00e3o m\u00e1xima de uso recomendada: 75 m.c.a.<\/p>\n<p>Corpo em pe\u00e7a \u00fanica, sem emendas.<\/p>\n<p>Acionamento: 1\/2 volta que proporciona melhor alinhamento dos acabamentos em formatos de alavanca.<\/p>\n<p>Temperatura da \u00e1gua:<\/p>\n<p>At\u00e9 45 \u00baC para locais com press\u00e3o m\u00e1xima de 45 m.c.a.<\/p>\n<p>At\u00e9 25 \u00baC para locais com press\u00e3o m\u00e1xima de 75 m.c.a.<\/p>\n<p>N\u00e3o necessita conex\u00f5es e equipamentos para instala\u00e7\u00e3o.<\/p>\n<p>Bitola de: 25 mm<\/p>\n<p>Funcionamento perfeito at\u00e9 a press\u00e3o m\u00e1xima de 7,5 kgf\/cm\u00b2 (107 psi).<\/p>\n<p>Garantia Toda Vida: qualidade e seguran\u00e7a por tempo indeterminado. Para mais informa\u00e7\u00f5es, acesse <a href=\"http:\/\/www.docol.com.br\/pt\/garantia\">http:\/\/www.docol.com.br\/pt\/garantia<\/a><\/p>\n","protected":false},"featured_media":948,"comment_status":"open","ping_status":"closed","template":"","meta":[],"product_cat":[304,168],"product_tag":[545],"_links":{"self":[{"href":"https:\/\/trenaferragens.com.br\/index.php?rest_route=\/wp\/v2\/product\/3992"}],"collection":[{"href":"https:\/\/trenaferragens.com.br\/index.php?rest_route=\/wp\/v2\/product"}],"about":[{"href":"https:\/\/trenaferragens.com.br\/index.php?rest_route=\/wp\/v2\/types\/product"}],"replies":[{"embeddable":true,"href":"https:\/\/trenaferragens.com.br\/index.php?rest_route=%2Fwp%2Fv2%2Fcomments&post=3992"}],"wp:featuredmedia":[{"embeddable":true,"href":"https:\/\/trenaferragens.com.br\/index.php?rest_route=\/wp\/v2\/media\/948"}],"wp:attachment":[{"href":"https:\/\/trenaferragens.com.br\/index.php?rest_route=%2Fwp%2Fv2%2Fmedia&parent=3992"}],"wp:term":[{"taxonomy":"product_cat","embeddable":true,"href":"https:\/\/trenaferragens.com.br\/index.php?rest_route=%2Fwp%2Fv2%2Fproduct_cat&post=3992"},{"taxonomy":"product_tag","embeddable":true,"href":"https:\/\/trenaferragens.com.br\/index.php?rest_route=%2Fwp%2Fv2%2Fproduct_tag&post=3992"}],"curies":[{"name":"wp","href":"https:\/\/api.w.org\/{rel}","templated":true}]}}