{"id":3993,"date":"2018-08-01T15:23:44","date_gmt":"2018-08-01T15:23:44","guid":{"rendered":"http:\/\/trenaferragens1.hospedagemdesites.ws\/produto\/import-placeholder-for-5263\/"},"modified":"2018-08-01T15:24:04","modified_gmt":"2018-08-01T15:24:04","slug":"registro-rp-jet-30-3-4","status":"publish","type":"product","link":"https:\/\/trenaferragens.com.br\/?product=registro-rp-jet-30-3-4","title":{"rendered":"Registro RP Jet-30 3\/4"},"content":{"rendered":"<p>Registro RP Jet-30 3\/4<\/p>\n<p>REGISTRO BRUTO JET 30<\/p>\n<p>Os registros s\u00e3o \u00e1geis, pr\u00e1ticos e econ\u00f4micos. Seu exclusivo sistema elimina conex\u00f5es, reduzindo o custo total da instala\u00e7\u00e3o. A conex\u00e3o do registro ao tubo \u00e9 feita com a utiliza\u00e7\u00e3o do Adaptador Jet 30 para CPVC ou PVC.<\/p>\n<p>Apresentam facilidade na instala\u00e7\u00e3o, que pode ser feita manualmente, sem a necessidade de chave ou outras ferramentas. \u00a0Em caso de erro de instala\u00e7\u00e3o, o adaptador pode ser substitu\u00eddo sem comprometer os registros.<\/p>\n<p>O produto \u00e9 destinado a interromper ou regular a vaz\u00e3o de \u00e1gua por meio de um eficiente sistema de veda\u00e7\u00e3o. Possui mecanismo totalmente feito de lat\u00e3o. Conta com tripla veda\u00e7\u00e3o O&#8217;ring ao longo do eixo, que proporciona maior durabilidade contra vazamentos.<\/p>\n<p>Atende \u00e0 Norma de Registro de Press\u00e3o para instala\u00e7\u00f5es hidr\u00e1ulicas prediais ABNT NBR 15704-1.<\/p>\n","protected":false},"excerpt":{"rendered":"<p>Registro RP Jet-30 3\/4<\/p>\n<p>Sistema de acionamento rotativo: proporciona veda\u00e7\u00e3o perfeita e facilidade na regulagem da vaz\u00e3o.<\/p>\n<p>Bitola: 1\/2&#8243; e 3\/4&#8243;<\/p>\n<p>Press\u00e3o m\u00e1xima de uso recomendada: 14 kgf\/cm\u00b2 ou 199 psi<\/p>\n<p>Temperatura m\u00e1xima da \u00e1gua: 70\u00b0C<\/p>\n<p>Garantia Toda Vida: qualidade e seguran\u00e7a por tempo indeterminado. Para mais informa\u00e7\u00f5es, acesse <a href=\"http:\/\/www.docol.com.br\/pt\/garantia\">http:\/\/www.docol.com.br\/pt\/garantia<\/a><\/p>\n","protected":false},"featured_media":949,"comment_status":"open","ping_status":"closed","template":"","meta":[],"product_cat":[304,168],"product_tag":[546],"_links":{"self":[{"href":"https:\/\/trenaferragens.com.br\/index.php?rest_route=\/wp\/v2\/product\/3993"}],"collection":[{"href":"https:\/\/trenaferragens.com.br\/index.php?rest_route=\/wp\/v2\/product"}],"about":[{"href":"https:\/\/trenaferragens.com.br\/index.php?rest_route=\/wp\/v2\/types\/product"}],"replies":[{"embeddable":true,"href":"https:\/\/trenaferragens.com.br\/index.php?rest_route=%2Fwp%2Fv2%2Fcomments&post=3993"}],"wp:featuredmedia":[{"embeddable":true,"href":"https:\/\/trenaferragens.com.br\/index.php?rest_route=\/wp\/v2\/media\/949"}],"wp:attachment":[{"href":"https:\/\/trenaferragens.com.br\/index.php?rest_route=%2Fwp%2Fv2%2Fmedia&parent=3993"}],"wp:term":[{"taxonomy":"product_cat","embeddable":true,"href":"https:\/\/trenaferragens.com.br\/index.php?rest_route=%2Fwp%2Fv2%2Fproduct_cat&post=3993"},{"taxonomy":"product_tag","embeddable":true,"href":"https:\/\/trenaferragens.com.br\/index.php?rest_route=%2Fwp%2Fv2%2Fproduct_tag&post=3993"}],"curies":[{"name":"wp","href":"https:\/\/api.w.org\/{rel}","templated":true}]}}