{"id":3997,"date":"2018-08-01T15:23:46","date_gmt":"2018-08-01T15:23:46","guid":{"rendered":"http:\/\/trenaferragens1.hospedagemdesites.ws\/produto\/import-placeholder-for-5271\/"},"modified":"2018-08-01T15:24:07","modified_gmt":"2018-08-01T15:24:07","slug":"torneira-cozinha-mesa-movel-pertutti","status":"publish","type":"product","link":"https:\/\/trenaferragens.com.br\/?product=torneira-cozinha-mesa-movel-pertutti","title":{"rendered":"Torneira Cozinha Mesa M\u00f3vel PERTUTTI"},"content":{"rendered":"<p>Torneira Cozinha Mesa M\u00f3vel PERTUTTI<\/p>\n<p>PERTUTTI<\/p>\n<p>Os produtos da linha Pertutti proporcionam alta durabilidade e f\u00e1cil instala\u00e7\u00e3o e manuten\u00e7\u00e3o. Vers\u00e1til, possui um mix completo de produtos para banheiro, lavabos, cozinha e \u00e1reas externas. \u00a0A bica girat\u00f3ria com rota\u00e7\u00e3o de 360\u00b0 proporciona maior mobilidade e possibilita que o produto seja utilizado em pia de duas cubas.<\/p>\n<p>Seu volante em cruzeta proporciona maior precis\u00e3o e firmeza na abertura e no fechamento.<\/p>\n<p>Al\u00e9m de funcionais, os produtos da linha Pertutti s\u00e3o produzidos com acabamento cromado bin\u00edquel de alta durabilidade e maior resist\u00eancia \u00e0 corros\u00e3o, conservando a beleza e o brilho do produto por muito mais tempo.<\/p>\n","protected":false},"excerpt":{"rendered":"<p>Torneira Cozinha Mesa M\u00f3vel PERTUTTI<\/p>\n<p>Sistema de acionamento rotativo: proporciona veda\u00e7\u00e3o perfeita e facilidade na regulagem da vaz\u00e3o.<\/p>\n<p>Bitola: 1\/2&#8243;<\/p>\n<p>Funcionamento perfeito em baixa e alta press\u00e3o, de 0,2 a 4 kgf\/cm\u00b2 ou 3 a 57 psi.<\/p>\n<p>Temperatura m\u00e1xima da \u00e1gua: 70\u00b0C<\/p>\n<p>Garantia Toda Vida: qualidade e seguran\u00e7a por tempo indeterminado. Para mais informa\u00e7\u00f5es, acesse\u00a0<a href=\"mailto:export@docol.com.br\" target=\"_blank\" rel=\"noopener\">http:\/\/www.docol.com.br\/pt\/garantia<\/a><\/p>\n","protected":false},"featured_media":953,"comment_status":"open","ping_status":"closed","template":"","meta":[],"product_cat":[304,1188],"product_tag":[550],"_links":{"self":[{"href":"https:\/\/trenaferragens.com.br\/index.php?rest_route=\/wp\/v2\/product\/3997"}],"collection":[{"href":"https:\/\/trenaferragens.com.br\/index.php?rest_route=\/wp\/v2\/product"}],"about":[{"href":"https:\/\/trenaferragens.com.br\/index.php?rest_route=\/wp\/v2\/types\/product"}],"replies":[{"embeddable":true,"href":"https:\/\/trenaferragens.com.br\/index.php?rest_route=%2Fwp%2Fv2%2Fcomments&post=3997"}],"wp:featuredmedia":[{"embeddable":true,"href":"https:\/\/trenaferragens.com.br\/index.php?rest_route=\/wp\/v2\/media\/953"}],"wp:attachment":[{"href":"https:\/\/trenaferragens.com.br\/index.php?rest_route=%2Fwp%2Fv2%2Fmedia&parent=3997"}],"wp:term":[{"taxonomy":"product_cat","embeddable":true,"href":"https:\/\/trenaferragens.com.br\/index.php?rest_route=%2Fwp%2Fv2%2Fproduct_cat&post=3997"},{"taxonomy":"product_tag","embeddable":true,"href":"https:\/\/trenaferragens.com.br\/index.php?rest_route=%2Fwp%2Fv2%2Fproduct_tag&post=3997"}],"curies":[{"name":"wp","href":"https:\/\/api.w.org\/{rel}","templated":true}]}}