{"id":4008,"date":"2018-08-01T15:23:54","date_gmt":"2018-08-01T15:23:54","guid":{"rendered":"http:\/\/trenaferragens1.hospedagemdesites.ws\/produto\/import-placeholder-for-5295\/"},"modified":"2018-08-01T15:24:15","modified_gmt":"2018-08-01T15:24:15","slug":"torneira-lavatorio-pressmatic-alfa-chrome","status":"publish","type":"product","link":"https:\/\/trenaferragens.com.br\/?product=torneira-lavatorio-pressmatic-alfa-chrome","title":{"rendered":"Torneira Lavat\u00f3rio PRESSMATIC ALFA CHROME"},"content":{"rendered":"<p>Torneira Lavat\u00f3rio PRESSMATIC ALFA CHROME<\/p>\n<p>PRESSMATIC TORNEIRAS<\/p>\n<p>As torneiras Pressmatic possuem um sistema de acionamento hidromec\u00e2nico, com leve press\u00e3o da m\u00e3o e fechamento autom\u00e1tico temporizado em aproximadamente 6 segundos. Um sistema pr\u00e1tico, que garante elevada vida \u00fatil, resist\u00eancia a depreda\u00e7\u00f5es e maior higiene: uma vez acionado, o usu\u00e1rio n\u00e3o tem mais contato com o produto.<\/p>\n<p>Al\u00e9m de pr\u00e1ticos, os produtos s\u00e3o altamente resistentes. Seu acabamento cromado bin\u00edquel de alta durabilidade e maior resist\u00eancia \u00e0 corros\u00e3o conserva a beleza e o brilho dos produtos por muito mais tempo.<\/p>\n","protected":false},"excerpt":{"rendered":"<p>Torneira Lavat\u00f3rio PRESSMATIC ALFA CHROME<\/p>\n<p>Bitola de: 1\/2&#8243;<\/p>\n<p>Funcionamento perfeito em baixa e alta press\u00e3o, de 0,2 a 4 kgf\/cm\u00b2 ou 3 a 57 psi.<\/p>\n<p>Temperatura m\u00e1xima da \u00e1gua: 40\u00b0C<\/p>\n<p>O arejador embutido, al\u00e9m de garantir economia de \u00e1gua, conforto para as m\u00e3os e evitar respingos, deixa o visual da bica mais clean.<\/p>\n<p>Garantia Toda Vida: qualidade e seguran\u00e7a por tempo indeterminado. Para mais informa\u00e7\u00f5es, acesse <a href=\"http:\/\/www.docol.com.br\/pt\/garantia\">http:\/\/www.docol.com.br\/pt\/garantia<\/a><\/p>\n","protected":false},"featured_media":982,"comment_status":"open","ping_status":"closed","template":"","meta":[],"product_cat":[304,1188],"product_tag":[561],"_links":{"self":[{"href":"https:\/\/trenaferragens.com.br\/index.php?rest_route=\/wp\/v2\/product\/4008"}],"collection":[{"href":"https:\/\/trenaferragens.com.br\/index.php?rest_route=\/wp\/v2\/product"}],"about":[{"href":"https:\/\/trenaferragens.com.br\/index.php?rest_route=\/wp\/v2\/types\/product"}],"replies":[{"embeddable":true,"href":"https:\/\/trenaferragens.com.br\/index.php?rest_route=%2Fwp%2Fv2%2Fcomments&post=4008"}],"wp:featuredmedia":[{"embeddable":true,"href":"https:\/\/trenaferragens.com.br\/index.php?rest_route=\/wp\/v2\/media\/982"}],"wp:attachment":[{"href":"https:\/\/trenaferragens.com.br\/index.php?rest_route=%2Fwp%2Fv2%2Fmedia&parent=4008"}],"wp:term":[{"taxonomy":"product_cat","embeddable":true,"href":"https:\/\/trenaferragens.com.br\/index.php?rest_route=%2Fwp%2Fv2%2Fproduct_cat&post=4008"},{"taxonomy":"product_tag","embeddable":true,"href":"https:\/\/trenaferragens.com.br\/index.php?rest_route=%2Fwp%2Fv2%2Fproduct_tag&post=4008"}],"curies":[{"name":"wp","href":"https:\/\/api.w.org\/{rel}","templated":true}]}}