{"id":4010,"date":"2018-08-01T15:23:55","date_gmt":"2018-08-01T15:23:55","guid":{"rendered":"http:\/\/trenaferragens1.hospedagemdesites.ws\/produto\/import-placeholder-for-5299\/"},"modified":"2018-08-01T15:24:17","modified_gmt":"2018-08-01T15:24:17","slug":"torneira-lavatorio-pressmatic-benefit","status":"publish","type":"product","link":"https:\/\/trenaferragens.com.br\/?product=torneira-lavatorio-pressmatic-benefit","title":{"rendered":"Torneira Lavat\u00f3rio PRESSMATIC BENEFIT"},"content":{"rendered":"<p>Torneira Lavat\u00f3rio PRESSMATIC BENEFIT<\/p>\n<p>TORNEIRA PRESSMATIC BENEFIT<\/p>\n<p>A linha de produtos Benefit foi desenvolvida para facilitar o dia a dia de pessoas com dificuldades motoras e f\u00edsicas, idosos e crian\u00e7a, com base na norma brasileira de regulamenta\u00e7\u00e3o de acessibilidade (NBR 9050).<\/p>\n<p>A torneira possui acionamento com leve press\u00e3o na alavanca, que proporciona praticidade ao usu\u00e1rio por aumentar a \u00e1rea de contato, al\u00e9m de reduzir a for\u00e7a de acionamento do produto em mais de 50%, baixando de 23N (Newtons) para apenas 10N (Newtons) a for\u00e7a necess\u00e1ria para o acionamento. Vem equipada com arejador embutido, que, al\u00e9m de evitar o vandalismo e facilitar a limpeza do produto, proporciona economia de \u00e1gua. Resistente, \u00e9 produzida com acabamento cromado bin\u00edquel de alta durabilidade e maior resist\u00eancia \u00e0 corros\u00e3o que conserva a beleza do produto por muito mais tempo.<\/p>\n","protected":false},"excerpt":{"rendered":"<p>Torneira Lavat\u00f3rio PRESSMATIC BENEFIT<\/p>\n<p>Bitola: 1\/2&#8243;<\/p>\n<p>Atende \u00e0 norma brasileira de regulamenta\u00e7\u00e3o da acessibilidade (NBR 9050).<\/p>\n<p>Press\u00e3o m\u00e1xima de uso recomendada: 14 kgf\/cm\u00b2 ou 199 psi<\/p>\n<p>Temperatura m\u00e1xima da \u00e1gua: 40\u00b0C<\/p>\n<p>O arejador embutido, al\u00e9m de garantir economia de \u00e1gua, conforto para as m\u00e3os e evitar respingos, deixa o visual da bica mais clean.<\/p>\n<p>Garantia Toda Vida: qualidade e seguran\u00e7a por tempo indeterminado. Para mais informa\u00e7\u00f5es, acesse <a href=\"http:\/\/www.docol.com.br\/pt\/garantia\">http:\/\/www.docol.com.br\/pt\/garantia<\/a><\/p>\n","protected":false},"featured_media":984,"comment_status":"open","ping_status":"closed","template":"","meta":[],"product_cat":[304,1188],"product_tag":[563],"_links":{"self":[{"href":"https:\/\/trenaferragens.com.br\/index.php?rest_route=\/wp\/v2\/product\/4010"}],"collection":[{"href":"https:\/\/trenaferragens.com.br\/index.php?rest_route=\/wp\/v2\/product"}],"about":[{"href":"https:\/\/trenaferragens.com.br\/index.php?rest_route=\/wp\/v2\/types\/product"}],"replies":[{"embeddable":true,"href":"https:\/\/trenaferragens.com.br\/index.php?rest_route=%2Fwp%2Fv2%2Fcomments&post=4010"}],"wp:featuredmedia":[{"embeddable":true,"href":"https:\/\/trenaferragens.com.br\/index.php?rest_route=\/wp\/v2\/media\/984"}],"wp:attachment":[{"href":"https:\/\/trenaferragens.com.br\/index.php?rest_route=%2Fwp%2Fv2%2Fmedia&parent=4010"}],"wp:term":[{"taxonomy":"product_cat","embeddable":true,"href":"https:\/\/trenaferragens.com.br\/index.php?rest_route=%2Fwp%2Fv2%2Fproduct_cat&post=4010"},{"taxonomy":"product_tag","embeddable":true,"href":"https:\/\/trenaferragens.com.br\/index.php?rest_route=%2Fwp%2Fv2%2Fproduct_tag&post=4010"}],"curies":[{"name":"wp","href":"https:\/\/api.w.org\/{rel}","templated":true}]}}