{"id":4011,"date":"2018-08-01T15:23:56","date_gmt":"2018-08-01T15:23:56","guid":{"rendered":"http:\/\/trenaferragens1.hospedagemdesites.ws\/produto\/import-placeholder-for-5301\/"},"modified":"2018-08-01T15:24:40","modified_gmt":"2018-08-01T15:24:40","slug":"torneira-lavatorio-street-chrome","status":"publish","type":"product","link":"https:\/\/trenaferragens.com.br\/?product=torneira-lavatorio-street-chrome","title":{"rendered":"Torneira Lavat\u00f3rio STREET CHROME"},"content":{"rendered":"<p>Torneira Lavat\u00f3rio STREET CHROME<\/p>\n<p>STREET<\/p>\n<p>A linha Street \u00e9 resultado da combina\u00e7\u00e3o perfeita entre formas curvas e retas trazendo modernidade e eleg\u00e2ncia para o seu banheiro. Com design pr\u00e1tico e formas minimalistas, os produtos combinam com os mais variados ambientes.<\/p>\n<p>Produzidos com os mais altos padr\u00f5es de qualidade, os metais recebem acabamento cromado bin\u00edquel que proporciona alta durabilidade e maior resist\u00eancia \u00e0 corros\u00e3o, conservando a beleza e o brilho dos produtos por muito mais tempo.<\/p>\n<p>Al\u00e9m de resistentes, as torneiras e misturadores garantem tamb\u00e9m economia de \u00e1gua. Esses produtos s\u00e3o desenvolvidos com arejadores que introduzem bolhas de ar ao fluxo e criam um jato mais volumoso que, al\u00e9m de proporcionar maior conforto, reduz o consumo de \u00e1gua.<\/p>\n","protected":false},"excerpt":{"rendered":"<p>Torneira Lavat\u00f3rio STREET CHROME<\/p>\n<p>Cartucho com pastilha cer\u00e2mica de alta performance com 1\/4 de volta: maior facilidade e precis\u00e3o na regulagem da vaz\u00e3o, com acionamento leve e veda\u00e7\u00e3o perfeita.<\/p>\n<p>Bitola de: 1\/2&#8243;<\/p>\n<p>Funcionamento perfeito em baixa e alta press\u00e3o, de 0,2 a 4 kgf\/cm\u00b2 ou 3 a 57 psi.<\/p>\n<p>Temperatura m\u00e1xima da \u00e1gua: 70\u00b0C<\/p>\n<p>O arejador embutido, al\u00e9m de garantir economia de \u00e1gua, conforto para as m\u00e3os e evitar respingos, deixa o visual da bica mais clean.<\/p>\n<p>Garantia Toda Vida: qualidade e seguran\u00e7a por tempo indeterminado. Para mais informa\u00e7\u00f5es, acesse <a href=\"http:\/\/www.docol.com.br\/pt\/garantia\">http:\/\/www.docol.com.br\/pt\/garantia<\/a><\/p>\n","protected":false},"featured_media":985,"comment_status":"open","ping_status":"closed","template":"","meta":[],"product_cat":[304,1188],"product_tag":[564],"_links":{"self":[{"href":"https:\/\/trenaferragens.com.br\/index.php?rest_route=\/wp\/v2\/product\/4011"}],"collection":[{"href":"https:\/\/trenaferragens.com.br\/index.php?rest_route=\/wp\/v2\/product"}],"about":[{"href":"https:\/\/trenaferragens.com.br\/index.php?rest_route=\/wp\/v2\/types\/product"}],"replies":[{"embeddable":true,"href":"https:\/\/trenaferragens.com.br\/index.php?rest_route=%2Fwp%2Fv2%2Fcomments&post=4011"}],"wp:featuredmedia":[{"embeddable":true,"href":"https:\/\/trenaferragens.com.br\/index.php?rest_route=\/wp\/v2\/media\/985"}],"wp:attachment":[{"href":"https:\/\/trenaferragens.com.br\/index.php?rest_route=%2Fwp%2Fv2%2Fmedia&parent=4011"}],"wp:term":[{"taxonomy":"product_cat","embeddable":true,"href":"https:\/\/trenaferragens.com.br\/index.php?rest_route=%2Fwp%2Fv2%2Fproduct_cat&post=4011"},{"taxonomy":"product_tag","embeddable":true,"href":"https:\/\/trenaferragens.com.br\/index.php?rest_route=%2Fwp%2Fv2%2Fproduct_tag&post=4011"}],"curies":[{"name":"wp","href":"https:\/\/api.w.org\/{rel}","templated":true}]}}