{"id":4015,"date":"2018-08-01T15:24:21","date_gmt":"2018-08-01T15:24:21","guid":{"rendered":"http:\/\/trenaferragens1.hospedagemdesites.ws\/produto\/import-placeholder-for-5309\/"},"modified":"2018-08-01T15:24:42","modified_gmt":"2018-08-01T15:24:42","slug":"valvula-chuveiro-eletrico-bp-press-cr","status":"publish","type":"product","link":"https:\/\/trenaferragens.com.br\/?product=valvula-chuveiro-eletrico-bp-press-cr","title":{"rendered":"V\u00e1lvula Chuveiro El\u00e9trico BP. PRESS CR"},"content":{"rendered":"<p>V\u00e1lvula Chuveiro El\u00e9trico BP. PRESS CR<\/p>\n<p>PRESSMATIC CHUVEIROS<\/p>\n<p>Os produtos da linha Pressmatic Chuveiros possuem acionamento manual hidromec\u00e2nico e fechamento autom\u00e1tico temporizado. Esses produtos proporcionam at\u00e9 60% de economia de \u00e1gua no banho &#8211; atividade di\u00e1ria respons\u00e1vel pelo maior consumo de \u00e1gua em resid\u00eancias.<\/p>\n<p>Proporcionam maior seguran\u00e7a e economia ao ambiente, pois possuem fechamento autom\u00e1tico em aproximadamente 30 segundos e volante com sistema antifurto, fixado por parafuso sextavado interno.<\/p>\n","protected":false},"excerpt":{"rendered":"<p>V\u00e1lvula Chuveiro El\u00e9trico BP. PRESS CR<\/p>\n<p>Bitola de: 3\/4&#8243;<\/p>\n<p>Funcionamento perfeito em baixa press\u00e3o, de 0,2 a 1 kgf\/cm\u00b2 ou 3 a 15 psi<\/p>\n<p>Temperatura m\u00e1xima da \u00e1gua: 70\u00b0C<\/p>\n<p>Garantia Toda Vida: qualidade e seguran\u00e7a por tempo indeterminado. Para mais informa\u00e7\u00f5es, acesse <a href=\"http:\/\/www.docol.com.br\/pt\/garantia\">http:\/\/www.docol.com.br\/pt\/garantia<\/a><\/p>\n","protected":false},"featured_media":1003,"comment_status":"open","ping_status":"closed","template":"","meta":[],"product_cat":[304,1188],"product_tag":[568],"_links":{"self":[{"href":"https:\/\/trenaferragens.com.br\/index.php?rest_route=\/wp\/v2\/product\/4015"}],"collection":[{"href":"https:\/\/trenaferragens.com.br\/index.php?rest_route=\/wp\/v2\/product"}],"about":[{"href":"https:\/\/trenaferragens.com.br\/index.php?rest_route=\/wp\/v2\/types\/product"}],"replies":[{"embeddable":true,"href":"https:\/\/trenaferragens.com.br\/index.php?rest_route=%2Fwp%2Fv2%2Fcomments&post=4015"}],"wp:featuredmedia":[{"embeddable":true,"href":"https:\/\/trenaferragens.com.br\/index.php?rest_route=\/wp\/v2\/media\/1003"}],"wp:attachment":[{"href":"https:\/\/trenaferragens.com.br\/index.php?rest_route=%2Fwp%2Fv2%2Fmedia&parent=4015"}],"wp:term":[{"taxonomy":"product_cat","embeddable":true,"href":"https:\/\/trenaferragens.com.br\/index.php?rest_route=%2Fwp%2Fv2%2Fproduct_cat&post=4015"},{"taxonomy":"product_tag","embeddable":true,"href":"https:\/\/trenaferragens.com.br\/index.php?rest_route=%2Fwp%2Fv2%2Fproduct_tag&post=4015"}],"curies":[{"name":"wp","href":"https:\/\/api.w.org\/{rel}","templated":true}]}}