{"id":4016,"date":"2018-08-01T15:24:22","date_gmt":"2018-08-01T15:24:22","guid":{"rendered":"http:\/\/trenaferragens1.hospedagemdesites.ws\/produto\/import-placeholder-for-5311\/"},"modified":"2018-08-01T15:24:43","modified_gmt":"2018-08-01T15:24:43","slug":"valvula-de-lavatorio-1-universal","status":"publish","type":"product","link":"https:\/\/trenaferragens.com.br\/?product=valvula-de-lavatorio-1-universal","title":{"rendered":"V\u00e1lvula de Lavat\u00f3rio 1 Universal"},"content":{"rendered":"<p>V\u00e1lvula de Lavat\u00f3rio 1 Universal<\/p>\n<p>As V\u00e1lvulas de Sa\u00edda de \u00c1gua Universal para Lavat\u00f3rio Docol s\u00e3o ideais para complementar o projeto do seu banheiro com mais beleza e praticidade. Podem ser instaladas em cubas com e sem ladr\u00e3o.<br \/>\nO produto Atende \u00e0 Norma de V\u00e1lvulas de Escoamento ABNT NBR 15423 e acompanha tamp\u00e3o de metal.<\/p>\n","protected":false},"excerpt":{"rendered":"<p>V\u00e1lvula de Lavat\u00f3rio 1 Universal<\/p>\n<p>As V\u00e1lvulas de Sa\u00edda de \u00c1gua Universal para Lavat\u00f3rio Docol s\u00e3o ideais para complementar o projeto do seu banheiro com mais beleza e praticidade.<\/p>\n<p>Podem ser instaladas em cubas com e sem ladr\u00e3o.<\/p>\n<p>As V\u00e1lvulas de Sa\u00edda de \u00c1gua DocolArte e DocolLuxo acompanham tamp\u00e3o de metal.<\/p>\n<p>A V\u00e1lvula de Sa\u00edda de \u00c1gua DocolEspecial acompanha tamp\u00e3o pl\u00e1stico.<\/p>\n<p>Atende \u00e0 Norma de V\u00e1lvulas de Escoamento ABNT NBR 15423.<\/p>\n<p>Garantia Toda Vida: qualidade e seguran\u00e7a por tempo indeterminado. Para mais informa\u00e7\u00f5es, acesse <a href=\"http:\/\/www.docol.com.br\/pt\/garantia\">http:\/\/www.docol.com.br\/pt\/garantia<\/a><\/p>\n","protected":false},"featured_media":1004,"comment_status":"open","ping_status":"closed","template":"","meta":[],"product_cat":[304,168],"product_tag":[569],"_links":{"self":[{"href":"https:\/\/trenaferragens.com.br\/index.php?rest_route=\/wp\/v2\/product\/4016"}],"collection":[{"href":"https:\/\/trenaferragens.com.br\/index.php?rest_route=\/wp\/v2\/product"}],"about":[{"href":"https:\/\/trenaferragens.com.br\/index.php?rest_route=\/wp\/v2\/types\/product"}],"replies":[{"embeddable":true,"href":"https:\/\/trenaferragens.com.br\/index.php?rest_route=%2Fwp%2Fv2%2Fcomments&post=4016"}],"wp:featuredmedia":[{"embeddable":true,"href":"https:\/\/trenaferragens.com.br\/index.php?rest_route=\/wp\/v2\/media\/1004"}],"wp:attachment":[{"href":"https:\/\/trenaferragens.com.br\/index.php?rest_route=%2Fwp%2Fv2%2Fmedia&parent=4016"}],"wp:term":[{"taxonomy":"product_cat","embeddable":true,"href":"https:\/\/trenaferragens.com.br\/index.php?rest_route=%2Fwp%2Fv2%2Fproduct_cat&post=4016"},{"taxonomy":"product_tag","embeddable":true,"href":"https:\/\/trenaferragens.com.br\/index.php?rest_route=%2Fwp%2Fv2%2Fproduct_tag&post=4016"}],"curies":[{"name":"wp","href":"https:\/\/api.w.org\/{rel}","templated":true}]}}