{"id":4018,"date":"2018-08-01T15:24:23","date_gmt":"2018-08-01T15:24:23","guid":{"rendered":"http:\/\/trenaferragens1.hospedagemdesites.ws\/produto\/import-placeholder-for-5315\/"},"modified":"2018-08-01T15:24:44","modified_gmt":"2018-08-01T15:24:44","slug":"valvula-pedalmatic-chrome","status":"publish","type":"product","link":"https:\/\/trenaferragens.com.br\/?product=valvula-pedalmatic-chrome","title":{"rendered":"V\u00e1lvula PEDALMATIC CHROME"},"content":{"rendered":"<p>V\u00e1lvula PEDALMATIC CHROME<\/p>\n<p>PEDALMATIC<\/p>\n<p>Com instala\u00e7\u00e3o simplificada, a V\u00e1lvula para Parede ou Piso PedalMatic foi desenvolvida para ficar sobreposta ao piso ou fixada na parede, sem a necessidade de quebrar a alvenaria para embuti-la.<\/p>\n<p>Pr\u00e1tico, seu sistema de acionamento Joy Stick permite que a alavanca seja acionada em qualquer sentido, o que facilita o manuseio quando acionada com os p\u00e9s ou com os joelhos. Possui ainda pedal antideslizante que proporciona maior seguran\u00e7a e conforto ao usu\u00e1rio. Vers\u00e1til, o produto pode ser usado integrado com qualquer bica DocolMatic.<\/p>\n","protected":false},"excerpt":{"rendered":"<p>V\u00e1lvula PEDALMATIC CHROME<\/p>\n<p>Bitola de: 1\/2&#8243;<\/p>\n<p>Funcionamento perfeito em baixa e alta press\u00e3o, de 0,2 a 4 kgf\/cm\u00b2 ou 3 a 57 psi.<\/p>\n<p>Temperatura m\u00e1xima da \u00e1gua: 40\u00b0C<\/p>\n<p>Garantia Toda Vida: qualidade e seguran\u00e7a por tempo indeterminado. Para mais informa\u00e7\u00f5es, acesse <a href=\"http:\/\/www.docol.com.br\/pt\/garantia\">http:\/\/www.docol.com.br\/pt\/garantia<\/a><\/p>\n","protected":false},"featured_media":1006,"comment_status":"open","ping_status":"closed","template":"","meta":[],"product_cat":[304,168],"product_tag":[571],"_links":{"self":[{"href":"https:\/\/trenaferragens.com.br\/index.php?rest_route=\/wp\/v2\/product\/4018"}],"collection":[{"href":"https:\/\/trenaferragens.com.br\/index.php?rest_route=\/wp\/v2\/product"}],"about":[{"href":"https:\/\/trenaferragens.com.br\/index.php?rest_route=\/wp\/v2\/types\/product"}],"replies":[{"embeddable":true,"href":"https:\/\/trenaferragens.com.br\/index.php?rest_route=%2Fwp%2Fv2%2Fcomments&post=4018"}],"wp:featuredmedia":[{"embeddable":true,"href":"https:\/\/trenaferragens.com.br\/index.php?rest_route=\/wp\/v2\/media\/1006"}],"wp:attachment":[{"href":"https:\/\/trenaferragens.com.br\/index.php?rest_route=%2Fwp%2Fv2%2Fmedia&parent=4018"}],"wp:term":[{"taxonomy":"product_cat","embeddable":true,"href":"https:\/\/trenaferragens.com.br\/index.php?rest_route=%2Fwp%2Fv2%2Fproduct_cat&post=4018"},{"taxonomy":"product_tag","embeddable":true,"href":"https:\/\/trenaferragens.com.br\/index.php?rest_route=%2Fwp%2Fv2%2Fproduct_tag&post=4018"}],"curies":[{"name":"wp","href":"https:\/\/api.w.org\/{rel}","templated":true}]}}