{"id":4022,"date":"2018-08-01T15:24:25","date_gmt":"2018-08-01T15:24:25","guid":{"rendered":"http:\/\/trenaferragens1.hospedagemdesites.ws\/produto\/import-placeholder-for-5323\/"},"modified":"2018-08-01T15:24:46","modified_gmt":"2018-08-01T15:24:46","slug":"sifao-p-lavatorio-top-cr","status":"publish","type":"product","link":"https:\/\/trenaferragens.com.br\/?product=sifao-p-lavatorio-top-cr","title":{"rendered":"Sif\u00e3o P\/Lavat\u00f3rio Top CR"},"content":{"rendered":"<p>Sif\u00e3o P\/Lavat\u00f3rio Top CR<\/p>\n<p>SIF\u00c3O PARA LAVAT\u00d3RIO<\/p>\n<p>Os sif\u00f5es para lavat\u00f3rio Docol s\u00e3o feitos com tecnologia, excelentes mat\u00e9rias primas e respeito \u00e0s normas mundiais de qualidade. Oferecem ao usu\u00e1rio mais praticidade e seguran\u00e7a no dia-a-dia. A linha conta com sif\u00f5es com diversas op\u00e7\u00f5es em design, oferecendo solu\u00e7\u00f5es para os mais variados ambientes. Os produtos possuem acabamento cromado que oferece maior resist\u00eancia \u00e0 corros\u00e3o e conserva a beleza dos produtos por muito mais tempo. Al\u00e9m disso, contam com o exclusivo sistema Docol, com tampa remov\u00edvel de f\u00e1cil retirada que facilita a limpeza e possibilita a recupera\u00e7\u00e3o de objetos que acidentalmente possam cair no ralo.<\/p>\n","protected":false},"excerpt":{"rendered":"<p>Sif\u00e3o P\/Lavat\u00f3rio Top CR<\/p>\n<p>Sistema exclusivo Docol simples e f\u00e1cil de limpar: os res\u00edduos ficam depositados no reservat\u00f3rio, evitando o contato com o usu\u00e1rio durante a limpeza e permitindo que os objetos que caem acidentalmente no sif\u00e3o sejam recuperados.<\/p>\n<p>Sistema Anti-odor: Impede o retorno de gases existentes nas tubula\u00e7\u00f5es de esgoto.<\/p>\n<p>Atende \u00e0 norma de aparelhos sanit\u00e1rios Sif\u00e3o ABNT NBR 14162.<\/p>\n<p>Bitola de: 1 1\/2&#8243;<\/p>\n<p>Temperatura m\u00e1xima da \u00e1gua: 70\u00b0C<\/p>\n<p>Garantia Toda Vida: qualidade e seguran\u00e7a por tempo indeterminado. Para mais informa\u00e7\u00f5es, acesse <a href=\"http:\/\/www.docol.com.br\/pt\/garantia\">http:\/\/www.docol.com.br\/pt\/garantia<\/a><\/p>\n<p>Possui sistema antiodor que evita que o mau cheiro vindo da rede de esgoto atravesse a tubula\u00e7\u00e3o e invada os ambientes<\/p>\n<p>Sua barreira de \u00e1gua evita a entrada de insetos e impede a passagem de gases pesados \u00e0 superf\u00edcie<\/p>\n","protected":false},"featured_media":1010,"comment_status":"open","ping_status":"closed","template":"","meta":[],"product_cat":[304,168],"product_tag":[575],"_links":{"self":[{"href":"https:\/\/trenaferragens.com.br\/index.php?rest_route=\/wp\/v2\/product\/4022"}],"collection":[{"href":"https:\/\/trenaferragens.com.br\/index.php?rest_route=\/wp\/v2\/product"}],"about":[{"href":"https:\/\/trenaferragens.com.br\/index.php?rest_route=\/wp\/v2\/types\/product"}],"replies":[{"embeddable":true,"href":"https:\/\/trenaferragens.com.br\/index.php?rest_route=%2Fwp%2Fv2%2Fcomments&post=4022"}],"wp:featuredmedia":[{"embeddable":true,"href":"https:\/\/trenaferragens.com.br\/index.php?rest_route=\/wp\/v2\/media\/1010"}],"wp:attachment":[{"href":"https:\/\/trenaferragens.com.br\/index.php?rest_route=%2Fwp%2Fv2%2Fmedia&parent=4022"}],"wp:term":[{"taxonomy":"product_cat","embeddable":true,"href":"https:\/\/trenaferragens.com.br\/index.php?rest_route=%2Fwp%2Fv2%2Fproduct_cat&post=4022"},{"taxonomy":"product_tag","embeddable":true,"href":"https:\/\/trenaferragens.com.br\/index.php?rest_route=%2Fwp%2Fv2%2Fproduct_tag&post=4022"}],"curies":[{"name":"wp","href":"https:\/\/api.w.org\/{rel}","templated":true}]}}