{"id":4024,"date":"2018-08-01T15:24:27","date_gmt":"2018-08-01T15:24:27","guid":{"rendered":"http:\/\/trenaferragens1.hospedagemdesites.ws\/produto\/import-placeholder-for-5327\/"},"modified":"2018-08-01T15:24:47","modified_gmt":"2018-08-01T15:24:47","slug":"acabamento-valvula-descarga-av-cr","status":"publish","type":"product","link":"https:\/\/trenaferragens.com.br\/?product=acabamento-valvula-descarga-av-cr","title":{"rendered":"Acabamento V\u00e1lvula Descarga AV CR"},"content":{"rendered":"<p>Acabamento V\u00e1lvula Descarga AV CR<\/p>\n<p>ACABAMENTO PARA V\u00c1LVULA DE DESCARGA ANTIVANDALISMO<\/p>\n<p>O Acabamento para V\u00e1lvula de Descarga Antivandalismo \u00e9 sin\u00f4nimo de robustez, resist\u00eancia e durabilidade. \u00c9 a primeira op\u00e7\u00e3o no mercado de acabamento para v\u00e1lvula de descarga apropriada para ambientes p\u00fablicos sujeitos \u00e0 a\u00e7\u00e3o de v\u00e2ndalos. Seus componentes s\u00e3o totalmente embutidos, o que dificulta a depreda\u00e7\u00e3o e o furto de pe\u00e7as. Possui acabamento cromado bin\u00edquel de alta durabilidade e maior resist\u00eancia \u00e0 corros\u00e3o, conservando o produto por muito mais tempo. Al\u00e9m disso, pode ser instalado em qualquer V\u00e1lvula de Descarga Docol existente no mercado.<\/p>\n","protected":false},"excerpt":{"rendered":"<p>Acabamento V\u00e1lvula Descarga AV CR<\/p>\n<p>Garantia Toda Vida: qualidade e seguran\u00e7a por tempo indeterminado. Para mais informa\u00e7\u00f5es, acesse <a href=\"http:\/\/www.docol.com.br\/pt\/garantia\">http:\/\/www.docol.com.br\/pt\/garantia<\/a>.<\/p>\n<p>Acabamento cromado bin\u00edquel, que proporciona alta durabilidade e maior resist\u00eancia \u00e0 corros\u00e3o, conservando a beleza e o brilho dos produtos por muito mais tempo.<\/p>\n<p>Flex\u00edveis, os acabamentos podem ser usados em todas as V\u00e1lvulas de Descarga Docol.<\/p>\n<p>Antivandalismo: componentes totalmente embutidos dificultam a depreda\u00e7\u00e3o e o furto de pe\u00e7as.<\/p>\n","protected":false},"featured_media":1011,"comment_status":"open","ping_status":"closed","template":"","meta":[],"product_cat":[304,1188],"product_tag":[577],"_links":{"self":[{"href":"https:\/\/trenaferragens.com.br\/index.php?rest_route=\/wp\/v2\/product\/4024"}],"collection":[{"href":"https:\/\/trenaferragens.com.br\/index.php?rest_route=\/wp\/v2\/product"}],"about":[{"href":"https:\/\/trenaferragens.com.br\/index.php?rest_route=\/wp\/v2\/types\/product"}],"replies":[{"embeddable":true,"href":"https:\/\/trenaferragens.com.br\/index.php?rest_route=%2Fwp%2Fv2%2Fcomments&post=4024"}],"wp:featuredmedia":[{"embeddable":true,"href":"https:\/\/trenaferragens.com.br\/index.php?rest_route=\/wp\/v2\/media\/1011"}],"wp:attachment":[{"href":"https:\/\/trenaferragens.com.br\/index.php?rest_route=%2Fwp%2Fv2%2Fmedia&parent=4024"}],"wp:term":[{"taxonomy":"product_cat","embeddable":true,"href":"https:\/\/trenaferragens.com.br\/index.php?rest_route=%2Fwp%2Fv2%2Fproduct_cat&post=4024"},{"taxonomy":"product_tag","embeddable":true,"href":"https:\/\/trenaferragens.com.br\/index.php?rest_route=%2Fwp%2Fv2%2Fproduct_tag&post=4024"}],"curies":[{"name":"wp","href":"https:\/\/api.w.org\/{rel}","templated":true}]}}