{"id":4025,"date":"2018-08-01T15:24:28","date_gmt":"2018-08-01T15:24:28","guid":{"rendered":"http:\/\/trenaferragens1.hospedagemdesites.ws\/produto\/import-placeholder-for-5329\/"},"modified":"2018-08-01T15:24:48","modified_gmt":"2018-08-01T15:24:48","slug":"torneira-zenit-docoleletric-formatta","status":"publish","type":"product","link":"https:\/\/trenaferragens.com.br\/?product=torneira-zenit-docoleletric-formatta","title":{"rendered":"Torneira ZENIT DOCOLELETRIC FORMATTA"},"content":{"rendered":"<p>Torneira ZENIT DOCOLELETRIC FORMATTA<\/p>\n<p>DOCOLELETRIC ZENIT<\/p>\n<p>A linha Zenit \u00e9 ideal para quem procura alta tecnologia, seguran\u00e7a, design moderno e garantia de higiene para o usu\u00e1rio. O fluxo de \u00e1gua \u00e9 acionado automaticamente com a aproxima\u00e7\u00e3o das m\u00e3os no campo de detec\u00e7\u00e3o do sensor e encerrado com o afastamento ou ap\u00f3s 60 segundos de vaz\u00e3o cont\u00ednua. Possui a exclusiva tecnologia WaveSci, um sistema exclusivo de intelig\u00eancia que inibe o acionamento por varia\u00e7\u00f5es de luminosidade do ambiente. Al\u00e9m de proporcionar maior conforto e higiene, as torneiras da linha Zenit s\u00e3o resistentes e possuem alta durabilidade. Seu acabamento apresenta maior resist\u00eancia \u00e0 corros\u00e3o e conserva a beleza dos produtos por muito mais tempo.<\/p>\n","protected":false},"excerpt":{"rendered":"<p>Torneira ZENIT DOCOLELETRIC FORMATTA<\/p>\n<p>Bitola: 1\/2&#8243;<\/p>\n<p>Funcionamento perfeito em baixa e alta press\u00e3o, de 0,2 a 4 kgf\/cm\u00b2 ou 3 a 57 psi.<\/p>\n<p>Temperatura m\u00e1xima da \u00e1gua: 40\u00b0C<\/p>\n<p>O arejador embutido, al\u00e9m de garantir economia de \u00e1gua, conforto para as m\u00e3os e evitar respingos, deixa o visual da bica mais clean.<\/p>\n<p>Garantia de 1 ano<\/p>\n<p>Possui fonte de alimenta\u00e7\u00e3o com entrada universal de 90 V a 240 V e 50\/60 Hz com sa\u00edda constante de 12 V.<\/p>\n","protected":false},"featured_media":1012,"comment_status":"open","ping_status":"closed","template":"","meta":[],"product_cat":[304,1188],"product_tag":[578],"_links":{"self":[{"href":"https:\/\/trenaferragens.com.br\/index.php?rest_route=\/wp\/v2\/product\/4025"}],"collection":[{"href":"https:\/\/trenaferragens.com.br\/index.php?rest_route=\/wp\/v2\/product"}],"about":[{"href":"https:\/\/trenaferragens.com.br\/index.php?rest_route=\/wp\/v2\/types\/product"}],"replies":[{"embeddable":true,"href":"https:\/\/trenaferragens.com.br\/index.php?rest_route=%2Fwp%2Fv2%2Fcomments&post=4025"}],"wp:featuredmedia":[{"embeddable":true,"href":"https:\/\/trenaferragens.com.br\/index.php?rest_route=\/wp\/v2\/media\/1012"}],"wp:attachment":[{"href":"https:\/\/trenaferragens.com.br\/index.php?rest_route=%2Fwp%2Fv2%2Fmedia&parent=4025"}],"wp:term":[{"taxonomy":"product_cat","embeddable":true,"href":"https:\/\/trenaferragens.com.br\/index.php?rest_route=%2Fwp%2Fv2%2Fproduct_cat&post=4025"},{"taxonomy":"product_tag","embeddable":true,"href":"https:\/\/trenaferragens.com.br\/index.php?rest_route=%2Fwp%2Fv2%2Fproduct_tag&post=4025"}],"curies":[{"name":"wp","href":"https:\/\/api.w.org\/{rel}","templated":true}]}}