{"id":4026,"date":"2018-08-01T15:24:29","date_gmt":"2018-08-01T15:24:29","guid":{"rendered":"http:\/\/trenaferragens1.hospedagemdesites.ws\/produto\/import-placeholder-for-5331\/"},"modified":"2018-08-01T15:24:49","modified_gmt":"2018-08-01T15:24:49","slug":"valvula-piso-pematic","status":"publish","type":"product","link":"https:\/\/trenaferragens.com.br\/?product=valvula-piso-pematic","title":{"rendered":"V\u00e1lvula Piso PEMATIC\u00a0"},"content":{"rendered":"<p>V\u00e1lvula Piso PEMATIC<\/p>\n<p>Desenvolvidos para uso profissional ou para necessidades especiais, em que as m\u00e3os n\u00e3o est\u00e3o dispon\u00edveis para o acionamento, os produtos PeMatic oferecem praticidade e toda a economia dos produtos DocolMatic. Possuem acionamento hidromec\u00e2nico, com leve press\u00e3o do p\u00e9 no bot\u00e3o, dispensando o contato manual com o produto, que tem fechamento autom\u00e1tico em aproximadamente 3 segundos.<\/p>\n<p>Possui acabamento de a\u00e7o inoxid\u00e1vel escovado maior resist\u00eancia e durabilidade. Vers\u00e1til, a V\u00e1lvula para Piso Pematic pode ser usada integrada com qualquer bica DocolMatic.<\/p>\n","protected":false},"excerpt":{"rendered":"<p>V\u00e1lvula Piso PEMATIC<\/p>\n<p>Bitola de: 1\/2&#8243;<\/p>\n<p>Funcionamento perfeito em baixa e alta press\u00e3o, de 0,2 a 4 kgf\/cm\u00b2 ou 3 a 57 psi.<\/p>\n<p>Temperatura m\u00e1xima da \u00e1gua: 40\u00b0C<\/p>\n<p>Garantia Toda Vida: qualidade e seguran\u00e7a por tempo indeterminado. Para mais informa\u00e7\u00f5es, acesse <a href=\"http:\/\/www.docol.com.br\/pt\/garantia\">http:\/\/www.docol.com.br\/pt\/garantia<\/a><\/p>\n","protected":false},"featured_media":1013,"comment_status":"open","ping_status":"closed","template":"","meta":[],"product_cat":[304,1188],"product_tag":[579],"_links":{"self":[{"href":"https:\/\/trenaferragens.com.br\/index.php?rest_route=\/wp\/v2\/product\/4026"}],"collection":[{"href":"https:\/\/trenaferragens.com.br\/index.php?rest_route=\/wp\/v2\/product"}],"about":[{"href":"https:\/\/trenaferragens.com.br\/index.php?rest_route=\/wp\/v2\/types\/product"}],"replies":[{"embeddable":true,"href":"https:\/\/trenaferragens.com.br\/index.php?rest_route=%2Fwp%2Fv2%2Fcomments&post=4026"}],"wp:featuredmedia":[{"embeddable":true,"href":"https:\/\/trenaferragens.com.br\/index.php?rest_route=\/wp\/v2\/media\/1013"}],"wp:attachment":[{"href":"https:\/\/trenaferragens.com.br\/index.php?rest_route=%2Fwp%2Fv2%2Fmedia&parent=4026"}],"wp:term":[{"taxonomy":"product_cat","embeddable":true,"href":"https:\/\/trenaferragens.com.br\/index.php?rest_route=%2Fwp%2Fv2%2Fproduct_cat&post=4026"},{"taxonomy":"product_tag","embeddable":true,"href":"https:\/\/trenaferragens.com.br\/index.php?rest_route=%2Fwp%2Fv2%2Fproduct_tag&post=4026"}],"curies":[{"name":"wp","href":"https:\/\/api.w.org\/{rel}","templated":true}]}}