{"id":4029,"date":"2018-08-01T15:24:31","date_gmt":"2018-08-01T15:24:31","guid":{"rendered":"http:\/\/trenaferragens1.hospedagemdesites.ws\/produto\/import-placeholder-for-5337\/"},"modified":"2018-08-01T15:24:51","modified_gmt":"2018-08-01T15:24:51","slug":"auto-limpa-vidros-500ml","status":"publish","type":"product","link":"https:\/\/trenaferragens.com.br\/?product=auto-limpa-vidros-500ml","title":{"rendered":"Auto Limpa Vidros 500ml"},"content":{"rendered":"<p>Auto Limpa Vidros 500ml<\/p>\n<p>O Limpa Vidros da 3M&#x2122; dissolve rapidamente a sujeita, borr\u00f5es e rastros de insetos para garantir para-brisas e janelas n\u00edtidas e cristalinas. Sua f\u00f3rmula especial funciona amolecendo mais rapidamente res\u00edduos rebeldes para voc\u00ea poder remov\u00ea-los, transformando vidros automotivos sujos em janelas e para-brisas que reluzem no sol. Muito superiores aos limpa vidros que se encontram normalmente em mercados ou lojas de limpeza, o Limpa Vidros 3M&#x2122; garante um potencial de limpeza maior para vencer as sujeiras que geralmente ficam presas nos vidros dos autom\u00f3veis. \u00c9 poss\u00edvel utilizar este limpador em vidros com ou sem Window Film. A limpeza dos vidros dos autom\u00f3veis \u00e9 importante tanto por motivos de est\u00e9tica como de seguran\u00e7a. Devido ao fato dos para-brisas e janelas serem pontos focais dos ve\u00edculos, manter os vidros limpos \u00e9 necess\u00e1rio para aumentar o apelo visual do autom\u00f3vel. Esta formula \u00e9 feita para produzir um nitidez livre de manchas. O Limpa Vidros da 3M&#x2122; \u00e9 um produto recomendado para donos de autom\u00f3veis que se orgulham da apar\u00eancia de seus ve\u00edculos e para pessoas que desejam expor ou vender autom\u00f3veis. Manter os para-brisas e janelas limpos \u00e9 importante tamb\u00e9m para manter uma boa clareza visual para os motoristas. P\u00f3, sujeira e pel\u00edculas de res\u00edduos no vidro podem ser uma distra\u00e7\u00e3o s\u00e9ria ao dirigir. Usar o Limpa Vidros \u00e9 simples. \u00c9 uma f\u00f3rmula espumante que n\u00e3o escorre e se adere a superf\u00edcies verticais, eliminando gotejamentos e escoamentos. Caso ocorra respingo em superf\u00edcies pintadas, simplesmente enxugue sem maiores preocupa\u00e7\u00f5es. Este Limpa Vidros tamb\u00e9m pode ser utilizado de forma segura em pl\u00e1sticos, lat\u00e3o e metal. Modo de Uso: Agite o frasco antes de usar. Aplique uma quantidade suficiente do produto na superf\u00edcie a uma dist\u00e2ncia de 20 a 30 cent\u00edmetros. Enxugue imediatamente com um Pano de Microfibra 3M&#x2122; (vendido separadamente), um pano macio ou uma toalha de papel. O Limpa Vidros 3M&#x2122; \u00e9 um produto vers\u00e1til para limpeza automotiva de ve\u00edculos novos ou usados. Al\u00e9m de limpar superf\u00edcies de vidro, este produto tamb\u00e9m pode ser utilizado em vinil automotivo ou pl\u00e1sticos internos. O Limpa Vidros 3M&#x2122; n\u00e3o \u00e9 inflam\u00e1vel.<\/p>\n","protected":false},"excerpt":{"rendered":"<p>Auto Limpa Vidros 500ml<\/p>\n<div class=\"MMM--hdg MMM--hdg_2 SNAPS--hdg_2 MMM--tabHeader\">Detalhes<\/div>\n<div class=\"tabContentContainer MMM--contentToggle-target MMM--isActive\">\n<div class=\"MMM--contentPadded MMM--accordionPanel\">\n<div class=\"MMM--grids\">\n<div class=\"MMM--grids-col MMM--grids-col_pdpMain\">\n<ul class=\"MMM--pdpList SNAPS--bullets\">\n<li>F\u00f3rmula de alta performance e m\u00e1xima limpeza<\/li>\n<li>F\u00e1cil aplica\u00e7\u00e3o<\/li>\n<li>Remove sujeiras e marcas de dedo<\/li>\n<li>D\u00e1 transpar\u00eancia total aos vidros automotivos<\/li>\n<li>Espuma que evita o gotejamento e garante uma limpeza eficiente<\/li>\n<\/ul>\n<h4 class=\"MMM--hdg MMM--pdpTabVr SNAPS--pdpTabVr\">Aplica\u00e7\u00f5es sugeridas<\/h4>\n<ul class=\"MMM--pdpList SNAPS--bullets\">\n<li>Todos os tipos de vidros automotivos<\/li>\n<li>Pl\u00e1stico<\/li>\n<li>Vinil<\/li>\n<\/ul>\n<p class=\"SNAPS--pdpTabDes\">O Limpa Vidros 3M&#x2122; recupera a nitidez e traz de volta o brilho dos vidros automotivos. Esta f\u00f3rmula especial resiste ao estriamento em todas as superf\u00edcies de vidro, incluindo janelas, para-brisas, espelhos e vidros frontais. O frasco com borrifador torna o Limpa Vidros f\u00e1cil de aplicar.<\/p>\n<\/div>\n<\/div>\n<\/div>\n<\/div>\n","protected":false},"featured_media":1016,"comment_status":"open","ping_status":"closed","template":"","meta":[],"product_cat":[192,1855],"product_tag":[582],"_links":{"self":[{"href":"https:\/\/trenaferragens.com.br\/index.php?rest_route=\/wp\/v2\/product\/4029"}],"collection":[{"href":"https:\/\/trenaferragens.com.br\/index.php?rest_route=\/wp\/v2\/product"}],"about":[{"href":"https:\/\/trenaferragens.com.br\/index.php?rest_route=\/wp\/v2\/types\/product"}],"replies":[{"embeddable":true,"href":"https:\/\/trenaferragens.com.br\/index.php?rest_route=%2Fwp%2Fv2%2Fcomments&post=4029"}],"wp:featuredmedia":[{"embeddable":true,"href":"https:\/\/trenaferragens.com.br\/index.php?rest_route=\/wp\/v2\/media\/1016"}],"wp:attachment":[{"href":"https:\/\/trenaferragens.com.br\/index.php?rest_route=%2Fwp%2Fv2%2Fmedia&parent=4029"}],"wp:term":[{"taxonomy":"product_cat","embeddable":true,"href":"https:\/\/trenaferragens.com.br\/index.php?rest_route=%2Fwp%2Fv2%2Fproduct_cat&post=4029"},{"taxonomy":"product_tag","embeddable":true,"href":"https:\/\/trenaferragens.com.br\/index.php?rest_route=%2Fwp%2Fv2%2Fproduct_tag&post=4029"}],"curies":[{"name":"wp","href":"https:\/\/api.w.org\/{rel}","templated":true}]}}