{"id":4030,"date":"2018-08-01T15:24:32","date_gmt":"2018-08-01T15:24:32","guid":{"rendered":"http:\/\/trenaferragens1.hospedagemdesites.ws\/produto\/import-placeholder-for-5339\/"},"modified":"2022-12-20T12:23:30","modified_gmt":"2022-12-20T12:23:30","slug":"auto-refresh-revitalizador-de-couro-120gr","status":"publish","type":"product","link":"https:\/\/trenaferragens.com.br\/?product=auto-refresh-revitalizador-de-couro-120gr","title":{"rendered":"Auto Refresh Revitalizador de Couro 120gr"},"content":{"rendered":"<p>Auto Refresh Revitalizador de Couro 120gr<\/p>\n<p>O Refresh da 3M&#x2122; \u00e9 um excelente protetor a base de silicone, que restaura a apar\u00eancia e o brilho original de diversas superf\u00edcies, como vinil, couro e pe\u00e7as pl\u00e1sticas internas e externas. Sua f\u00f3rmula mant\u00e9m os materiais macios, suaves e hidratados. Al\u00e9m disso, seu refrescante aroma de lim\u00e3o revigora o interior do ve\u00edculo. De f\u00e1cil aplica\u00e7\u00e3o, ele tamb\u00e9m protege as superf\u00edcies contra o envelhecimento e as rachaduras. Para utilizar o produto, limpe as superf\u00edcies a serem aplicadas com um Pano Multiuso ou Alta Performance umidecido para remover o excesso de poeira. Aplique uma quantidade pequena do produto em um Papel de Polimento 3M&#x2122; ou Pano Multiuso limpo e seco. Depois, espalhe o produto em movimentos circulares uniformes, que facilitar\u00e3o a absor\u00e7\u00e3o em toda a superf\u00edcie desejada. Dependendo das condi\u00e7\u00f5es da superf\u00edcie, pode ser necess\u00e1ria uma segunda aplica\u00e7\u00e3o. Cuidados: Este produto cont\u00e9m silicone. Evite o contato com os olhos e mantenha as janelas e portas aberturas e crian\u00e7as e animais dom\u00e9sticos afastados durante a aplica\u00e7\u00e3o.<\/p>\n","protected":false},"excerpt":{"rendered":"<p>Auto Refresh Revitalizador de Couro 120gr<\/p>\n<div class=\"MMM--hdg MMM--hdg_2 SNAPS--hdg_2 MMM--tabHeader\">Detalhes<\/div>\n<div class=\"tabContentContainer MMM--contentToggle-target MMM--isActive\">\n<div class=\"MMM--contentPadded MMM--accordionPanel\">\n<div class=\"MMM--grids\">\n<div class=\"MMM--grids-col MMM--grids-col_pdpMain\">\n<ul class=\"MMM--pdpList SNAPS--bullets\">\n<li>Revitaliza couro, pl\u00e1stico e vinil<\/li>\n<li>Restaura a apar\u00eancia original<\/li>\n<li>Aroma de lim\u00e3o, que refresca o interior do autom\u00f3vel<\/li>\n<li>Destina-se apenas para hidrata\u00e7\u00e3o e revitaliza\u00e7\u00e3o, e n\u00e3o para limpeza<\/li>\n<\/ul>\n<h4 class=\"MMM--hdg MMM--pdpTabVr SNAPS--pdpTabVr\">Aplica\u00e7\u00f5es sugeridas<\/h4>\n<ul class=\"MMM--pdpList SNAPS--bullets\">\n<li>Couro<\/li>\n<li>Vinil<\/li>\n<li>Pe\u00e7as pl\u00e1sticas internas e externas<\/li>\n<\/ul>\n<p class=\"SNAPS--pdpTabDes\">O Revitalizador de Couro 3M&#x2122; Refresh \u00e9 indicado para diversas superf\u00edcies, como vinil, couro e pe\u00e7as pl\u00e1sticas. Ele restaura a apar\u00eancia e o brilho originais, mantendo os materiais macios, suaves e hidratados.<\/p>\n<\/div>\n<\/div>\n<\/div>\n<\/div>\n","protected":false},"featured_media":1017,"comment_status":"open","ping_status":"closed","template":"","meta":[],"product_cat":[192,1855],"product_tag":[583],"_links":{"self":[{"href":"https:\/\/trenaferragens.com.br\/index.php?rest_route=\/wp\/v2\/product\/4030"}],"collection":[{"href":"https:\/\/trenaferragens.com.br\/index.php?rest_route=\/wp\/v2\/product"}],"about":[{"href":"https:\/\/trenaferragens.com.br\/index.php?rest_route=\/wp\/v2\/types\/product"}],"replies":[{"embeddable":true,"href":"https:\/\/trenaferragens.com.br\/index.php?rest_route=%2Fwp%2Fv2%2Fcomments&post=4030"}],"wp:featuredmedia":[{"embeddable":true,"href":"https:\/\/trenaferragens.com.br\/index.php?rest_route=\/wp\/v2\/media\/1017"}],"wp:attachment":[{"href":"https:\/\/trenaferragens.com.br\/index.php?rest_route=%2Fwp%2Fv2%2Fmedia&parent=4030"}],"wp:term":[{"taxonomy":"product_cat","embeddable":true,"href":"https:\/\/trenaferragens.com.br\/index.php?rest_route=%2Fwp%2Fv2%2Fproduct_cat&post=4030"},{"taxonomy":"product_tag","embeddable":true,"href":"https:\/\/trenaferragens.com.br\/index.php?rest_route=%2Fwp%2Fv2%2Fproduct_tag&post=4030"}],"curies":[{"name":"wp","href":"https:\/\/api.w.org\/{rel}","templated":true}]}}