{"id":4031,"date":"2018-08-01T15:24:33","date_gmt":"2018-08-01T15:24:33","guid":{"rendered":"http:\/\/trenaferragens1.hospedagemdesites.ws\/produto\/import-placeholder-for-5341\/"},"modified":"2018-08-01T15:24:53","modified_gmt":"2018-08-01T15:24:53","slug":"fecho-command-medio-branco","status":"publish","type":"product","link":"https:\/\/trenaferragens.com.br\/?product=fecho-command-medio-branco","title":{"rendered":"Fecho Command M\u00e9dio Branco"},"content":{"rendered":"<p>Fecho Command M\u00e9dio Branco<\/p>\n<p>Pendure seus quadros facilmente! O Fecho 3M Command&#x2122; \u00e9 um adesivo remov\u00edvel com fechos para pendurar quadros, fotografias e pinturas para decorar e organizar sua casa de forma pr\u00e1tica, sem sujeira ou furos na parede. A tecnologia do adesivo Command&#x2122; permite trocar o fecho de lugar sem danificar as paredes e d\u00e1 a seguran\u00e7a de que o adesivo n\u00e3o sair\u00e1 do lugar at\u00e9 que voc\u00ea decida faz\u00ea-lo. Este gancho adesivo para quadros \u00e9 feito de pl\u00e1stico, em branco e preto. Pode ser colocado em superf\u00edcies como paredes pintadas, vidros, azulejos, madeira e metal. N\u00e3o se recomenda us\u00e1-lo em corti\u00e7as, pain\u00e9is de gesso, papel de parede e paredes com acabamentos. Sem deixar res\u00edduos e sujeira, esta fita 3M para pendurar quadros pode ser aplicada em v\u00e1rias superf\u00edcies, assim como em \u00e1reas mais \u00famidas da casa. Cada embalagem cont\u00e9m tr\u00eas pares de fechos brancos m\u00e9dios, que suportam at\u00e9 1 kg. Chega de pregos, buracos, gessos rachando ou res\u00edduos perigosos. O Fecho 3M Command&#x2122; torna sua decora\u00e7\u00e3o mais f\u00e1cil e r\u00e1pida: apenas um clique avisa que o fecho est\u00e1 pronto para segurar de maneira firme. Al\u00e9m disso, quando voc\u00ea quiser mov\u00ea-lo, ele sai de forma limpa. Est\u00e1 dispon\u00edvel em tr\u00eas tamanhos diferentes. Para aplicar o produto, limpe a parede com \u00e1lcool e um pano seco. N\u00e3o use produtos de limpeza, aeross\u00f3is ou toalhinhas de limpeza, pois esses produtos deixam res\u00edduos escorregadi\u00e7os na superf\u00edcie que impede a ader\u00eancia. Remova os Fechos da embalagem e separe um par. Depois, coloque um sobre o outro do lado do Dual Lock at\u00e9 voc\u00ea escutar um clique &#8211; isso indica que est\u00e3o encaixadas. Retire o recobrimento do adesivo e coloque a tira pressionando essa parte sobre o quadro. Repita o procedimento com os outros pares de tiras. Coloque o outro par na parte inferior do quadro. Verifique na embalagem os limites de peso corretos para saber quantas tiras s\u00e3o necess\u00e1rias. Remova o resto do recobrimento do adesivo e pressione o marco contra a parede ou superf\u00edcie durante 30 segundos. Para garantir que o adesivo fixou corretamente, remova o quadro liberando primeiro os cantos para cima e longe da parede. N\u00e3o puxe diretamente em dire\u00e7\u00e3o a voc\u00ea. Depois, pressione as tiras que ficaram na parede durante 30 segundos. Garanta uma press\u00e3o sobre a tira inteiras. Espere por uma hora antes de colocar o quadro.<\/p>\n","protected":false},"excerpt":{"rendered":"<p>Fecho Command M\u00e9dio Branco<\/p>\n<div class=\"MMM--hdg MMM--hdg_2 SNAPS--hdg_2 MMM--tabHeader\">Detalhes<\/div>\n<div class=\"tabContentContainer MMM--contentToggle-target MMM--isActive\">\n<div class=\"MMM--contentPadded MMM--accordionPanel\">\n<div class=\"MMM--grids\">\n<div class=\"MMM--grids-col MMM--grids-col_pdpMain\">\n<ul class=\"MMM--pdpList SNAPS--bullets\">\n<li>N\u00e3o estraga as paredes, sendo ideal para pendurar quadros sem furar<\/li>\n<li>N\u00e3o deixa res\u00edduos e n\u00e3o precisa furar a parede<\/li>\n<li>F\u00e1cil de aplicar e ser removido<\/li>\n<li>Suporta at\u00e9 1 kg<\/li>\n<\/ul>\n<h4 class=\"MMM--hdg MMM--pdpTabVr SNAPS--pdpTabVr\">Aplica\u00e7\u00f5es sugeridas<\/h4>\n<ul class=\"MMM--pdpList SNAPS--bullets\">\n<li>Ideal para pendurar quadros, fotografias e pinturas<\/li>\n<li>Pode ser aplicado em diversas superf\u00edcies<\/li>\n<li>Pode ser utilizado em \u00e1reas \u00famidas<\/li>\n<\/ul>\n<p class=\"SNAPS--pdpTabDes\">O Fecho 3M Command&#x2122; \u00e9 um adesivo remov\u00edvel com fechos ideal para decorar e organizar a sua casa de forma pr\u00e1tica, sem sujeira e sem furos na parede. Aplicado em diversas superf\u00edcies, \u00e9 \u00f3timo para a cozinha, lavanderia, quartos e banheiros.<\/p>\n<\/div>\n<\/div>\n<\/div>\n<\/div>\n","protected":false},"featured_media":1037,"comment_status":"open","ping_status":"closed","template":"","meta":[],"product_cat":[192,1094],"product_tag":[584],"_links":{"self":[{"href":"https:\/\/trenaferragens.com.br\/index.php?rest_route=\/wp\/v2\/product\/4031"}],"collection":[{"href":"https:\/\/trenaferragens.com.br\/index.php?rest_route=\/wp\/v2\/product"}],"about":[{"href":"https:\/\/trenaferragens.com.br\/index.php?rest_route=\/wp\/v2\/types\/product"}],"replies":[{"embeddable":true,"href":"https:\/\/trenaferragens.com.br\/index.php?rest_route=%2Fwp%2Fv2%2Fcomments&post=4031"}],"wp:featuredmedia":[{"embeddable":true,"href":"https:\/\/trenaferragens.com.br\/index.php?rest_route=\/wp\/v2\/media\/1037"}],"wp:attachment":[{"href":"https:\/\/trenaferragens.com.br\/index.php?rest_route=%2Fwp%2Fv2%2Fmedia&parent=4031"}],"wp:term":[{"taxonomy":"product_cat","embeddable":true,"href":"https:\/\/trenaferragens.com.br\/index.php?rest_route=%2Fwp%2Fv2%2Fproduct_cat&post=4031"},{"taxonomy":"product_tag","embeddable":true,"href":"https:\/\/trenaferragens.com.br\/index.php?rest_route=%2Fwp%2Fv2%2Fproduct_tag&post=4031"}],"curies":[{"name":"wp","href":"https:\/\/api.w.org\/{rel}","templated":true}]}}