{"id":4034,"date":"2018-08-01T15:24:35","date_gmt":"2018-08-01T15:24:35","guid":{"rendered":"http:\/\/trenaferragens1.hospedagemdesites.ws\/produto\/import-placeholder-for-5348\/"},"modified":"2018-08-01T15:24:55","modified_gmt":"2018-08-01T15:24:55","slug":"filtro-aqualar-ap-717b-10477-13340","status":"publish","type":"product","link":"https:\/\/trenaferragens.com.br\/?product=filtro-aqualar-ap-717b-10477-13340","title":{"rendered":"Filtro Aqualar AP-717B 10477\/13340"},"content":{"rendered":"<p>Filtro Aqualar AP-717B 10477\/13340<\/p>\n<p class=\"SNAPS--pdpTabDes\">O filtro AP717, modelos B e N, foi desenvolvido visando instala\u00e7\u00e3o r\u00e1pida e f\u00e1cil<\/p>\n<p class=\"SNAPS--pdpTabDes\">Indicado para pontos de uso (POU): refrigeradores side by side (adapt\u00e1vel a todos os modelos e marcas comercializados no Brasil), m\u00e1quinas de caf\u00e9, gelo e demais pontos que necessitem de \u00e1gua filtrada.<\/p>\n","protected":false},"excerpt":{"rendered":"<p>Filtro Aqualar AP-717B 10477\/13340<\/p>\n<div class=\"MMM--hdg MMM--hdg_2 SNAPS--hdg_2 MMM--tabHeader\">Detalhes<\/div>\n<div class=\"tabContentContainer MMM--contentToggle-target MMM--isActive\">\n<div class=\"MMM--contentPadded MMM--accordionPanel\">\n<div class=\"MMM--grids\">\n<div class=\"MMM--grids-col MMM--grids-col_pdpMain\">\n<ul class=\"MMM--pdpList SNAPS--bullets\">\n<li>Tamanho reduzido, ideal para instala\u00e7\u00e3o atr\u00e1s de equipamentos<\/li>\n<li>Permite instala\u00e7\u00e3o em linha sem a necessidade de deriva\u00e7\u00f5es<\/li>\n<li>Remo\u00e7\u00e3o de sujidades, por exemplo: ferrugem, part\u00edculas de areia, turbidez, etc.<\/li>\n<li>Redu\u00e7\u00e3o de gostos e odores indesej\u00e1veis, incluindo os de cloro; redu\u00e7\u00e3o de subst\u00e2ncias que conferem cor e turbidez na \u00e1gua pot\u00e1vel<\/li>\n<li>Ret\u00e9m, em pelo menos 85%, as part\u00edculas presentes na \u00e1gua com di\u00e2metro entre 15 e 30 micra (Classe D)<\/li>\n<li>Garantia: 2 anos<\/li>\n<li>Aprovado de acordo com NBR 16098<\/li>\n<li>Vaz\u00e3o m\u00e1xima:100 (litros\/hora)<\/li>\n<li>Vida \u00fatil nominal: 1.500 L<\/li>\n<li>Press\u00e3o est\u00e1tica m\u00ednima no ponto de instala\u00e7\u00e3o: 25 kPa (2,5 metros de coluna de \u00e1gua)<\/li>\n<li>Press\u00e3o est\u00e1tica m\u00e1xima no ponto de instala\u00e7\u00e3o: 700 kPa (70 metros de coluna de \u00e1gua)<\/li>\n<li>Para maximizar a performance de filtra\u00e7\u00e3o, mantenha a vaz\u00e3o do filtro em 100 litros\/hora pela regulagem do registro geral no momento da instala\u00e7\u00e3o<\/li>\n<\/ul>\n<h4 class=\"MMM--hdg MMM--pdpTabVr SNAPS--pdpTabVr\">Aplica\u00e7\u00f5es sugeridas<\/h4>\n<ul class=\"MMM--pdpList SNAPS--bullets\">\n<li>Sistema higi\u00eanico que impede o contato das partes internas do filtro com as m\u00e3os durante os processos de instala\u00e7\u00e3o e substitui\u00e7\u00f5es peri\u00f3dicas<\/li>\n<li>Press\u00e3o est\u00e1tica m\u00ednima no ponto de instala\u00e7\u00e3o: 25 kPa (2,5 metros de coluna de \u00e1gua)<\/li>\n<\/ul>\n<\/div>\n<\/div>\n<\/div>\n<\/div>\n","protected":false},"featured_media":1040,"comment_status":"open","ping_status":"closed","template":"","meta":[],"product_cat":[192,169],"product_tag":[587],"_links":{"self":[{"href":"https:\/\/trenaferragens.com.br\/index.php?rest_route=\/wp\/v2\/product\/4034"}],"collection":[{"href":"https:\/\/trenaferragens.com.br\/index.php?rest_route=\/wp\/v2\/product"}],"about":[{"href":"https:\/\/trenaferragens.com.br\/index.php?rest_route=\/wp\/v2\/types\/product"}],"replies":[{"embeddable":true,"href":"https:\/\/trenaferragens.com.br\/index.php?rest_route=%2Fwp%2Fv2%2Fcomments&post=4034"}],"wp:featuredmedia":[{"embeddable":true,"href":"https:\/\/trenaferragens.com.br\/index.php?rest_route=\/wp\/v2\/media\/1040"}],"wp:attachment":[{"href":"https:\/\/trenaferragens.com.br\/index.php?rest_route=%2Fwp%2Fv2%2Fmedia&parent=4034"}],"wp:term":[{"taxonomy":"product_cat","embeddable":true,"href":"https:\/\/trenaferragens.com.br\/index.php?rest_route=%2Fwp%2Fv2%2Fproduct_cat&post=4034"},{"taxonomy":"product_tag","embeddable":true,"href":"https:\/\/trenaferragens.com.br\/index.php?rest_route=%2Fwp%2Fv2%2Fproduct_tag&post=4034"}],"curies":[{"name":"wp","href":"https:\/\/api.w.org\/{rel}","templated":true}]}}