{"id":4037,"date":"2018-08-01T15:24:37","date_gmt":"2018-08-01T15:24:37","guid":{"rendered":"http:\/\/trenaferragens1.hospedagemdesites.ws\/produto\/import-placeholder-for-5354\/"},"modified":"2018-08-01T15:24:58","modified_gmt":"2018-08-01T15:24:58","slug":"filtro-aquatotal-branco-caval-econ","status":"publish","type":"product","link":"https:\/\/trenaferragens.com.br\/?product=filtro-aquatotal-branco-caval-econ","title":{"rendered":"Filtro Aquatotal Branco CAVAL.ECON"},"content":{"rendered":"<p>Filtro Aquatotal Branco CAVAL.ECON<\/p>\n<p>Recomendado para ser instalado ap\u00f3s o cavalete ou na entrada de reservat\u00f3rios, sua fun\u00e7\u00e3o \u00e9 reter part\u00edculas de areia, barro, ferrugem e outros sedimentos arrastados pela \u00e1gua durante sua distribui\u00e7\u00e3o.<\/p>\n","protected":false},"excerpt":{"rendered":"<p>Filtro Aquatotal Branco CAVAL.ECON<\/p>\n<div class=\"MMM--hdg MMM--hdg_2 SNAPS--hdg_2 MMM--tabHeader\">Detalhes<\/div>\n<div class=\"tabContentContainer MMM--contentToggle-target MMM--isActive\">\n<div class=\"MMM--contentPadded MMM--accordionPanel\">\n<div class=\"MMM--grids\">\n<div class=\"MMM--grids-col MMM--grids-col_pdpMain\">\n<ul class=\"MMM--pdpList SNAPS--bullets\">\n<li>O filtro Aquatotal \u00e9 um aparelho certificado pelo INMETRO para beneficiamento da \u00e1gua pot\u00e1vel, de acordo com a Portaria no 2914 do Minist\u00e9rio da Sa\u00fade.<\/li>\n<li>Remove sujidades presentes na \u00e1gua pot\u00e1vel como por exemplo: ferrugem, part\u00edculas de areia, sedimentos, al\u00e9m de reduzir odores e gostos indesej\u00e1veis como os de cloro.<\/li>\n<li>Auxilia na preven\u00e7\u00e3o de entupimento de tubula\u00e7\u00f5es e dutos de \u00e1gua.<\/li>\n<li>Auxilia na prote\u00e7\u00e3o de utens\u00edlios dom\u00e9sticos que utilizam \u00e1gua, como por exemplo: lavadoras de roupas, lou\u00e7as, chuveiros, etc.<\/li>\n<li>Reduz as manuten\u00e7\u00f5es em caixas d`\u00e1gua<\/li>\n<li>Garantia: 2 anos<\/li>\n<li>Ret\u00eam, em pelo menos 85%, as part\u00edculas presentes na \u00e1gua com di\u00e2metro entre 15 e 30 micra (Classe D)<\/li>\n<li>N\u00e3o possui a\u00e7\u00e3o na redu\u00e7\u00e3o do cloro livre dispon\u00edvel na \u00e1gua pot\u00e1vel, logo a \u00e1gua filtrada continua protegida com o cloro, para o caso de armazenamento posterior ao filtro.<\/li>\n<li>Aprovado de acordo com NBR 16098<\/li>\n<li>Vaz\u00e3o m\u00e1xima:1.360 (litros\/hora)<\/li>\n<li>Press\u00e3o est\u00e1tica m\u00ednima no ponto de instala\u00e7\u00e3o:20 kPa (2 metros de coluna de \u00e1gua)<\/li>\n<li>Press\u00e3o est\u00e1tica m\u00e1xima no ponto de instala\u00e7\u00e3o:700 kPa (70 metros de coluna de \u00e1gua)<\/li>\n<\/ul>\n<h4 class=\"MMM--hdg MMM--pdpTabVr SNAPS--pdpTabVr\">Aplica\u00e7\u00f5es sugeridas<\/h4>\n<ul class=\"MMM--pdpList SNAPS--bullets\">\n<li>A instala\u00e7\u00e3o \u00e9 recomendada no Cavalete de entrada, Caixa d&#8217;\u00e1gua e m\u00e1quina de lavar.<\/li>\n<li>Refil espec\u00edfico para o filtro de \u00e1gua Aquatotal.<\/li>\n<li>A troca do refil dos filtros de \u00e1gua da linha 3M \u00e9 f\u00e1cil, pr\u00e1tica e econ\u00f4mica, sem necessidade de assist\u00eancia t\u00e9cnica<\/li>\n<li>O per\u00edodo recomendado para troca do refil \u00e9 de 3 (tr\u00eas) meses, o que pode variar dependendo do volume de uso e da qualidade da \u00e1gua.<\/li>\n<\/ul>\n<p class=\"SNAPS--pdpTabDes\">O filtro Aquatotal \u00e9 indicado para a filtra\u00e7\u00e3o da \u00e1gua pot\u00e1vel que abastece todos os pontos da casa.<\/p>\n<\/div>\n<\/div>\n<\/div>\n<\/div>\n","protected":false},"featured_media":1042,"comment_status":"open","ping_status":"closed","template":"","meta":[],"product_cat":[192,169],"product_tag":[590],"_links":{"self":[{"href":"https:\/\/trenaferragens.com.br\/index.php?rest_route=\/wp\/v2\/product\/4037"}],"collection":[{"href":"https:\/\/trenaferragens.com.br\/index.php?rest_route=\/wp\/v2\/product"}],"about":[{"href":"https:\/\/trenaferragens.com.br\/index.php?rest_route=\/wp\/v2\/types\/product"}],"replies":[{"embeddable":true,"href":"https:\/\/trenaferragens.com.br\/index.php?rest_route=%2Fwp%2Fv2%2Fcomments&post=4037"}],"wp:featuredmedia":[{"embeddable":true,"href":"https:\/\/trenaferragens.com.br\/index.php?rest_route=\/wp\/v2\/media\/1042"}],"wp:attachment":[{"href":"https:\/\/trenaferragens.com.br\/index.php?rest_route=%2Fwp%2Fv2%2Fmedia&parent=4037"}],"wp:term":[{"taxonomy":"product_cat","embeddable":true,"href":"https:\/\/trenaferragens.com.br\/index.php?rest_route=%2Fwp%2Fv2%2Fproduct_cat&post=4037"},{"taxonomy":"product_tag","embeddable":true,"href":"https:\/\/trenaferragens.com.br\/index.php?rest_route=%2Fwp%2Fv2%2Fproduct_tag&post=4037"}],"curies":[{"name":"wp","href":"https:\/\/api.w.org\/{rel}","templated":true}]}}