{"id":4038,"date":"2018-08-01T15:24:38","date_gmt":"2018-08-01T15:24:38","guid":{"rendered":"http:\/\/trenaferragens1.hospedagemdesites.ws\/produto\/import-placeholder-for-5355\/"},"modified":"2018-08-01T15:24:59","modified_gmt":"2018-08-01T15:24:59","slug":"filtro-cartucho-acqualar-quarurity","status":"publish","type":"product","link":"https:\/\/trenaferragens.com.br\/?product=filtro-cartucho-acqualar-quarurity","title":{"rendered":"Filtro Cartucho ACQUALAR\/QUARURITY"},"content":{"rendered":"<p>Filtro Cartucho ACQUALAR\/QUARURITY<\/p>\n<p class=\"SNAPS--pdpTabDes\">O refil para filtro de \u00e1gua Aquapurity possui um\u00a0sistema de tripla filtra\u00e7\u00e3o com tecnologia 3M&#x2122;, que deixa a \u00e1gua livre de materiais particulados como areia, barro, ferrugem, poeiras e outros sedimentos, al\u00e9m de eliminar 75% do cloro presente na \u00e1gua.<\/p>\n<p class=\"SNAPS--pdpTabDes\">A troca do refil \u00e9 feita sem necessidade de assist\u00eancia t\u00e9cnica e sem o contato do elemento filtrante com as m\u00e3os, em fun\u00e7\u00e3o do seu exclusivo sistema SQC (Sanitary Quick Change).<\/p>\n","protected":false},"excerpt":{"rendered":"<p>Filtro Cartucho ACQUALAR\/QUARURITY<\/p>\n<div class=\"MMM--hdg MMM--hdg_2 SNAPS--hdg_2 MMM--tabHeader\">Detalhes<\/div>\n<div class=\"tabContentContainer MMM--contentToggle-target MMM--isActive\">\n<div class=\"MMM--contentPadded MMM--accordionPanel\">\n<div class=\"MMM--grids\">\n<div class=\"MMM--grids-col MMM--grids-col_pdpMain\">\n<ul class=\"MMM--pdpList SNAPS--bullets\">\n<li>O refil Aquapurity \u00e9 um aparelho certificado pelo INMETRO para beneficiamento da \u00e1gua pot\u00e1vel, de acordo com a Portaria 2914 do Minist\u00e9rio da Sa\u00fade.<\/li>\n<li>Remove sujidades presentes na \u00e1gua pot\u00e1vel como por exemplo: ferrugem, part\u00edculas de areia, sedimentos, al\u00e9m de reduzir odores e gostos indesej\u00e1veis como os de cloro.<\/li>\n<li>Reduz gostos e odores indesej\u00e1veis, incluindo os de cloro.<\/li>\n<li>Possui fluxo cont\u00ednuo de \u00e1gua em temperatura natural, pronta para beber, fazer gelo, sucos, caf\u00e9, lavar os alimentos e cozinhar.<\/li>\n<li>Ao realizar a troca, deve ser utilizado refil exclusivo para o filtro de \u00e1gua Aquapurity, pois ele tem encaixe perfeito com a base do filtro.<\/li>\n<li>Garantia: 2 anos<\/li>\n<li>Ret\u00e9m, em pelo menos 85%, as part\u00edculas presentes na \u00e1gua com di\u00e2metro entre 15 e 30 micra (Classe D)<\/li>\n<li>Reduz em pelo menos 75% a concentra\u00e7\u00e3o de cloro livre dispon\u00edvel.<\/li>\n<li>Aprovado de acordo com NBR 16098<\/li>\n<li>Vaz\u00e3o m\u00e1xima: 80 litros por hora<\/li>\n<li>Vida \u00fatil nominal:1500 L<\/li>\n<li>Press\u00e3o est\u00e1tica m\u00ednima no ponto de instala\u00e7\u00e3o:20 kPa (2 metros de coluna de \u00e1gua)<\/li>\n<li>Press\u00e3o est\u00e1tica m\u00e1xima no ponto de instala\u00e7\u00e3o: 400 kPa (40 metros de coluna de \u00e1gua)<\/li>\n<\/ul>\n<h4 class=\"MMM--hdg MMM--pdpTabVr SNAPS--pdpTabVr\">Aplica\u00e7\u00f5es sugeridas<\/h4>\n<ul class=\"MMM--pdpList SNAPS--bullets\">\n<li>O modelo Aquapurity \u00e9 ideal para ser instalado na cozinha da sua casa, seja na parede ou acoplado na torneira, sem necessidade de ser ligado \u00e0 tomada.<\/li>\n<li>Refil espec\u00edfico para o filtro de \u00e1gua Aquapurity.<\/li>\n<li>A troca do refil dos filtros de \u00e1gua da linha 3M \u00e9 f\u00e1cil, pr\u00e1tica e econ\u00f4mica, sem necessidade de assist\u00eancia t\u00e9cnica<\/li>\n<li>O per\u00edodo recomendado para troca do refil \u00e9 de 6 (seis) meses, o que pode variar dependendo do volume de uso e da qualidade da \u00e1gua da rede p\u00fablica.<\/li>\n<\/ul>\n<\/div>\n<\/div>\n<\/div>\n<\/div>\n","protected":false},"featured_media":1043,"comment_status":"open","ping_status":"closed","template":"","meta":[],"product_cat":[192,169],"product_tag":[591],"_links":{"self":[{"href":"https:\/\/trenaferragens.com.br\/index.php?rest_route=\/wp\/v2\/product\/4038"}],"collection":[{"href":"https:\/\/trenaferragens.com.br\/index.php?rest_route=\/wp\/v2\/product"}],"about":[{"href":"https:\/\/trenaferragens.com.br\/index.php?rest_route=\/wp\/v2\/types\/product"}],"replies":[{"embeddable":true,"href":"https:\/\/trenaferragens.com.br\/index.php?rest_route=%2Fwp%2Fv2%2Fcomments&post=4038"}],"wp:featuredmedia":[{"embeddable":true,"href":"https:\/\/trenaferragens.com.br\/index.php?rest_route=\/wp\/v2\/media\/1043"}],"wp:attachment":[{"href":"https:\/\/trenaferragens.com.br\/index.php?rest_route=%2Fwp%2Fv2%2Fmedia&parent=4038"}],"wp:term":[{"taxonomy":"product_cat","embeddable":true,"href":"https:\/\/trenaferragens.com.br\/index.php?rest_route=%2Fwp%2Fv2%2Fproduct_cat&post=4038"},{"taxonomy":"product_tag","embeddable":true,"href":"https:\/\/trenaferragens.com.br\/index.php?rest_route=%2Fwp%2Fv2%2Fproduct_tag&post=4038"}],"curies":[{"name":"wp","href":"https:\/\/api.w.org\/{rel}","templated":true}]}}