{"id":4040,"date":"2018-08-01T15:24:39","date_gmt":"2018-08-01T15:24:39","guid":{"rendered":"http:\/\/trenaferragens1.hospedagemdesites.ws\/produto\/import-placeholder-for-5358\/"},"modified":"2018-08-01T15:25:23","modified_gmt":"2018-08-01T15:25:23","slug":"fita-anti-corrosiva-scotchrap","status":"publish","type":"product","link":"https:\/\/trenaferragens.com.br\/?product=fita-anti-corrosiva-scotchrap","title":{"rendered":"Fita Anti-Corrosiva SCOTCHRAP"},"content":{"rendered":"<p>Fita Anti-Corrosiva SCOTCHRAP<\/p>\n<p>A 3M Fita Scotchrap oferece um dorso refor\u00e7ado de cloreto de polivinila com adesivos especiais de ades\u00e3o inicial formulados para resistir \u00e0 corros\u00e3o dos sistemas de tubula\u00e7\u00e3o de metal a\u00e9reos ou enterrados. Ela tamb\u00e9m oferece prote\u00e7\u00e3o contra corros\u00e3o em encaixes e deriva\u00e7\u00f5es para todos os sistemas de tubula\u00e7\u00e3o recobertos com estanho e conduites el\u00e9tricos. O dorso e o adesivo de grau profissional combinam-se para oferecer resist\u00eancia \u00e0 corros\u00e3o devido a \u00e1gua salgada, \u00e1cidos do solo, \u00e1lcalis e sais, produtos qu\u00edmicos comuns, vapores qu\u00edmicos e exposi\u00e7\u00e3o a diversas condi\u00e7\u00f5es de clima. Esta fita excepcionalmente robusta \u00e9 resistente a impacto, abras\u00f5es, perfura\u00e7\u00f5es e rasgos. \u00c9 altamente conform\u00e1vel a fim de envelopar com firmeza e manter de fora os elementos corrosivos. Ela tamb\u00e9m isola onde \u00e9 aplicada. A aplica\u00e7\u00e3o n\u00e3o requer fonte de calor, tornando-a ideal para \u00e1reas sens\u00edveis, onde a presen\u00e7a de fogo gera riscos. A temperatura operacional (-10\u00b0 to 80\u00b0C) excede a maioria das especifica\u00e7\u00f5es de grau comercial.<\/p>\n","protected":false},"excerpt":{"rendered":"<p>Fita Anti-Corrosiva SCOTCHRAP<\/p>\n<p>DISPON\u00cdVEL NOS TAMANHOS:<\/p>\n<p>Fita Anti-Corrosiva SCOTCHRAP 75MMx30MT<\/p>\n<p>Fita Anti-Corrosiva SCOTCHRAP 100MMx30MT<\/p>\n<div class=\"MMM--hdg MMM--hdg_2 SNAPS--hdg_2 MMM--tabHeader\">Detalhes<\/div>\n<div class=\"tabContentContainer MMM--contentToggle-target MMM--isActive\">\n<div class=\"MMM--contentPadded MMM--accordionPanel\">\n<div class=\"MMM--grids\">\n<div class=\"MMM--grids-col MMM--grids-col_pdpMain\">\n<ul class=\"MMM--pdpList SNAPS--bullets\">\n<li>Prote\u00e7\u00e3o contra corros\u00e3o em encaixes<\/li>\n<li>Resist\u00eancia \u00e0 corros\u00e3o devida a \u00e1gua salgada, \u00e1cidos do solo, \u00e1lcalis e sais<\/li>\n<li>Isola onde \u00e9 aplicada<\/li>\n<li>Resist\u00eancia \u00e0 radia\u00e7\u00e3o UV<\/li>\n<\/ul>\n<h4 class=\"MMM--hdg MMM--pdpTabVr SNAPS--pdpTabVr\">Aplica\u00e7\u00f5es sugeridas<\/h4>\n<ul class=\"MMM--pdpList SNAPS--bullets\">\n<li>Resiste \u00e0 corros\u00e3o dos sistemas de tubula\u00e7\u00e3o de metal a\u00e9reos ou enterrados<\/li>\n<li>Resist\u00eancia \u00e0 corros\u00e3o devida a \u00e1gua salgada, \u00e1cidos do solo, \u00e1lcalis e sais<\/li>\n<\/ul>\n<p class=\"SNAPS--pdpTabDes\">A 3M Fita Scotchrap oferece prote\u00e7\u00e3o contra corros\u00e3o em encaixes e deriva\u00e7\u00f5es para todos os sistemas de tubula\u00e7\u00e3o recobertos com estanho e conduites el\u00e9tricos. A aplica\u00e7\u00e3o n\u00e3o requer fonte de calor, tornando-a ideal para \u00e1reas sens\u00edveis, onde a presen\u00e7a de fogo gera riscos.<\/p>\n<\/div>\n<\/div>\n<\/div>\n<\/div>\n","protected":false},"featured_media":1044,"comment_status":"open","ping_status":"closed","template":"","meta":[],"product_cat":[192,1856],"product_tag":[593],"_links":{"self":[{"href":"https:\/\/trenaferragens.com.br\/index.php?rest_route=\/wp\/v2\/product\/4040"}],"collection":[{"href":"https:\/\/trenaferragens.com.br\/index.php?rest_route=\/wp\/v2\/product"}],"about":[{"href":"https:\/\/trenaferragens.com.br\/index.php?rest_route=\/wp\/v2\/types\/product"}],"replies":[{"embeddable":true,"href":"https:\/\/trenaferragens.com.br\/index.php?rest_route=%2Fwp%2Fv2%2Fcomments&post=4040"}],"wp:featuredmedia":[{"embeddable":true,"href":"https:\/\/trenaferragens.com.br\/index.php?rest_route=\/wp\/v2\/media\/1044"}],"wp:attachment":[{"href":"https:\/\/trenaferragens.com.br\/index.php?rest_route=%2Fwp%2Fv2%2Fmedia&parent=4040"}],"wp:term":[{"taxonomy":"product_cat","embeddable":true,"href":"https:\/\/trenaferragens.com.br\/index.php?rest_route=%2Fwp%2Fv2%2Fproduct_cat&post=4040"},{"taxonomy":"product_tag","embeddable":true,"href":"https:\/\/trenaferragens.com.br\/index.php?rest_route=%2Fwp%2Fv2%2Fproduct_tag&post=4040"}],"curies":[{"name":"wp","href":"https:\/\/api.w.org\/{rel}","templated":true}]}}