{"id":4041,"date":"2018-08-01T15:25:02","date_gmt":"2018-08-01T15:25:02","guid":{"rendered":"http:\/\/trenaferragens1.hospedagemdesites.ws\/produto\/import-placeholder-for-5360\/"},"modified":"2018-08-01T15:25:23","modified_gmt":"2018-08-01T15:25:23","slug":"fita-antiderrapante-cinza-3m","status":"publish","type":"product","link":"https:\/\/trenaferragens.com.br\/?product=fita-antiderrapante-cinza-3m","title":{"rendered":"Fita Antiderrapante Cinza 3M"},"content":{"rendered":"<p>Fita Antiderrapante Cinza 3M<\/p>\n<p>3M<\/p>\n<p>A 3M \u00e9 fundamentalmente uma companhia de base cient\u00edfica. Produzimos milhares de produtos imaginativos e somos l\u00edderes em n\u00fameros de mercados de atua\u00e7\u00e3o &#8211; de cuidados com a sa\u00fade e seguran\u00e7a no tr\u00e1fego a produtos para escrit\u00f3rio,\u00a0abrasivos e adesivos. O sucesso da companhia come\u00e7a com a habilidade de aplicar nossas tecnologias &#8211; freq\u00fcentemente por meio de combina\u00e7\u00f5es &#8211; em uma variedade infinita de necessidades dos nossos clientes. Obviamente, tudo isso \u00e9 poss\u00edvel devido \u00e0s pessoas da 3M e ao seu compromisso \u00fanico de tornar a vida das pessoas mais f\u00e1cil e melhor no mundo todo.<\/p>\n","protected":false},"excerpt":{"rendered":"<p>Fita Antiderrapante Cinza 3M<\/p>\n<p>Tamanhos:<\/p>\n<p>50MMx5MT<\/p>\n<div class=\"MMM--hdg MMM--hdg_2 SNAPS--hdg_2 MMM--tabHeader\">Detalhes<\/div>\n<div class=\"tabContentContainer MMM--contentToggle-target MMM--isActive\">\n<div class=\"MMM--contentPadded MMM--accordionPanel\">\n<div class=\"MMM--grids\">\n<div class=\"MMM--grids-col MMM--grids-col_pdpMain\">\n<ul class=\"MMM--pdpList SNAPS--bullets\">\n<li>Faixa antiderrapante f\u00e1cil de aplicar e cortar com tesoura<\/li>\n<li>Adesivo forte e resistente a chuvas e ao tr\u00e1fego intenso<\/li>\n<li>Dur\u00e1vel e confort\u00e1vel para p\u00e9s descal\u00e7os<\/li>\n<li>N\u00e3o racha ou descasca com o uso<\/li>\n<li>Indicada para evitar escorreg\u00f5es e quedas<\/li>\n<\/ul>\n<h4 class=\"MMM--hdg MMM--pdpTabVr SNAPS--pdpTabVr\">Aplica\u00e7\u00f5es sugeridas<\/h4>\n<ul class=\"MMM--pdpList SNAPS--bullets\">\n<li>Fita adesiva antiderrapante 3M que garante um tr\u00e1fego seguro de pessoas, prevenindo acidentes em ambientes comerciais e residenciais<\/li>\n<li>Recomendada para tr\u00e1fego alto de pessoas (at\u00e9 4500 por dia)<\/li>\n<\/ul>\n<p>Esta fita antiderrapante para escadas e pisos \u00e9 dur\u00e1vel, confort\u00e1vel tamb\u00e9m para p\u00e9s descal\u00e7os, resiste a mofo e bolor e n\u00e3o racha ou descasca com o uso. Necessita de baixa manuten\u00e7\u00e3o, otimizando seu investimento. \u00c9 ideal para evitar escorreg\u00f5es e quedas e est\u00e1 dispon\u00edvel em uma variedade de tamanhos, cores e materiais. Para utilizar o produto, a superf\u00edcie deve estar limpa, seca e isenta de gordura. Dever\u00e3o ser eliminados, antes da aplica\u00e7\u00e3o da fita, quaisquer revestimentos que estiverem sobre a superf\u00edcie, tais como ceras, tintas, vernizes, etc. Ao aplicar as Fitas Antiderrapantes Safety-Walk, utilize luvas. Depois de limpar e varrer a superf\u00edcie, seque-a bem. A seguir, utilize um solvente como acetona ou \u00e1lcool (de prefer\u00eancia acetona) para remover res\u00edduos de \u00f3leo ou graxa. Seque bem a superf\u00edcie, garantindo que todo o solvente foi evaporado. Corte o Safety-Walk no tamanho desejado, arredondando as pontas, a fim de evitar pontos cr\u00edticos de soltura. N\u00e3o aplique sobre emendas de piso (rejuntes) mesmo que este seja de cer\u00e2mica. Respeite as dist\u00e2ncias recomendadas de acordo com cada tipo de aplica\u00e7\u00e3o. Descole apenas a extremidade da fita, e o restante solte gradativamente, removendo o papel protetor do adesivo e aplicando o Safety-Walk na posi\u00e7\u00e3o desejada. Evite o contato com o adesivo. Pressione firmemente do centro em dire\u00e7\u00e3o \u00e0s extremidades, eliminando eventuais bolhas. Certifique-se que as bordas estejam bem aderidas. Para remover a fita, levante uma das extremidades e puxe vagarosamente. Os res\u00edduos s\u00e3o facilmente removidos com produtos de limpeza.<\/p>\n<p class=\"SNAPS--pdpTabDes\">A Fita Antiderrapante Safety-Walk garante um tr\u00e1fego seguro de pessoas, prevenindo acidentes em ambientes comerciais e residenciais. Podem ser utilizadas em ambientes internos ou externos, com alto tr\u00e1fego de pessoas (at\u00e9 4500 por dia). F\u00e1cil de aplicar e cortar com tesoura, seu adesivo \u00e9 forte e resistente a chuvas e ao tr\u00e1fego intenso de pessoas.<\/p>\n<\/div>\n<\/div>\n<\/div>\n<\/div>\n","protected":false},"featured_media":1045,"comment_status":"open","ping_status":"closed","template":"","meta":[],"product_cat":[192,1856],"product_tag":[594],"_links":{"self":[{"href":"https:\/\/trenaferragens.com.br\/index.php?rest_route=\/wp\/v2\/product\/4041"}],"collection":[{"href":"https:\/\/trenaferragens.com.br\/index.php?rest_route=\/wp\/v2\/product"}],"about":[{"href":"https:\/\/trenaferragens.com.br\/index.php?rest_route=\/wp\/v2\/types\/product"}],"replies":[{"embeddable":true,"href":"https:\/\/trenaferragens.com.br\/index.php?rest_route=%2Fwp%2Fv2%2Fcomments&post=4041"}],"wp:featuredmedia":[{"embeddable":true,"href":"https:\/\/trenaferragens.com.br\/index.php?rest_route=\/wp\/v2\/media\/1045"}],"wp:attachment":[{"href":"https:\/\/trenaferragens.com.br\/index.php?rest_route=%2Fwp%2Fv2%2Fmedia&parent=4041"}],"wp:term":[{"taxonomy":"product_cat","embeddable":true,"href":"https:\/\/trenaferragens.com.br\/index.php?rest_route=%2Fwp%2Fv2%2Fproduct_cat&post=4041"},{"taxonomy":"product_tag","embeddable":true,"href":"https:\/\/trenaferragens.com.br\/index.php?rest_route=%2Fwp%2Fv2%2Fproduct_tag&post=4041"}],"curies":[{"name":"wp","href":"https:\/\/api.w.org\/{rel}","templated":true}]}}