{"id":4042,"date":"2018-08-01T15:25:03","date_gmt":"2018-08-01T15:25:03","guid":{"rendered":"http:\/\/trenaferragens1.hospedagemdesites.ws\/produto\/import-placeholder-for-5362\/"},"modified":"2018-08-01T15:25:24","modified_gmt":"2018-08-01T15:25:24","slug":"fita-antiderrapante-neon-3m","status":"publish","type":"product","link":"https:\/\/trenaferragens.com.br\/?product=fita-antiderrapante-neon-3m","title":{"rendered":"Fita Antiderrapante Neon 3M"},"content":{"rendered":"<p>Fita Antiderrapante Neon 3M<\/p>\n<p>3M<\/p>\n<p>A 3M \u00e9 fundamentalmente uma companhia de base cient\u00edfica. Produzimos milhares de produtos imaginativos e somos l\u00edderes em n\u00fameros de mercados de atua\u00e7\u00e3o &#8211; de cuidados com a sa\u00fade e seguran\u00e7a no tr\u00e1fego a produtos para escrit\u00f3rio,\u00a0abrasivos e adesivos. O sucesso da companhia come\u00e7a com a habilidade de aplicar nossas tecnologias &#8211; freq\u00fcentemente por meio de combina\u00e7\u00f5es &#8211; em uma variedade infinita de necessidades dos nossos clientes. Obviamente, tudo isso \u00e9 poss\u00edvel devido \u00e0s pessoas da 3M e ao seu compromisso \u00fanico de tornar a vida das pessoas mais f\u00e1cil e melhor no mundo todo.<\/p>\n","protected":false},"excerpt":{"rendered":"<div>Fita Antiderrapante Neon 3M<\/div>\n<div><\/div>\n<div>Tamanhos:<\/div>\n<div><\/div>\n<div>50MMx5MT NEON<\/div>\n<div><\/div>\n<div class=\"MMM--hdg MMM--hdg_2 SNAPS--hdg_2 MMM--tabHeader\">Detalhes<\/div>\n<div class=\"tabContentContainer MMM--contentToggle-target MMM--isActive\">\n<div class=\"MMM--contentPadded MMM--accordionPanel\">\n<div class=\"MMM--grids\">\n<div class=\"MMM--grids-col MMM--grids-col_pdpMain\">\n<ul class=\"MMM--pdpList SNAPS--bullets\">\n<li>Mais completa solu\u00e7\u00e3o de seguran\u00e7a para pisos, degraus, escadas, rampas, corredores, e sa\u00eddas de emerg\u00eancia<\/li>\n<li>F\u00e1cil de aplicar e cortar com tesoura<\/li>\n<li>Adesivo forte e resistente a chuvas e ao tr\u00e1fego intenso<\/li>\n<li>Dur\u00e1vel e confort\u00e1vel para p\u00e9s descal\u00e7os<\/li>\n<li>N\u00e3o racha ou descasca com o uso<\/li>\n<\/ul>\n<h4 class=\"MMM--hdg MMM--pdpTabVr SNAPS--pdpTabVr\">Aplica\u00e7\u00f5es sugeridas<\/h4>\n<ul class=\"MMM--pdpList SNAPS--bullets\">\n<li>Garante um tr\u00e1fego seguro de pessoas, prevenindo acidentes em ambientes comerciais e residenciais<\/li>\n<li>Recomendada para tr\u00e1fego alto de pessoas (at\u00e9 4500 por dia)<\/li>\n<\/ul>\n<p>Esta Fita Antiderrapante 3M Neon \u00e9 a mais completa solu\u00e7\u00e3o de seguran\u00e7a para pisos, degraus, escadas, rampas, corredores, e sa\u00eddas de emerg\u00eancia. Al\u00e9m de prevenir quedas e escorreg\u00f5es por sua textura antiderrapante, ela possui uma faixa fosforescente emite luz por at\u00e9 seis horas durante a noite ou na falta de energia el\u00e9trica (necessita ter tido pr\u00e9vio contato com luz durante seis horas). Pode ser aplicada em \u00e1reas externas ou internas e \u00e9 muito utilizada em resid\u00eancias que tenham idosos ou crian\u00e7as. A Fita Antiderrapante Safety-Walk Neon \u00e9 f\u00e1cil de aplicar e cortar com tesoura. Al\u00e9m disso, seu adesivo \u00e9 forte e resistente a chuvas e ao tr\u00e1fego intenso de pessoas. \u00c9 dur\u00e1vel, confort\u00e1vel tamb\u00e9m para p\u00e9s descal\u00e7os, resiste a mofo e bolor e n\u00e3o racha ou descasca com o uso. Conhe\u00e7a essa faixa antiderrapante que necessita de baixa manuten\u00e7\u00e3o e otimiza o seu investimento! Dispon\u00edvel na vers\u00e3o 50 mm x 5 m. Modo de usar: ap\u00f3s a limpeza do piso, demarque a \u00e1rea onde a Fita Antiderrapante Safety Walk\u00ae ser\u00e1 aplicada. Dentro desta \u00e1rea, utilizando um pincel, aplique o primer. Aplicado o primer, este dever\u00e1 permanecer em repouso (em m\u00e9dia cinco minutos) at\u00e9 atingir a condi\u00e7\u00e3o ideal para receber a Fita Antiderrapante. Para certificar-se desta condi\u00e7\u00e3o ideal, basta checar se o primer est\u00e1 apresentando &#8220;tato&#8221;, tocando levemente com a ponta do dedo. O adesivo n\u00e3o dever\u00e1 estar grudando no dedo e n\u00e3o soltando do piso. A observ\u00e2ncia deste ponto \u00e9 muito importante, pois se a Fita Antiderrapante for aplicada antes, o solvente do primer n\u00e3o ter\u00e1 como evaporar, causando posteriores bolhas internas. Se a fita for aplicada depois sem tato, o primer ter\u00e1 perdido sua principal fun\u00e7\u00e3o, que \u00e9 aumentar a ades\u00e3o.<\/p>\n<p class=\"SNAPS--pdpTabDes\">A Fita Antiderrapante Safety-Walk \u00e9 ideal para garantir um tr\u00e1fego seguro de pessoas, prevenindo acidentes em ambientes comerciais e residenciais. Esta fita adesiva antiderrapante 3M neon possui faixa fosforescente que absorve a luminosidade natural ou artificial e emite luz por at\u00e9 seis horas durante a noite ou em caso de queda de energia.<\/p>\n<\/div>\n<\/div>\n<\/div>\n<\/div>\n","protected":false},"featured_media":1046,"comment_status":"open","ping_status":"closed","template":"","meta":[],"product_cat":[192,1856],"product_tag":[595],"_links":{"self":[{"href":"https:\/\/trenaferragens.com.br\/index.php?rest_route=\/wp\/v2\/product\/4042"}],"collection":[{"href":"https:\/\/trenaferragens.com.br\/index.php?rest_route=\/wp\/v2\/product"}],"about":[{"href":"https:\/\/trenaferragens.com.br\/index.php?rest_route=\/wp\/v2\/types\/product"}],"replies":[{"embeddable":true,"href":"https:\/\/trenaferragens.com.br\/index.php?rest_route=%2Fwp%2Fv2%2Fcomments&post=4042"}],"wp:featuredmedia":[{"embeddable":true,"href":"https:\/\/trenaferragens.com.br\/index.php?rest_route=\/wp\/v2\/media\/1046"}],"wp:attachment":[{"href":"https:\/\/trenaferragens.com.br\/index.php?rest_route=%2Fwp%2Fv2%2Fmedia&parent=4042"}],"wp:term":[{"taxonomy":"product_cat","embeddable":true,"href":"https:\/\/trenaferragens.com.br\/index.php?rest_route=%2Fwp%2Fv2%2Fproduct_cat&post=4042"},{"taxonomy":"product_tag","embeddable":true,"href":"https:\/\/trenaferragens.com.br\/index.php?rest_route=%2Fwp%2Fv2%2Fproduct_tag&post=4042"}],"curies":[{"name":"wp","href":"https:\/\/api.w.org\/{rel}","templated":true}]}}