{"id":4043,"date":"2018-08-01T15:25:04","date_gmt":"2018-08-01T15:25:04","guid":{"rendered":"http:\/\/trenaferragens1.hospedagemdesites.ws\/produto\/import-placeholder-for-5364\/"},"modified":"2018-08-01T15:25:25","modified_gmt":"2018-08-01T15:25:25","slug":"fita-antiderrapante-preta-3m","status":"publish","type":"product","link":"https:\/\/trenaferragens.com.br\/?product=fita-antiderrapante-preta-3m","title":{"rendered":"Fita Antiderrapante Preta 3M"},"content":{"rendered":"<p>Fita Antiderrapante Preta 3M<\/p>\n<p>3M<\/p>\n<p>A 3M \u00e9 fundamentalmente uma companhia de base cient\u00edfica. Produzimos milhares de produtos imaginativos e somos l\u00edderes em n\u00fameros de mercados de atua\u00e7\u00e3o &#8211; de cuidados com a sa\u00fade e seguran\u00e7a no tr\u00e1fego a produtos para escrit\u00f3rio,\u00a0abrasivos e adesivos. O sucesso da companhia come\u00e7a com a habilidade de aplicar nossas tecnologias &#8211; freq\u00fcentemente por meio de combina\u00e7\u00f5es &#8211; em uma variedade infinita de necessidades dos nossos clientes. Obviamente, tudo isso \u00e9 poss\u00edvel devido \u00e0s pessoas da 3M e ao seu compromisso \u00fanico de tornar a vida das pessoas mais f\u00e1cil e melhor no mundo todo.<\/p>\n","protected":false},"excerpt":{"rendered":"<p>Fita Antiderrapante Preta 3M<\/p>\n<p>Tamanhoa:<\/p>\n<p>50MMx5MT<\/p>\n<div class=\"MMM--hdg MMM--hdg_2 SNAPS--hdg_2 MMM--tabHeader\">Detalhes<\/div>\n<div class=\"tabContentContainer MMM--contentToggle-target MMM--isActive\">\n<div class=\"MMM--contentPadded MMM--accordionPanel\">\n<div class=\"MMM--grids\">\n<div class=\"MMM--grids-col MMM--grids-col_pdpMain\">\n<ul class=\"MMM--pdpList SNAPS--bullets\">\n<li>Faixa antiderrapante f\u00e1cil de aplicar e cortar com tesoura<\/li>\n<li>Adesivo forte e resistente a chuvas e ao tr\u00e1fego intenso<\/li>\n<li>Dur\u00e1vel e confort\u00e1vel para p\u00e9s descal\u00e7os<\/li>\n<li>N\u00e3o racha ou descasca com o uso<\/li>\n<li>Indicada para evitar escorreg\u00f5es e quedas<\/li>\n<li>Modo de usar: 1. Ap\u00f3s a limpeza do piso, demarcar a \u00e1rea onde a Fita Antiderrapante Safety WalkMR ser\u00e1 aplicada. 2. Dentro desta \u00e1rea, utilizando um pincel, aplique o primer. 3. Aplicado o primer, este dever\u00e1 permanecer em repouso (em m\u00e9dia 5 minutos) at\u00e9 atingir a condi\u00e7\u00e3o ideal para receber a Fita Antiderrapante. 4. Para certificar-se desta condi\u00e7\u00e3o ideal, basta checar se o primer est\u00e1 apresentando &#8220;tato&#8221; tocando levemente com a ponta do dedo. O adesivo n\u00e3o dever\u00e1 estar grudando no dedo e n\u00e3o soltando do piso. 5. A observ\u00e2ncia deste ponto \u00e9 muito importante pois se a Fita Antiderrapante for aplicada antes (grudando no dedo), o solvente do primer n\u00e3o ter\u00e1 como evaporar, causando posteriores bolhas internas. Se a fita for aplicada depois (sem tato), o primer ter\u00e1 perdido sua principal fun\u00e7\u00e3o, que \u00e9, aumentar a ades\u00e3o.<\/li>\n<\/ul>\n<h4 class=\"MMM--hdg MMM--pdpTabVr SNAPS--pdpTabVr\">Aplica\u00e7\u00f5es sugeridas<\/h4>\n<ul class=\"MMM--pdpList SNAPS--bullets\">\n<li>Fita adesiva antiderrapante 3M que garante um tr\u00e1fego seguro de pessoas, prevenindo acidentes em ambientes comerciais e residenciais<\/li>\n<\/ul>\n<p>Esta fita antiderrapante para escadas e pisos \u00e9 dur\u00e1vel, confort\u00e1vel tamb\u00e9m para p\u00e9s descal\u00e7os, resiste a mofo e bolor e n\u00e3o racha ou descasca com o uso. \u00c9 ideal para evitar escorreg\u00f5es e quedas e est\u00e1 dispon\u00edvel em uma variedade de tamanhos, cores e materiais. \u00c9 um adesivo antiderrapante que pode ser utilizado durante longo tempo em locais com tr\u00e1fego intenso. Para utilizar o produto, a superf\u00edcie deve estar limpa, seca e isenta de gordura. Dever\u00e3o ser eliminados, antes da aplica\u00e7\u00e3o da fita, quaisquer revestimentos que estiverem sobre a superf\u00edcie, tais como ceras, tintas, vernizes, etc. Ao aplicar as Fitas Antiderrapantes Safety-Walk, utilize luvas. Depois de limpar e varrer a superf\u00edcie, seque-a bem. A seguir, utilize um solvente como acetona ou \u00e1lcool (de prefer\u00eancia acetona) para remover res\u00edduos de \u00f3leo ou graxa. Seque bem a superf\u00edcie, garantindo que todo o solvente foi evaporado. Corte o Safety-Walk no tamanho desejado, arredondando as pontas, a fim de evitar pontos cr\u00edticos de soltura. N\u00e3o aplique sobre emendas de piso (rejuntes) mesmo que este seja de cer\u00e2mica. Respeite as dist\u00e2ncias recomendadas de acordo com cada tipo de aplica\u00e7\u00e3o. Descole apenas a extremidade da fita, e o restante solte gradativamente, removendo o papel protetor do adesivo e aplicando o Safety-Walk na posi\u00e7\u00e3o desejada. Evite o contato com o adesivo. Pressione firmemente do centro em dire\u00e7\u00e3o \u00e0s extremidades, eliminando eventuais bolhas. Certifique-se que as bordas estejam bem aderidas. Para remover a fita, levante uma das extremidades e puxe vagarosamente. Os res\u00edduos s\u00e3o facilmente removidos com produtos de limpeza.<\/p>\n<p class=\"SNAPS--pdpTabDes\">A Fita Antiderrapante Safety-Walk garante um tr\u00e1fego seguro de pessoas, prevenindo acidentes em ambientes comerciais e residenciais. F\u00e1cil de aplicar e cortar com tesoura, seu adesivo \u00e9 forte e resistente a chuvas e ao tr\u00e1fego intenso de pessoas.<\/p>\n<\/div>\n<\/div>\n<\/div>\n<\/div>\n","protected":false},"featured_media":1047,"comment_status":"open","ping_status":"closed","template":"","meta":[],"product_cat":[192,1856],"product_tag":[596],"_links":{"self":[{"href":"https:\/\/trenaferragens.com.br\/index.php?rest_route=\/wp\/v2\/product\/4043"}],"collection":[{"href":"https:\/\/trenaferragens.com.br\/index.php?rest_route=\/wp\/v2\/product"}],"about":[{"href":"https:\/\/trenaferragens.com.br\/index.php?rest_route=\/wp\/v2\/types\/product"}],"replies":[{"embeddable":true,"href":"https:\/\/trenaferragens.com.br\/index.php?rest_route=%2Fwp%2Fv2%2Fcomments&post=4043"}],"wp:featuredmedia":[{"embeddable":true,"href":"https:\/\/trenaferragens.com.br\/index.php?rest_route=\/wp\/v2\/media\/1047"}],"wp:attachment":[{"href":"https:\/\/trenaferragens.com.br\/index.php?rest_route=%2Fwp%2Fv2%2Fmedia&parent=4043"}],"wp:term":[{"taxonomy":"product_cat","embeddable":true,"href":"https:\/\/trenaferragens.com.br\/index.php?rest_route=%2Fwp%2Fv2%2Fproduct_cat&post=4043"},{"taxonomy":"product_tag","embeddable":true,"href":"https:\/\/trenaferragens.com.br\/index.php?rest_route=%2Fwp%2Fv2%2Fproduct_tag&post=4043"}],"curies":[{"name":"wp","href":"https:\/\/api.w.org\/{rel}","templated":true}]}}