{"id":4055,"date":"2018-08-01T15:25:12","date_gmt":"2018-08-01T15:25:12","guid":{"rendered":"http:\/\/trenaferragens1.hospedagemdesites.ws\/produto\/import-placeholder-for-5391\/"},"modified":"2018-08-01T15:25:34","modified_gmt":"2018-08-01T15:25:34","slug":"fita-crepe-3m","status":"publish","type":"product","link":"https:\/\/trenaferragens.com.br\/?product=fita-crepe-3m","title":{"rendered":"Fita Crepe 3M"},"content":{"rendered":"<p>Fita Crepe 3M<\/p>\n<p>3M<\/p>\n<p>A 3M \u00e9 fundamentalmente uma companhia de base cient\u00edfica. Produzimos milhares de produtos imaginativos e somos l\u00edderes em n\u00fameros de mercados de atua\u00e7\u00e3o &#8211; de cuidados com a sa\u00fade e seguran\u00e7a no tr\u00e1fego a produtos para escrit\u00f3rio,\u00a0abrasivos e adesivos. O sucesso da companhia come\u00e7a com a habilidade de aplicar nossas tecnologias &#8211; freq\u00fcentemente por meio de combina\u00e7\u00f5es &#8211; em uma variedade infinita de necessidades dos nossos clientes. Obviamente, tudo isso \u00e9 poss\u00edvel devido \u00e0s pessoas da 3M e ao seu compromisso \u00fanico de tornar a vida das pessoas mais f\u00e1cil e melhor no mundo todo.<\/p>\n","protected":false},"excerpt":{"rendered":"<p>Fita Crepe 3M<\/p>\n<p>Tamanhos:<\/p>\n<p>18MMx50MT \/ 24MMx50MT \/ 48MMx50MT<\/p>\n<div class=\"MMM--hdg MMM--hdg_2 SNAPS--hdg_2 MMM--tabHeader\">Detalhes<\/div>\n<div class=\"tabContentContainer MMM--contentToggle-target MMM--isActive\">\n<div class=\"MMM--contentPadded MMM--accordionPanel\">\n<div class=\"MMM--grids\">\n<div class=\"MMM--grids-col MMM--grids-col_pdpMain\">\n<ul class=\"MMM--pdpList SNAPS--bullets\">\n<li>Desenrolamento leve<\/li>\n<li>Remo\u00e7\u00e3o f\u00e1cil e limpa<\/li>\n<li>Linha de pintura com excelente acabamento<\/li>\n<li>Resistente a \u00e1gua e solventes<\/li>\n<li>Alto \u201ctack\u201d<\/li>\n<\/ul>\n<h4 class=\"MMM--hdg MMM--pdpTabVr SNAPS--pdpTabVr\">Aplica\u00e7\u00f5es sugeridas<\/h4>\n<ul class=\"MMM--pdpList SNAPS--bullets\">\n<li>Pintura imobili\u00e1ria<\/li>\n<li>Leves aplica\u00e7\u00f5es industriais<\/li>\n<li>Sela pap\u00e9is, embalagens e caixas<\/li>\n<\/ul>\n<p>A Fita Crepe 101 LA da 3M&#x2122; permanece no local ao redor de extremidades e sobre superf\u00edcies contornadas. O adesivo de borracha se adere instantaneamente a pap\u00e9is, metais, madeiras pl\u00e1sticas, vidros, superf\u00edcies pintadas e outros tipos de superf\u00edcies limpas e \u00e9 resistente a levantamento ou enrolamento. Projetada para melhor desempenho interno, esta fita solta-se do rolo suavemente permitindo f\u00e1cil controle; e ap\u00f3s a conclus\u00e3o do trabalho, o forte fundo de papel resiste a rasgamentos indesej\u00e1veis e pratea\u00e7\u00e3o no momento da remo\u00e7\u00e3o minimizando, assim, poss\u00edveis frustra\u00e7\u00f5es. 101 LA \u00e9 um incremento \u00fatil a todas as caixas de ferramentas, locais de tarefa e locais de trabalho. Versatilidade Incomum A fita b\u00e1sica atende uma grande variedade de necessidades das lojas, dos escrit\u00f3rios e em toda a casa. \u00c9 grav\u00e1vel e pode fornecer metros de r\u00f3tulos tempor\u00e1rios. \u00c9 poss\u00edvel utiliz\u00e1-la para amarrar objetos para armazenamento ou movimenta\u00e7\u00e3o. Ela veda papel\u00e3o, caixas e embalagens externas para proteger o seu conte\u00fado, e \u00e9 mais f\u00e1cil de remover do que tecidos para embalagens ou outras fitas. Tamb\u00e9m \u00e9 poss\u00edvel pendurar sinaliza\u00e7\u00f5es tempor\u00e1rias e rolos de pl\u00e1stico, marca\u00e7\u00f5es de rota, artes e artesanatos e muitos outros usos pr\u00e1ticos e criativos. O que \u00e9 Fita Crepe? A fita crepe foi desenvolvida especificamente para auxiliar na prote\u00e7\u00e3o de superf\u00edcies circundantes contra excesso de spray, fornecer linhas de pintura limpas e remover facilmente e de forma limpa no fim da tarefa. Fitas crepe aderem bem, protegem a tinta de solventes ou \u00e1gua e s\u00e3o fortes o suficiente para pendurar rolos de pl\u00e1stico e ainda remov\u00ea-los de forma limpa sem danificar abaixo da superf\u00edcie. O fundo, normalmente de papel crepado, pode se ajustar a superf\u00edcies curvadas e irregulares. A fita pode ser rasgada a m\u00e3o para garantir aplica\u00e7\u00f5es livres de ferramentas. Uma fita crepe deve especificar a quais superf\u00edcies ir\u00e1 se aderir, e tamb\u00e9m o intervalo de tempo pelo qual poder\u00e1 ser removida de forma limpa. Uma fita muito fina ou mal fabricada pode apresentar fragmenta\u00e7\u00e3o ou desfibramento, ambos saindo do rolo ou no momento de remo\u00e7\u00e3o ap\u00f3s uso. Algumas fitas crepe t\u00eam for\u00e7a extens\u00edvel para leves aplica\u00e7\u00f5es comerciais e industriais, incluindo empacotamento, etiquetamento, veda\u00e7\u00e3o, reparos tempor\u00e1rios, marca\u00e7\u00e3o de rota, emenda e prote\u00e7\u00e3o de superf\u00edcies. A cl\u00e1ssica fita crepe tem uma leve cor de bronze, mas as nossas fitas possuem uma variedade de cores e formula\u00e7\u00f5es para atender \u00e0s necessidades de aplica\u00e7\u00f5es gerais e espec\u00edficas. Um rolo de fita crepe \u00e9 um item b\u00e1sico nas caixas de ferramenta ou almoxarifados em ind\u00fastrias de constru\u00e7\u00e3o, armazenamento, militares, marinhas, transporte mar\u00edtimo e varejistas.<\/p>\n<p class=\"SNAPS--pdpTabDes\">A Fita Crepe 101 LA da 3M&#x2122; \u00e9 uma fita crepe de bom custo-benef\u00edcio que segura, amarra, veda e desempenha outras fun\u00e7\u00f5es n\u00e3o cr\u00edticas em que uma fita sens\u00edvel \u00e0 press\u00e3o \u00e9 necess\u00e1ria. Esta fita oferece desenrolamento control\u00e1vel para prevenir desfibramento ou fragmenta\u00e7\u00e3o e pode ser facilmente rasgada \u00e0 m\u00e3o.<\/p>\n<\/div>\n<\/div>\n<\/div>\n<\/div>\n","protected":false},"featured_media":1077,"comment_status":"open","ping_status":"closed","template":"","meta":[],"product_cat":[192,1856],"product_tag":[608],"_links":{"self":[{"href":"https:\/\/trenaferragens.com.br\/index.php?rest_route=\/wp\/v2\/product\/4055"}],"collection":[{"href":"https:\/\/trenaferragens.com.br\/index.php?rest_route=\/wp\/v2\/product"}],"about":[{"href":"https:\/\/trenaferragens.com.br\/index.php?rest_route=\/wp\/v2\/types\/product"}],"replies":[{"embeddable":true,"href":"https:\/\/trenaferragens.com.br\/index.php?rest_route=%2Fwp%2Fv2%2Fcomments&post=4055"}],"wp:featuredmedia":[{"embeddable":true,"href":"https:\/\/trenaferragens.com.br\/index.php?rest_route=\/wp\/v2\/media\/1077"}],"wp:attachment":[{"href":"https:\/\/trenaferragens.com.br\/index.php?rest_route=%2Fwp%2Fv2%2Fmedia&parent=4055"}],"wp:term":[{"taxonomy":"product_cat","embeddable":true,"href":"https:\/\/trenaferragens.com.br\/index.php?rest_route=%2Fwp%2Fv2%2Fproduct_cat&post=4055"},{"taxonomy":"product_tag","embeddable":true,"href":"https:\/\/trenaferragens.com.br\/index.php?rest_route=%2Fwp%2Fv2%2Fproduct_tag&post=4055"}],"curies":[{"name":"wp","href":"https:\/\/api.w.org\/{rel}","templated":true}]}}