{"id":4056,"date":"2018-08-01T15:25:12","date_gmt":"2018-08-01T15:25:12","guid":{"rendered":"http:\/\/trenaferragens1.hospedagemdesites.ws\/produto\/import-placeholder-for-5394\/"},"modified":"2018-08-01T15:25:34","modified_gmt":"2018-08-01T15:25:34","slug":"fita-d-face-p-frisos-aut-5369-12mmx3m","status":"publish","type":"product","link":"https:\/\/trenaferragens.com.br\/?product=fita-d-face-p-frisos-aut-5369-12mmx3m","title":{"rendered":"Fita D\/Face P\/Frisos Aut. 5369 12MMx3M"},"content":{"rendered":"<p>Fita D\/Face P\/Frisos Aut. 5369 12MMx3M<\/p>\n<p>3M<\/p>\n<p>A 3M \u00e9 fundamentalmente uma companhia de base cient\u00edfica. Produzimos milhares de produtos imaginativos e somos l\u00edderes em n\u00fameros de mercados de atua\u00e7\u00e3o &#8211; de cuidados com a sa\u00fade e seguran\u00e7a no tr\u00e1fego a produtos para escrit\u00f3rio,\u00a0abrasivos e adesivos. O sucesso da companhia come\u00e7a com a habilidade de aplicar nossas tecnologias &#8211; freq\u00fcentemente por meio de combina\u00e7\u00f5es &#8211; em uma variedade infinita de necessidades dos nossos clientes. Obviamente, tudo isso \u00e9 poss\u00edvel devido \u00e0s pessoas da 3M e ao seu compromisso \u00fanico de tornar a vida das pessoas mais f\u00e1cil e melhor no mundo todo.<\/p>\n","protected":false},"excerpt":{"rendered":"<p>Fita D\/Face P\/Frisos Aut. 5369 12MMx3M<\/p>\n<div class=\"MMM--hdg MMM--hdg_2 SNAPS--hdg_2 MMM--tabHeader\">Detalhes<\/div>\n<div class=\"tabContentContainer MMM--contentToggle-target MMM--isActive\">\n<div class=\"MMM--contentPadded MMM--accordionPanel\">\n<div class=\"MMM--grids\">\n<div class=\"MMM--grids-col MMM--grids-col_pdpMain\">\n<ul class=\"MMM--pdpList SNAPS--bullets\">\n<li>Excelente ades\u00e3o em pinturas comuns, de baixa energia superficial, e sistemas de pintura resistentes a riscos e danos.<\/li>\n<li>\u00danica camada de espuma que proporciona relaxamento da tens\u00e3o sob elevada press\u00e3o, enquanto mant\u00e9m est\u00e9ticamente estreitas as linhas de ader\u00eancia em condi\u00e7\u00f5es normais.<\/li>\n<li>Excelente resist\u00eancia ao impacto em diversas condi\u00e7\u00f5es de clima, de solvente e temperatura.<\/li>\n<li>Proporciona alta ader\u00eancia final e resist\u00eancia \u00e0 remo\u00e7\u00e3o.<\/li>\n<\/ul>\n<p>As fitas RT8002 foram desenhadas para fixa\u00e7\u00e3o de aeropartes automotivas como frisos de porta, frisos de teto e espoil\u00e9rs. Essa fita possui um avan\u00e7ado sistema que fixa \u00e0s mais tradicionais superf\u00edcies, de baixa energia e com tratamento antirisco. Uma vez que o desempenho do produto depender\u00e1 das condi\u00e7\u00f5es reais de uma aplica\u00e7\u00e3o espec\u00edfica, \u00e9 essencial que o usu\u00e1rio avalie o produto 3M para determinar se ele \u00e9 adequado para um prop\u00f3sito espec\u00edfico e materiais adequados para o m\u00e9todo de aplica\u00e7\u00e3o do usu\u00e1rio.<\/p>\n<p class=\"SNAPS--pdpTabDes\">A Fita Dupla Face de Espuma Acr\u00edlica RT8002 sens\u00edvel a press\u00e3o possui espessura de 0,2 mm, densidade m\u00e9dia e corola\u00e7\u00e3o cinza. \u00c9 utilizadada para a fixa\u00e7\u00e3o de guarni\u00e7\u00f5es automotivas externas como frisos laterais.<\/p>\n<\/div>\n<\/div>\n<\/div>\n<\/div>\n","protected":false},"featured_media":1078,"comment_status":"open","ping_status":"closed","template":"","meta":[],"product_cat":[192,1856],"product_tag":[609],"_links":{"self":[{"href":"https:\/\/trenaferragens.com.br\/index.php?rest_route=\/wp\/v2\/product\/4056"}],"collection":[{"href":"https:\/\/trenaferragens.com.br\/index.php?rest_route=\/wp\/v2\/product"}],"about":[{"href":"https:\/\/trenaferragens.com.br\/index.php?rest_route=\/wp\/v2\/types\/product"}],"replies":[{"embeddable":true,"href":"https:\/\/trenaferragens.com.br\/index.php?rest_route=%2Fwp%2Fv2%2Fcomments&post=4056"}],"wp:featuredmedia":[{"embeddable":true,"href":"https:\/\/trenaferragens.com.br\/index.php?rest_route=\/wp\/v2\/media\/1078"}],"wp:attachment":[{"href":"https:\/\/trenaferragens.com.br\/index.php?rest_route=%2Fwp%2Fv2%2Fmedia&parent=4056"}],"wp:term":[{"taxonomy":"product_cat","embeddable":true,"href":"https:\/\/trenaferragens.com.br\/index.php?rest_route=%2Fwp%2Fv2%2Fproduct_cat&post=4056"},{"taxonomy":"product_tag","embeddable":true,"href":"https:\/\/trenaferragens.com.br\/index.php?rest_route=%2Fwp%2Fv2%2Fproduct_tag&post=4056"}],"curies":[{"name":"wp","href":"https:\/\/api.w.org\/{rel}","templated":true}]}}