{"id":4057,"date":"2018-08-01T15:25:13","date_gmt":"2018-08-01T15:25:13","guid":{"rendered":"http:\/\/trenaferragens1.hospedagemdesites.ws\/produto\/import-placeholder-for-5396\/"},"modified":"2018-08-01T15:25:35","modified_gmt":"2018-08-01T15:25:35","slug":"fita-crepe-alta-perfomance","status":"publish","type":"product","link":"https:\/\/trenaferragens.com.br\/?product=fita-crepe-alta-perfomance","title":{"rendered":"Fita Crepe Alta Perfomance"},"content":{"rendered":"<p>Fita Crepe Alta Perfomance<\/p>\n<p>3M<\/p>\n<p>A 3M \u00e9 fundamentalmente uma companhia de base cient\u00edfica. Produzimos milhares de produtos imaginativos e somos l\u00edderes em n\u00fameros de mercados de atua\u00e7\u00e3o &#8211; de cuidados com a sa\u00fade e seguran\u00e7a no tr\u00e1fego a produtos para escrit\u00f3rio,\u00a0abrasivos e adesivos. O sucesso da companhia come\u00e7a com a habilidade de aplicar nossas tecnologias &#8211; freq\u00fcentemente por meio de combina\u00e7\u00f5es &#8211; em uma variedade infinita de necessidades dos nossos clientes. Obviamente, tudo isso \u00e9 poss\u00edvel devido \u00e0s pessoas da 3M e ao seu compromisso \u00fanico de tornar a vida das pessoas mais f\u00e1cil e melhor no mundo todo.<\/p>\n","protected":false},"excerpt":{"rendered":"<p>Fita Crepe Alta Perfomance<\/p>\n<div class=\"MMM--hdg MMM--hdg_2 SNAPS--hdg_2 MMM--tabHeader\">Detalhes<\/div>\n<div class=\"tabContentContainer MMM--contentToggle-target MMM--isActive\">\n<div class=\"MMM--contentPadded MMM--accordionPanel\">\n<div class=\"MMM--grids\">\n<div class=\"MMM--grids-col MMM--grids-col_pdpMain\">\n<ul class=\"MMM--pdpList SNAPS--bullets\">\n<li>Alta ades\u00e3o<\/li>\n<li>Faz curvas com facilidade<\/li>\n<li>Excelente linha de pintura<\/li>\n<\/ul>\n<h4 class=\"MMM--hdg MMM--pdpTabVr SNAPS--pdpTabVr\">Aplica\u00e7\u00f5es sugeridas<\/h4>\n<ul class=\"MMM--pdpList SNAPS--bullets\">\n<li>Pl\u00e1sticos<\/li>\n<li>Vidros<\/li>\n<li>Metais<\/li>\n<li>Borrachas<\/li>\n<\/ul>\n<p>A Fita Automotiva Alta Performance permite uma remo\u00e7\u00e3o limpa, sem deixar cola nas pe\u00e7as e n\u00e3o despeda\u00e7a na aplica\u00e7\u00e3o ou remo\u00e7\u00e3o. Foi desenvolvida especialmente para o uso profissional no mascaramento automotivo, mas tamb\u00e9m pode ser utilizada em todas as etapas de funilaria e pintura e, at\u00e9 mesmo, em centros de embelezamento automotivo. A Fita Automotiva Alta Performance \u00e9 altamente adapt\u00e1vel, proporcionando excelentes linhas de pintura. O adesivo especialmente formulado fornece uma linha n\u00edtida em uma variedade de superf\u00edcies, como moldes de pl\u00e1stico, vidro, metal, borracha e superf\u00edcies pintadas. Possui excelente resist\u00eancia de transfer\u00eancia, boa ades\u00e3o ao a\u00e7o, resist\u00eancia \u00e0 tra\u00e7\u00e3o e boa resist\u00eancia da temperatura at\u00e9 121\u00ba C durante 30 minutos. Possui melhor resist\u00eancia \u00e0 Radia\u00e7\u00e3o UV do que as fitas de mascaramento tradicionais. Est\u00e1 dispon\u00edvel em v\u00e1rios tamanhos, embalados em rolos e empacotados individualmente.<\/p>\n<p class=\"SNAPS--pdpTabDes\">Com \u00f3tima ades\u00e3o e altamente adapt\u00e1vel, a Fita Automotiva 3M&#x2122; Alta Performance permite uma remo\u00e7\u00e3o limpa, sem deixar cola nas pe\u00e7as. Ela faz curvas com facilidade e proporciona \u00f3timas linhas de pintura.<\/p>\n<\/div>\n<\/div>\n<\/div>\n<\/div>\n","protected":false},"featured_media":1079,"comment_status":"open","ping_status":"closed","template":"","meta":[],"product_cat":[192,1856],"product_tag":[610],"_links":{"self":[{"href":"https:\/\/trenaferragens.com.br\/index.php?rest_route=\/wp\/v2\/product\/4057"}],"collection":[{"href":"https:\/\/trenaferragens.com.br\/index.php?rest_route=\/wp\/v2\/product"}],"about":[{"href":"https:\/\/trenaferragens.com.br\/index.php?rest_route=\/wp\/v2\/types\/product"}],"replies":[{"embeddable":true,"href":"https:\/\/trenaferragens.com.br\/index.php?rest_route=%2Fwp%2Fv2%2Fcomments&post=4057"}],"wp:featuredmedia":[{"embeddable":true,"href":"https:\/\/trenaferragens.com.br\/index.php?rest_route=\/wp\/v2\/media\/1079"}],"wp:attachment":[{"href":"https:\/\/trenaferragens.com.br\/index.php?rest_route=%2Fwp%2Fv2%2Fmedia&parent=4057"}],"wp:term":[{"taxonomy":"product_cat","embeddable":true,"href":"https:\/\/trenaferragens.com.br\/index.php?rest_route=%2Fwp%2Fv2%2Fproduct_cat&post=4057"},{"taxonomy":"product_tag","embeddable":true,"href":"https:\/\/trenaferragens.com.br\/index.php?rest_route=%2Fwp%2Fv2%2Fproduct_tag&post=4057"}],"curies":[{"name":"wp","href":"https:\/\/api.w.org\/{rel}","templated":true}]}}