{"id":4058,"date":"2018-08-01T15:25:13","date_gmt":"2018-08-01T15:25:13","guid":{"rendered":"http:\/\/trenaferragens1.hospedagemdesites.ws\/produto\/import-placeholder-for-5398\/"},"modified":"2018-08-01T15:25:35","modified_gmt":"2018-08-01T15:25:35","slug":"fita-d-face-f-forte-ambiente-externo","status":"publish","type":"product","link":"https:\/\/trenaferragens.com.br\/?product=fita-d-face-f-forte-ambiente-externo","title":{"rendered":"Fita D\/Face F. Forte Ambiente Externo"},"content":{"rendered":"<p>Fita D\/Face F. Forte Ambiente Externo<\/p>\n<p>3M<\/p>\n<p>A 3M \u00e9 fundamentalmente uma companhia de base cient\u00edfica. Produzimos milhares de produtos imaginativos e somos l\u00edderes em n\u00fameros de mercados de atua\u00e7\u00e3o &#8211; de cuidados com a sa\u00fade e seguran\u00e7a no tr\u00e1fego a produtos para escrit\u00f3rio,\u00a0abrasivos e adesivos. O sucesso da companhia come\u00e7a com a habilidade de aplicar nossas tecnologias &#8211; freq\u00fcentemente por meio de combina\u00e7\u00f5es &#8211; em uma variedade infinita de necessidades dos nossos clientes. Obviamente, tudo isso \u00e9 poss\u00edvel devido \u00e0s pessoas da 3M e ao seu compromisso \u00fanico de tornar a vida das pessoas mais f\u00e1cil e melhor no mundo todo.<\/p>\n","protected":false},"excerpt":{"rendered":"<p>Fita D\/Face F. Forte Ambiente Externo<\/p>\n<div class=\"MMM--hdg MMM--hdg_2 SNAPS--hdg_2 MMM--tabHeader\">Detalhes<\/div>\n<div class=\"tabContentContainer MMM--contentToggle-target MMM--isActive\">\n<div class=\"MMM--contentPadded MMM--accordionPanel\">\n<div class=\"MMM--grids\">\n<div class=\"MMM--grids-col MMM--grids-col_pdpMain\">\n<ul class=\"MMM--pdpList SNAPS--bullets\">\n<li>Fixa\u00e7\u00e3o permanente<\/li>\n<li>Aplica\u00e7\u00e3o f\u00e1cil e segura, sem perfurar as superf\u00edcies<\/li>\n<li>Fita indicada para fixar placas que \u00e9 altamente adapt\u00e1vel e resistente \u00e0s intemp\u00e9ries<\/li>\n<li>Resistente \u00e0s varia\u00e7\u00f5es de temperatura de calor e umidade<\/li>\n<li>Mede 24 mm x 1,5 m<\/li>\n<\/ul>\n<div class=\"MMM--site-bd\">\n<div id=\"pageContent\" class=\"MMM--grids\">\n<div class=\"MMM--grids\">\n<div class=\"component-container MMM--grids-col MMM--grids-col_single ibmDndColumn id-Z7_U00M8B1A0GU4A0AQ745QPD0AC5\">\n<div class=\"component-control id-Z7_U00M8B1A0GU4A0AQ745QPD0AC3\">\n<div>\n<div class=\"MMM--grids snaps--overflow\" data-pageid=\"H0002320028\" data-pagetype=\"Details\">\n<div class=\"MMM--grids-col MMM--grids-col_single\">\n<div class=\"MMM--contentWrapper SNAPS--contentWrapper\">\n<div class=\"MMM--contentWrapper-bd MMM--pageGap\">\n<div class=\"MMM--contentSection\">\n<div class=\"MMM--mainSection\">\n<div class=\"MMM--tabSection clearfix 2\" data-content=\"N100F1\">\n<div class=\"tabContentContainer MMM--contentToggle-target MMM--isActive\">\n<div class=\"MMM--contentPadded MMM--accordionPanel\">\n<div class=\"MMM--grids\">\n<div class=\"MMM--grids-col MMM--grids-col_pdpMain\">\n<h4 class=\"MMM--hdg MMM--pdpTabVr SNAPS--pdpTabVr\">Aplica\u00e7\u00f5es sugeridas<\/h4>\n<ul class=\"MMM--pdpList SNAPS--bullets\">\n<li>Ideal para utiliza\u00e7\u00e3o em ambientes externos<\/li>\n<li>Indicada para uso em paredes e concretos pintados, madeira, metais e vidros<\/li>\n<li>Usada para fixar placas, n\u00fameros, frisos de carro, objetos de decora\u00e7\u00e3o, entre outros<\/li>\n<\/ul>\n<p>Decore e d\u00ea forma ao que voc\u00ea quiser! Esta fita adesiva dupla face fixa forte da 3M (tamb\u00e9m conhecida como fita banana 3M) proporciona ades\u00e3o instant\u00e2nea com excelente capacidade de fixa\u00e7\u00e3o. Com qualidade industrial, ela pode ser utilizada em diversas superf\u00edcies, sendo mais r\u00e1pida, segura e vers\u00e1til do que parafusos e pregos. Devido a todas essas caracter\u00edsticas, essa fita fixa forte 3M ser\u00e1 a sua melhor aliada para qualquer tarefa. A Fita 3M Scotch\u00ae Fixa Forte \u00e9 dupla face e tem fixa\u00e7\u00e3o permanente. Indicada para uso em paredes e concretos pintados, madeira, metais e vidros, \u00e9 \u00f3tima para fixa\u00e7\u00e3o de placas, n\u00fameros e lumin\u00e1rias. Ela \u00e9 f\u00e1cil de tirar do rolo e de ser cortada, promovendo um uso amig\u00e1vel. Possui cor discreta e que n\u00e3o amarela com o passar do tempo. A fita ainda \u00e9 resistente \u00e0s varia\u00e7\u00f5es de temperatura de calor e umidade. Simples e segura, mede 24 mm x 1,5 m. Para aplicar a fita, limpe com \u00e1lcool l\u00edquido a superf\u00edcie do objeto e da parede. Espere 10 minutos e me\u00e7a a quantidade de fita necess\u00e1ria (utilizar a r\u00e9gua projetada na pr\u00f3pria embalagem). Aplique a fita no objeto e pressione por 30 segundos. Espere 20 minutos e pronto! Voc\u00ea j\u00e1 pode aplicar o objeto na parede. Para remover o objeto, passe um fio de nylon (linha de pesca) por tr\u00e1s do objeto para cortar a fita. Depois, raspe o res\u00edduo cuidadosamente de ambas as superf\u00edcies. Aten\u00e7\u00e3o! Este produto pode deixar res\u00edduos permanentes.<\/p>\n<\/div>\n<\/div>\n<\/div>\n<\/div>\n<\/div>\n<\/div>\n<\/div>\n<\/div>\n<\/div>\n<\/div>\n<\/div>\n<\/div>\n<\/div>\n<\/div>\n<\/div>\n<\/div>\n<\/div>\n<p class=\"SNAPS--pdpTabDes\">A Fita 3M Scotch\u00ae Fixa Forte pode ser usada para fixar placas, n\u00fameros, frisos de carro, objetos de decora\u00e7\u00e3o, entre outros. Ideal para ambientes externos, sua aplica\u00e7\u00e3o \u00e9 f\u00e1cil e segura, evitando o trabalho de perfura\u00e7\u00e3o de superf\u00edcies.<\/p>\n<\/div>\n<\/div>\n<\/div>\n<\/div>\n","protected":false},"featured_media":1080,"comment_status":"open","ping_status":"closed","template":"","meta":[],"product_cat":[192,1856],"product_tag":[611],"_links":{"self":[{"href":"https:\/\/trenaferragens.com.br\/index.php?rest_route=\/wp\/v2\/product\/4058"}],"collection":[{"href":"https:\/\/trenaferragens.com.br\/index.php?rest_route=\/wp\/v2\/product"}],"about":[{"href":"https:\/\/trenaferragens.com.br\/index.php?rest_route=\/wp\/v2\/types\/product"}],"replies":[{"embeddable":true,"href":"https:\/\/trenaferragens.com.br\/index.php?rest_route=%2Fwp%2Fv2%2Fcomments&post=4058"}],"wp:featuredmedia":[{"embeddable":true,"href":"https:\/\/trenaferragens.com.br\/index.php?rest_route=\/wp\/v2\/media\/1080"}],"wp:attachment":[{"href":"https:\/\/trenaferragens.com.br\/index.php?rest_route=%2Fwp%2Fv2%2Fmedia&parent=4058"}],"wp:term":[{"taxonomy":"product_cat","embeddable":true,"href":"https:\/\/trenaferragens.com.br\/index.php?rest_route=%2Fwp%2Fv2%2Fproduct_cat&post=4058"},{"taxonomy":"product_tag","embeddable":true,"href":"https:\/\/trenaferragens.com.br\/index.php?rest_route=%2Fwp%2Fv2%2Fproduct_tag&post=4058"}],"curies":[{"name":"wp","href":"https:\/\/api.w.org\/{rel}","templated":true}]}}