{"id":4063,"date":"2018-08-01T15:25:17","date_gmt":"2018-08-01T15:25:17","guid":{"rendered":"http:\/\/trenaferragens1.hospedagemdesites.ws\/produto\/import-placeholder-for-5410\/"},"modified":"2020-01-27T19:49:22","modified_gmt":"2020-01-27T19:49:22","slug":"parafuso-p-louca-esteves-par-b10","status":"publish","type":"product","link":"https:\/\/trenaferragens.com.br\/?product=parafuso-p-louca-esteves-par-b10","title":{"rendered":"Parafuso P\/Lou\u00e7a Esteves (PAR) B10"},"content":{"rendered":"<p>Parafuso P\/Lou\u00e7a Esteves (PAR) B10<\/p>\n<p>ESTEVES<\/p>\n<p>Quando foi fundada, em 1956, a Esteves Metais marcou mais do que o in\u00edcio das atividades da empresa.Foi tamb\u00e9m a realiza\u00e7\u00e3o de um ideal comum entre tr\u00eas amigos e o ponto inicial da hist\u00f3ria de sucesso de uma pequena metal\u00fargica \u2013 fabricante de pe\u00e7as usinadas e fundidas para eletrodom\u00e9sticos \u2013 que se transformou numa das principais ind\u00fastrias de produtos sanit\u00e1rios, de metal e pl\u00e1stico, destinados \u00e0s instala\u00e7\u00f5es hidr\u00e1ulicas para constru\u00e7\u00e3o civil.Na \u00e9poca, os s\u00f3cios fundadores da empresa eram colegas de trabalho numa f\u00e1brica de fog\u00f5es: um era mestre de fundi\u00e7\u00e3o, o outro ferramenteiro, e o terceiro, fundidor. O sonho de trabalhar por conta pr\u00f3pria os uniu na cria\u00e7\u00e3o da Ribeiro &#038; Esteves, localizada no bairro da Mo\u00f3ca, na capital paulista. Com a mudan\u00e7a na constitui\u00e7\u00e3o acion\u00e1ria alguns anos depois, a empresa adotou o nome Esteves Metais, que se mant\u00e9m at\u00e9 hoje.As dificuldades ao longo destas seis d\u00e9cadas foram muitas, mas aos poucos, com investimentos, determina\u00e7\u00e3o e capacita\u00e7\u00e3o t\u00e9cnica, o aumento significativo do n\u00famero de clientes e o crescimento da produ\u00e7\u00e3o permitiram a expans\u00e3o da empresa.<\/p>\n<p>Hoje, a Esteves Metais conta ainda com a Estevesflex, transformadora de pl\u00e1sticos e fornecedora exclusiva da companhia.<\/p>\n","protected":false},"excerpt":{"rendered":"<p>Parafuso P\/Lou\u00e7a Esteves (PAR) B10<\/p>\n","protected":false},"featured_media":1085,"comment_status":"open","ping_status":"closed","template":"","meta":[],"product_cat":[310,168],"product_tag":[616],"_links":{"self":[{"href":"https:\/\/trenaferragens.com.br\/index.php?rest_route=\/wp\/v2\/product\/4063"}],"collection":[{"href":"https:\/\/trenaferragens.com.br\/index.php?rest_route=\/wp\/v2\/product"}],"about":[{"href":"https:\/\/trenaferragens.com.br\/index.php?rest_route=\/wp\/v2\/types\/product"}],"replies":[{"embeddable":true,"href":"https:\/\/trenaferragens.com.br\/index.php?rest_route=%2Fwp%2Fv2%2Fcomments&post=4063"}],"wp:featuredmedia":[{"embeddable":true,"href":"https:\/\/trenaferragens.com.br\/index.php?rest_route=\/wp\/v2\/media\/1085"}],"wp:attachment":[{"href":"https:\/\/trenaferragens.com.br\/index.php?rest_route=%2Fwp%2Fv2%2Fmedia&parent=4063"}],"wp:term":[{"taxonomy":"product_cat","embeddable":true,"href":"https:\/\/trenaferragens.com.br\/index.php?rest_route=%2Fwp%2Fv2%2Fproduct_cat&post=4063"},{"taxonomy":"product_tag","embeddable":true,"href":"https:\/\/trenaferragens.com.br\/index.php?rest_route=%2Fwp%2Fv2%2Fproduct_tag&post=4063"}],"curies":[{"name":"wp","href":"https:\/\/api.w.org\/{rel}","templated":true}]}}