{"id":4074,"date":"2018-08-01T15:25:47","date_gmt":"2018-08-01T15:25:47","guid":{"rendered":"http:\/\/trenaferragens1.hospedagemdesites.ws\/produto\/import-placeholder-for-5433\/"},"modified":"2018-08-01T15:26:11","modified_gmt":"2018-08-01T15:26:11","slug":"tubo-de-ligacao-p-vaso-ajustavel","status":"publish","type":"product","link":"https:\/\/trenaferragens.com.br\/?product=tubo-de-ligacao-p-vaso-ajustavel","title":{"rendered":"Tubo de Liga\u00e7\u00e3o P\/Vaso Ajust\u00e1vel"},"content":{"rendered":"<p>Tubo de Liga\u00e7\u00e3o P\/Vaso Ajust\u00e1vel<\/p>\n","protected":false},"excerpt":{"rendered":"<p>Tubo de Liga\u00e7\u00e3o P\/Vaso Ajust\u00e1vel<\/p>\n","protected":false},"featured_media":1115,"comment_status":"open","ping_status":"closed","template":"","meta":[],"product_cat":[310,168],"product_tag":[627],"_links":{"self":[{"href":"https:\/\/trenaferragens.com.br\/index.php?rest_route=\/wp\/v2\/product\/4074"}],"collection":[{"href":"https:\/\/trenaferragens.com.br\/index.php?rest_route=\/wp\/v2\/product"}],"about":[{"href":"https:\/\/trenaferragens.com.br\/index.php?rest_route=\/wp\/v2\/types\/product"}],"replies":[{"embeddable":true,"href":"https:\/\/trenaferragens.com.br\/index.php?rest_route=%2Fwp%2Fv2%2Fcomments&post=4074"}],"wp:featuredmedia":[{"embeddable":true,"href":"https:\/\/trenaferragens.com.br\/index.php?rest_route=\/wp\/v2\/media\/1115"}],"wp:attachment":[{"href":"https:\/\/trenaferragens.com.br\/index.php?rest_route=%2Fwp%2Fv2%2Fmedia&parent=4074"}],"wp:term":[{"taxonomy":"product_cat","embeddable":true,"href":"https:\/\/trenaferragens.com.br\/index.php?rest_route=%2Fwp%2Fv2%2Fproduct_cat&post=4074"},{"taxonomy":"product_tag","embeddable":true,"href":"https:\/\/trenaferragens.com.br\/index.php?rest_route=%2Fwp%2Fv2%2Fproduct_tag&post=4074"}],"curies":[{"name":"wp","href":"https:\/\/api.w.org\/{rel}","templated":true}]}}